{"id":201199,"date":"2025-03-20T15:15:03","date_gmt":"2025-03-20T15:15:03","guid":{"rendered":"https:\/\/aromasentia.com\/product\/jasmine-absolute-50ml-essential-oil\/"},"modified":"2025-06-22T03:35:10","modified_gmt":"2025-06-22T03:35:10","slug":"jasmin-absolute-aeterisk-olie-50ml","status":"publish","type":"product","link":"https:\/\/aromasentia.com\/da\/jasmin-absolute-aeterisk-olie-50ml\/","title":{"rendered":"Jasmin Absolute \u00c6terisk Olie 50ml"},"content":{"rendered":"<p><strong>Latinsk navn: Jasminum Officinale<br \/>Brugt del af blomsten: Blomst<br \/>Kilde: Indien<br \/>Ekstraktionsmetode: Dampdestillation<\/strong><\/p>\n<p>Jasmin er en delikat, stedsegr\u00f8n klatrende plante, der stammer fra Kina og Indien med sm\u00e5, hvide, stjerneformede blomster, som plukkes om natten, n\u00e5r deres duft er mest kraftfuld. Jasmin \u00e6terisk olie har en s\u00f8d, eksotisk og rig blomsteragtig duft. Den er dyr, da destillationen er mere omfattende end for de fleste olier, og den bruges til at slappe dybt af, l\u00f8fte depression og \u00f8ge selvtilliden.<\/p>\n<p>Denne olie siges at berolige nerverne og skabe en f\u00f8lelse af selvtillid og optimisme, samtidig med at den genopretter energi. Den reducerer f\u00f8dselstiden ved at styrke veer og lindre smerter. Den menes at lindre impotens, frigiditet og for tidlig s\u00e6dafgang p\u00e5 grund af dens lindrende og beroligende egenskaber. Den hj\u00e6lper mod hoste og laryngitis og er ogs\u00e5 nyttig i en massageolie til at lindre muskelsmerter, forstuvninger og stive lemmer. Jasmin \u00e6terisk olie toner t\u00f8r, fedtet eller sensitiv hud, \u00f8ger elasticiteten og siges at reducere str\u00e6km\u00e6rker og ardannelse.<\/p>\n<p>Jasmin b\u00e6res ofte i h\u00e5ret af indiske kvinder og er ogs\u00e5 en af de vigtigste blomster i bryllupsgirlander. If\u00f8lge en myte afviste solguden Surya en prinsesses k\u00e6rlighed, og hun var s\u00e5 knust, at hun begik selvmord. Fra hendes aske, der var spredt p\u00e5 jorden, voksede en jasminplante. Da solguden for\u00e5rsagede hende s\u00e5 meget smerte, blomstrede jasminblomsten kun og frigav sin duft om natten.<\/p>\n","protected":false},"excerpt":{"rendered":"<p>Latinsk navn: Jasminum OfficinaleBrugt del af blomsten: BlomstKilde: IndienEkstraktionsmetode: Dampdestillation Jasmin er en delikat, stedsegr\u00f8n klatrende plante, der stammer fra Kina og Indien med sm\u00e5, hvide, stjerneformede blomster, som plukkes om natten, n\u00e5r deres duft er mest kraftfuld. Jasmin \u00e6terisk olie har en s\u00f8d, eksotisk og rig blomsteragtig duft. Den er dyr, da destillationen er [&hellip;]<\/p>\n","protected":false},"featured_media":268267,"comment_status":"closed","ping_status":"open","template":"","meta":{"_angie_page":false},"product_brand":[27094],"product_cat":[7647,6153,26830,25839,25955],"product_tag":[],"class_list":{"0":"post-201199","1":"product","2":"type-product","3":"status-publish","4":"has-post-thumbnail","6":"product_brand-ancient-wisdom","7":"product_cat-aeteriske-olier","8":"product_cat-aromaterapi-og-rumdufte","9":"product_cat-blomster","10":"product_cat-dufte-aromaer","11":"product_cat-jasmin","12":"pa_collection-50ml-essential-oil-da","13":"pa_made-in-indien","14":"pa_size-50ml","16":"first","17":"instock","18":"purchasable","19":"product-type-simple"},"supplier_id":null,"supplier_sku":"PrEO-26","barcode":null,"atum_controlled":true,"out_stock_date":null,"out_stock_threshold":null,"inheritable":false,"inbound_stock":0,"stock_on_hold":0,"sold_today":0,"sales_last_days":0,"reserved_stock":0,"customer_returns":0,"warehouse_damage":0,"lost_in_post":0,"other_logs":0,"out_stock_days":0,"lost_sales":0,"has_location":false,"update_date":"2026-05-08T05:16:51","atum_locations":[],"atum_stock_status":"instock","restock_status":false,"low_stock_amount":"","sales_update_date":"2025-09-05T00:18:04","calc_backorders":null,"_links":{"self":[{"href":"https:\/\/aromasentia.com\/da\/wp-json\/wp\/v2\/product\/201199","targetHints":{"allow":["GET"]}}],"collection":[{"href":"https:\/\/aromasentia.com\/da\/wp-json\/wp\/v2\/product"}],"about":[{"href":"https:\/\/aromasentia.com\/da\/wp-json\/wp\/v2\/types\/product"}],"replies":[{"embeddable":true,"href":"https:\/\/aromasentia.com\/da\/wp-json\/wp\/v2\/comments?post=201199"}],"version-history":[{"count":0,"href":"https:\/\/aromasentia.com\/da\/wp-json\/wp\/v2\/product\/201199\/revisions"}],"wp:featuredmedia":[{"embeddable":true,"href":"https:\/\/aromasentia.com\/da\/wp-json\/wp\/v2\/media\/268267"}],"wp:attachment":[{"href":"https:\/\/aromasentia.com\/da\/wp-json\/wp\/v2\/media?parent=201199"}],"wp:term":[{"taxonomy":"product_brand","embeddable":true,"href":"https:\/\/aromasentia.com\/da\/wp-json\/wp\/v2\/product_brand?post=201199"},{"taxonomy":"product_cat","embeddable":true,"href":"https:\/\/aromasentia.com\/da\/wp-json\/wp\/v2\/product_cat?post=201199"},{"taxonomy":"product_tag","embeddable":true,"href":"https:\/\/aromasentia.com\/da\/wp-json\/wp\/v2\/product_tag?post=201199"}],"curies":[{"name":"wp","href":"https:\/\/api.w.org\/{rel}","templated":true}]}}