{"id":201198,"date":"2025-03-20T15:15:26","date_gmt":"2025-03-20T15:15:26","guid":{"rendered":"https:\/\/aromasentia.com\/product\/dill-seed-50ml-essential-oil\/"},"modified":"2025-06-22T03:35:10","modified_gmt":"2025-06-22T03:35:10","slug":"dildfroe-aeterisk-olie-50ml","status":"publish","type":"product","link":"https:\/\/aromasentia.com\/da\/dildfroe-aeterisk-olie-50ml\/","title":{"rendered":"Dildfr\u00f8 \u00c6terisk Olie 50ml"},"content":{"rendered":"<p><strong>Latinsk navn: Anethum Graveolens<br \/>Anvendt del af platan: Fr\u00f8<br \/>Kilde: Ungarn<br \/>Ekstraktionsmetode: Dampdestillation<\/strong><\/p>\n<p>Fra at styrke immunforsvaret til at lindre muskelkramper er fordelene ved <strong>dildfr\u00f8olie<\/strong> talrige.<\/p>\n<p>Kramper kan v\u00e6re meget irriterende og i ekstreme tilf\u00e6lde endda v\u00e6re fatale. Kramper er tilf\u00e6lde af u\u00f8nskede og unormale sammentr\u00e6kninger, enten i luftvejene, tarmene, musklerne eller nerverne. S\u00e5danne anfald af krampe kan lindres ved hj\u00e6lp af dildolie. Den har en afslappende effekt p\u00e5 nerver, muskler, tarme og luftvejene og lindrer krampeanfald og giver hurtig lindring.<\/p>\n<p>Dildolie er ogs\u00e5 kendt for sine desinficerende egenskaber. Den kan bruges i fortyndet form til p\u00e5f\u00f8ring i hovedbunden for at beskytte h\u00e5ret mod forskellige infektioner og endda lus.<\/p>\n<p>Dildolie er mavesyregivende, hvilket betyder, at det er et middel, der fungerer som et tonic for at holde maven sund, tonet og fungerende korrekt. Den holder maven i god form, regulerer udskillelsen af ford\u00f8jelsessafter og galde i den, beskytter den mod infektioner og hj\u00e6lper ogs\u00e5 med helingsprocessen af s\u00e5r eller s\u00e5r, hvis nogen, i maven.<\/p>\n","protected":false},"excerpt":{"rendered":"<p>Latinsk navn: Anethum GraveolensAnvendt del af platan: Fr\u00f8Kilde: UngarnEkstraktionsmetode: Dampdestillation Fra at styrke immunforsvaret til at lindre muskelkramper er fordelene ved dildfr\u00f8olie talrige. Kramper kan v\u00e6re meget irriterende og i ekstreme tilf\u00e6lde endda v\u00e6re fatale. Kramper er tilf\u00e6lde af u\u00f8nskede og unormale sammentr\u00e6kninger, enten i luftvejene, tarmene, musklerne eller nerverne. S\u00e5danne anfald af krampe kan [&hellip;]<\/p>\n","protected":false},"featured_media":268492,"comment_status":"closed","ping_status":"open","template":"","meta":{"_angie_page":false},"product_brand":[27094],"product_cat":[7647,6153,25943,25839,26858],"product_tag":[],"class_list":{"0":"post-201198","1":"product","2":"type-product","3":"status-publish","4":"has-post-thumbnail","6":"product_brand-ancient-wisdom","7":"product_cat-aeteriske-olier","8":"product_cat-aromaterapi-og-rumdufte","9":"product_cat-dildfro","10":"product_cat-dufte-aromaer","11":"product_cat-urte-aromatisk","12":"pa_collection-50ml-essential-oil-da","13":"pa_made-in-ungarn","14":"pa_size-50ml","16":"first","17":"instock","18":"purchasable","19":"product-type-simple"},"supplier_id":null,"supplier_sku":"PrEO-58","barcode":null,"atum_controlled":true,"out_stock_date":null,"out_stock_threshold":null,"inheritable":false,"inbound_stock":null,"stock_on_hold":0,"sold_today":0,"sales_last_days":0,"reserved_stock":null,"customer_returns":null,"warehouse_damage":null,"lost_in_post":null,"other_logs":null,"out_stock_days":0,"lost_sales":0,"has_location":null,"update_date":"2026-04-27T07:18:30","atum_locations":[],"atum_stock_status":"instock","restock_status":false,"low_stock_amount":"","sales_update_date":"2026-01-30T01:24:27","calc_backorders":null,"_links":{"self":[{"href":"https:\/\/aromasentia.com\/da\/wp-json\/wp\/v2\/product\/201198","targetHints":{"allow":["GET"]}}],"collection":[{"href":"https:\/\/aromasentia.com\/da\/wp-json\/wp\/v2\/product"}],"about":[{"href":"https:\/\/aromasentia.com\/da\/wp-json\/wp\/v2\/types\/product"}],"replies":[{"embeddable":true,"href":"https:\/\/aromasentia.com\/da\/wp-json\/wp\/v2\/comments?post=201198"}],"version-history":[{"count":0,"href":"https:\/\/aromasentia.com\/da\/wp-json\/wp\/v2\/product\/201198\/revisions"}],"wp:featuredmedia":[{"embeddable":true,"href":"https:\/\/aromasentia.com\/da\/wp-json\/wp\/v2\/media\/268492"}],"wp:attachment":[{"href":"https:\/\/aromasentia.com\/da\/wp-json\/wp\/v2\/media?parent=201198"}],"wp:term":[{"taxonomy":"product_brand","embeddable":true,"href":"https:\/\/aromasentia.com\/da\/wp-json\/wp\/v2\/product_brand?post=201198"},{"taxonomy":"product_cat","embeddable":true,"href":"https:\/\/aromasentia.com\/da\/wp-json\/wp\/v2\/product_cat?post=201198"},{"taxonomy":"product_tag","embeddable":true,"href":"https:\/\/aromasentia.com\/da\/wp-json\/wp\/v2\/product_tag?post=201198"}],"curies":[{"name":"wp","href":"https:\/\/api.w.org\/{rel}","templated":true}]}}