{"id":201196,"date":"2025-03-20T15:15:26","date_gmt":"2025-03-20T15:15:26","guid":{"rendered":"https:\/\/aromasentia.com\/product\/cajaput-50ml-essential-oil\/"},"modified":"2025-06-22T03:35:09","modified_gmt":"2025-06-22T03:35:09","slug":"cajaput-aeterisk-olie-50ml","status":"publish","type":"product","link":"https:\/\/aromasentia.com\/da\/cajaput-aeterisk-olie-50ml\/","title":{"rendered":"Cajaput \u00c6terisk Olie 50ml"},"content":{"rendered":"<p><strong>Latinsk navn: Melaleuca Cajuputi<br \/>Anvendt plantedel: Blade og kviste<br \/>Kilde: Indonesien<br \/>Ekstraktionsmetode: Dampdestillation<\/strong><\/p>\n<p><strong>Cajeput \u00e6terisk olie<\/strong> bruges til at behandle fork\u00f8lelse, hovedpine og tandpine. Den er meget effektiv til at bek\u00e6mpe infektioner fra bakterier, virus og svampe, s\u00e5som stivkrampe (bakterier), influenza (virus) og infektionssygdomme som kolera og tyfus.<\/p>\n<p>Cajuputolie er meget effektiv til at dr\u00e6be og fordrive insekter. Dens insekticide egenskaber er s\u00e5 st\u00e6rke, at dens fortyndede opl\u00f8sning kan spr\u00f8jtes eller fordampes ved hj\u00e6lp af en fordamper for at fordrive myg, myrer og mange andre typer skadedyr fra rummene. En fortyndet opl\u00f8sning af cajuputolie kan ogs\u00e5 gnides p\u00e5 kroppen for at holde insekter v\u00e6k.<\/p>\n<p>Ligesom eukalyptusolie er cajuputolie ogs\u00e5 et ekspert middel mod tilstoppethed og sliml\u00f8snende middel. Da det er et dekongestant middel, giver det \u00f8jeblikkelig lindring af tilstoppet n\u00e6se, hals og andre \u00e5ndedr\u00e6tsorganer samt af hoste, infektioner og deraf f\u00f8lgende bet\u00e6ndelse i halsen.<\/p>\n<p>Det er smertestillende, hvilket betyder, at det reducerer smertefornemmelser. N\u00e5r det p\u00e5f\u00f8res lokalt, f.eks. p\u00e5 en inficeret tand i tilf\u00e6lde af tandpine eller gnides p\u00e5 panden i tilf\u00e6lde af hovedpine. P\u00e5f\u00f8r kun i st\u00e6rkt fortyndede opl\u00f8sninger.<\/p>\n","protected":false},"excerpt":{"rendered":"<p>Latinsk navn: Melaleuca CajuputiAnvendt plantedel: Blade og kvisteKilde: IndonesienEkstraktionsmetode: Dampdestillation Cajeput \u00e6terisk olie bruges til at behandle fork\u00f8lelse, hovedpine og tandpine. Den er meget effektiv til at bek\u00e6mpe infektioner fra bakterier, virus og svampe, s\u00e5som stivkrampe (bakterier), influenza (virus) og infektionssygdomme som kolera og tyfus. Cajuputolie er meget effektiv til at dr\u00e6be og fordrive insekter. [&hellip;]<\/p>\n","protected":false},"featured_media":268474,"comment_status":"closed","ping_status":"open","template":"","meta":[],"product_brand":[27094],"product_cat":[7647,6153],"product_tag":[],"class_list":{"0":"post-201196","1":"product","2":"type-product","3":"status-publish","4":"has-post-thumbnail","6":"product_brand-ancient-wisdom","7":"product_cat-aeteriske-olier","8":"product_cat-aromaterapi-og-rumdufte","9":"pa_collection-50ml-essential-oil-da","10":"pa_made-in-indonesien","11":"pa_size-50ml","13":"first","14":"instock","15":"purchasable","16":"product-type-simple"},"supplier_id":null,"supplier_sku":"PrEO-56","barcode":null,"atum_controlled":true,"out_stock_date":null,"out_stock_threshold":null,"inheritable":false,"inbound_stock":null,"stock_on_hold":0,"sold_today":0,"sales_last_days":0,"reserved_stock":null,"customer_returns":null,"warehouse_damage":null,"lost_in_post":null,"other_logs":null,"out_stock_days":0,"lost_sales":0,"has_location":null,"update_date":"2026-02-06T00:00:43","atum_locations":[],"atum_stock_status":"instock","restock_status":false,"low_stock_amount":"","sales_update_date":"2026-02-06T00:00:43","calc_backorders":null,"_links":{"self":[{"href":"https:\/\/aromasentia.com\/da\/wp-json\/wp\/v2\/product\/201196","targetHints":{"allow":["GET"]}}],"collection":[{"href":"https:\/\/aromasentia.com\/da\/wp-json\/wp\/v2\/product"}],"about":[{"href":"https:\/\/aromasentia.com\/da\/wp-json\/wp\/v2\/types\/product"}],"replies":[{"embeddable":true,"href":"https:\/\/aromasentia.com\/da\/wp-json\/wp\/v2\/comments?post=201196"}],"version-history":[{"count":0,"href":"https:\/\/aromasentia.com\/da\/wp-json\/wp\/v2\/product\/201196\/revisions"}],"wp:featuredmedia":[{"embeddable":true,"href":"https:\/\/aromasentia.com\/da\/wp-json\/wp\/v2\/media\/268474"}],"wp:attachment":[{"href":"https:\/\/aromasentia.com\/da\/wp-json\/wp\/v2\/media?parent=201196"}],"wp:term":[{"taxonomy":"product_brand","embeddable":true,"href":"https:\/\/aromasentia.com\/da\/wp-json\/wp\/v2\/product_brand?post=201196"},{"taxonomy":"product_cat","embeddable":true,"href":"https:\/\/aromasentia.com\/da\/wp-json\/wp\/v2\/product_cat?post=201196"},{"taxonomy":"product_tag","embeddable":true,"href":"https:\/\/aromasentia.com\/da\/wp-json\/wp\/v2\/product_tag?post=201196"}],"curies":[{"name":"wp","href":"https:\/\/api.w.org\/{rel}","templated":true}]}}