{"id":201192,"date":"2025-03-20T15:15:26","date_gmt":"2025-03-20T15:15:26","guid":{"rendered":"https:\/\/aromasentia.com\/product\/hyssop-50ml-essential-oil\/"},"modified":"2025-06-22T03:35:07","modified_gmt":"2025-06-22T03:35:07","slug":"hyssop-aeterisk-olie-50ml","status":"publish","type":"product","link":"https:\/\/aromasentia.com\/da\/hyssop-aeterisk-olie-50ml\/","title":{"rendered":"Hyssop \u00c6terisk Olie 50ml"},"content":{"rendered":"<p><strong>Latinsk navn: Hyssopus Officinalis<br \/>Anvendt plantedel: Blade og blomstrende toppe<br \/>Kilde: Slovenien<br \/>Ekstraktionsmetode: Dampdestillation<\/strong><\/p>\n<p>Den \u00e6teriske olie af isop ekstraheres ved hj\u00e6lp af dampdestillation af blade og blomster fra en busk kaldet isop. De sundhedsm\u00e6ssige fordele ved denne \u00e6teriske olie kan tilskrives dens egenskaber som et astringerende, stimulerende, antispasmodisk, antireumatisk, antiseptisk, karminativt, ardannelsesmiddel, ford\u00f8jelsesmiddel, vanddrivende middel, emmenagogemiddel, sliml\u00f8sende middel, hypertensive middel, nerv\u00f8st, sukkerstillende middel, styrkende middel, feberneds\u00e6ttende middel, ormedr\u00e6bende middel og s\u00e5rbart middel.<\/p>\n<p>Da det er et antispasmodisk middel, giver <strong>isop \u00e6terisk olie<\/strong>lindring af spasmer i luftvejene og kurerer dermed spasmodisk hoste. Den kurerer ogs\u00e5 spasmer i nervesystemet for at kurere kramper og relaterede problemer, samt reducerer muskelspasmer, hvilket kurerer kramper og spasmer i tarmene og giver lindring af akutte mavesmerter.<\/p>\n<p>Da isopolie forbedrer og fremmer blodcirkulationen, hj\u00e6lper den med at kurere sygdomme forbundet med d\u00e5rlig blodcirkulation, s\u00e5som gigt, gigt, gigt og h\u00e6velse.<\/p>\n<p>Denne olie letter ford\u00f8jelsen. Som et stimulerende middel stimulerer den udskillelsen af mavesafter som syrer, enzymer og galde i maven, hvilket fremskynder nedbrydningen af komplekse proteiner, kulhydrater og andre n\u00e6ringsstoffer.<\/p>\n","protected":false},"excerpt":{"rendered":"<p>Latinsk navn: Hyssopus OfficinalisAnvendt plantedel: Blade og blomstrende toppeKilde: SlovenienEkstraktionsmetode: Dampdestillation Den \u00e6teriske olie af isop ekstraheres ved hj\u00e6lp af dampdestillation af blade og blomster fra en busk kaldet isop. De sundhedsm\u00e6ssige fordele ved denne \u00e6teriske olie kan tilskrives dens egenskaber som et astringerende, stimulerende, antispasmodisk, antireumatisk, antiseptisk, karminativt, ardannelsesmiddel, ford\u00f8jelsesmiddel, vanddrivende middel, emmenagogemiddel, sliml\u00f8sende [&hellip;]<\/p>\n","protected":false},"featured_media":268438,"comment_status":"closed","ping_status":"open","template":"","meta":{"_angie_page":false},"product_brand":[27094],"product_cat":[7647,6153,25839,25954,26858],"product_tag":[],"class_list":{"0":"post-201192","1":"product","2":"type-product","3":"status-publish","4":"has-post-thumbnail","6":"product_brand-ancient-wisdom","7":"product_cat-aeteriske-olier","8":"product_cat-aromaterapi-og-rumdufte","9":"product_cat-dufte-aromaer","10":"product_cat-isop","11":"product_cat-urte-aromatisk","12":"pa_collection-50ml-essential-oil-da","13":"pa_made-in-kroatien","14":"pa_size-50ml","16":"first","17":"instock","18":"purchasable","19":"product-type-simple"},"supplier_id":null,"supplier_sku":"PrEO-51","barcode":null,"atum_controlled":true,"out_stock_date":null,"out_stock_threshold":null,"inheritable":false,"inbound_stock":null,"stock_on_hold":0,"sold_today":0,"sales_last_days":0,"reserved_stock":null,"customer_returns":null,"warehouse_damage":null,"lost_in_post":null,"other_logs":null,"out_stock_days":0,"lost_sales":0,"has_location":null,"update_date":"2026-04-28T18:50:19","atum_locations":[],"atum_stock_status":"instock","restock_status":false,"low_stock_amount":"","sales_update_date":"2025-09-05T00:18:10","calc_backorders":null,"_links":{"self":[{"href":"https:\/\/aromasentia.com\/da\/wp-json\/wp\/v2\/product\/201192","targetHints":{"allow":["GET"]}}],"collection":[{"href":"https:\/\/aromasentia.com\/da\/wp-json\/wp\/v2\/product"}],"about":[{"href":"https:\/\/aromasentia.com\/da\/wp-json\/wp\/v2\/types\/product"}],"replies":[{"embeddable":true,"href":"https:\/\/aromasentia.com\/da\/wp-json\/wp\/v2\/comments?post=201192"}],"version-history":[{"count":0,"href":"https:\/\/aromasentia.com\/da\/wp-json\/wp\/v2\/product\/201192\/revisions"}],"wp:featuredmedia":[{"embeddable":true,"href":"https:\/\/aromasentia.com\/da\/wp-json\/wp\/v2\/media\/268438"}],"wp:attachment":[{"href":"https:\/\/aromasentia.com\/da\/wp-json\/wp\/v2\/media?parent=201192"}],"wp:term":[{"taxonomy":"product_brand","embeddable":true,"href":"https:\/\/aromasentia.com\/da\/wp-json\/wp\/v2\/product_brand?post=201192"},{"taxonomy":"product_cat","embeddable":true,"href":"https:\/\/aromasentia.com\/da\/wp-json\/wp\/v2\/product_cat?post=201192"},{"taxonomy":"product_tag","embeddable":true,"href":"https:\/\/aromasentia.com\/da\/wp-json\/wp\/v2\/product_tag?post=201192"}],"curies":[{"name":"wp","href":"https:\/\/api.w.org\/{rel}","templated":true}]}}