{"id":201191,"date":"2025-03-20T15:15:26","date_gmt":"2025-03-20T15:15:26","guid":{"rendered":"https:\/\/aromasentia.com\/product\/cedarwood-virginian-50ml-essential-oil\/"},"modified":"2025-06-22T03:35:07","modified_gmt":"2025-06-22T03:35:07","slug":"cedertrae-virginian-aeterisk-olie-50ml","status":"publish","type":"product","link":"https:\/\/aromasentia.com\/da\/cedertrae-virginian-aeterisk-olie-50ml\/","title":{"rendered":"Cedertr\u00e6 Virginian \u00c6terisk Olie 50ml"},"content":{"rendered":"<p><strong>Latinsk navn: Juniperus Virginiana<br \/>Anvendt plantedel: Tr\u00e6<br \/>Kilde: USA<br \/>Ekstraktionsmetode: Dampdestillation<\/strong><\/p>\n<p>Cedertr\u00e6 er dybest set en plante, der er hjemmeh\u00f8rende i kolde klimaer og normalt findes i store h\u00f8jder. De sundhedsm\u00e6ssige fordele ved \u00e6terisk cedertr\u00e6olie kan tilskrives dens egenskaber som et antiseboroisk, antiseptisk, antispasmodisk, tonisk, astringerende, diuretisk, emmenagoge, sliml\u00f8sende, insekticidt, beroligende og svampedr\u00e6bende stof.<\/p>\n<p>Cedertr\u00e6olie lindrer symptomer p\u00e5 seborr\u00e9. Seborr\u00e9 eller seboroisk eksem er en frygtelig sygdom for\u00e5rsaget af en funktionsfejl i talgkirtlerne. Dette resulterer i \u00f8get talgproduktion og efterf\u00f8lgende infektion af epidermiscellerne. Det ser meget grimt ud, da huden, der er farvet hvid eller lysegul, begynder at skalle af, is\u00e6r fra hovedbunden, \u00f8jenbrynene, det indre \u00f8re og andre steder med h\u00e5rs\u00e6kke. Cedertr\u00e6solie kan v\u00e6re gavnlig til at kurere denne inflammatoriske tilstand og kan reducere denne hudafskalning, regulere talgproduktionen og behandle infektionen. Olien reducerer ogs\u00e5 den grimme r\u00f8dme og tydelige tegn p\u00e5 tilstanden, samtidig med at den fjerner den.<\/p>\n<p>Cedertr\u00e6solie forhindrer s\u00e5r i at blive septiske samt beskytter dem mod stivkrampebakterier. Ved at forsvare kroppen mod toksiner, lindrer \u00e6terisk cedertr\u00e6solie de hvide blodlegemer og immunsystemet for den ekstra stress, hvilket giver dem mulighed for at beskytte de indre funktioner.<\/p>\n<p>Cedertr\u00e6solie kan bruges som en generel sundhedstonik, da den toner organsystemerne og stimulerer stofskiftet. Den strammer og toner musklerne i huden, maven, ford\u00f8jelsessystemet og regulerer hjernefunktioner. Den \u00f8ger nyrernes og leverens funktionalitet, hvilket yderligere forbedrer den generelle sundhed og velv\u00e6re.<\/p>\n","protected":false},"excerpt":{"rendered":"<p>Latinsk navn: Juniperus VirginianaAnvendt plantedel: Tr\u00e6Kilde: USAEkstraktionsmetode: Dampdestillation Cedertr\u00e6 er dybest set en plante, der er hjemmeh\u00f8rende i kolde klimaer og normalt findes i store h\u00f8jder. De sundhedsm\u00e6ssige fordele ved \u00e6terisk cedertr\u00e6olie kan tilskrives dens egenskaber som et antiseboroisk, antiseptisk, antispasmodisk, tonisk, astringerende, diuretisk, emmenagoge, sliml\u00f8sende, insekticidt, beroligende og svampedr\u00e6bende stof. Cedertr\u00e6olie lindrer symptomer p\u00e5 [&hellip;]<\/p>\n","protected":false},"featured_media":268429,"comment_status":"closed","ping_status":"open","template":"","meta":{"_angie_page":false},"product_brand":[27094],"product_cat":[7647,6153,25933,25839,26893],"product_tag":[],"class_list":{"0":"post-201191","1":"product","2":"type-product","3":"status-publish","4":"has-post-thumbnail","6":"product_brand-ancient-wisdom","7":"product_cat-aeteriske-olier","8":"product_cat-aromaterapi-og-rumdufte","9":"product_cat-cedertrae","10":"product_cat-dufte-aromaer","11":"product_cat-traeagtig","12":"pa_collection-50ml-essential-oil-da","13":"pa_made-in-usa","14":"pa_size-50ml","16":"first","17":"instock","18":"purchasable","19":"product-type-simple"},"supplier_id":null,"supplier_sku":"PrEO-50","barcode":null,"atum_controlled":true,"out_stock_date":null,"out_stock_threshold":null,"inheritable":false,"inbound_stock":null,"stock_on_hold":0,"sold_today":0,"sales_last_days":0,"reserved_stock":null,"customer_returns":null,"warehouse_damage":null,"lost_in_post":null,"other_logs":null,"out_stock_days":0,"lost_sales":0,"has_location":null,"update_date":"2026-04-27T07:18:26","atum_locations":[],"atum_stock_status":"instock","restock_status":false,"low_stock_amount":"","sales_update_date":"2025-09-05T00:18:10","calc_backorders":null,"_links":{"self":[{"href":"https:\/\/aromasentia.com\/da\/wp-json\/wp\/v2\/product\/201191","targetHints":{"allow":["GET"]}}],"collection":[{"href":"https:\/\/aromasentia.com\/da\/wp-json\/wp\/v2\/product"}],"about":[{"href":"https:\/\/aromasentia.com\/da\/wp-json\/wp\/v2\/types\/product"}],"replies":[{"embeddable":true,"href":"https:\/\/aromasentia.com\/da\/wp-json\/wp\/v2\/comments?post=201191"}],"version-history":[{"count":0,"href":"https:\/\/aromasentia.com\/da\/wp-json\/wp\/v2\/product\/201191\/revisions"}],"wp:featuredmedia":[{"embeddable":true,"href":"https:\/\/aromasentia.com\/da\/wp-json\/wp\/v2\/media\/268429"}],"wp:attachment":[{"href":"https:\/\/aromasentia.com\/da\/wp-json\/wp\/v2\/media?parent=201191"}],"wp:term":[{"taxonomy":"product_brand","embeddable":true,"href":"https:\/\/aromasentia.com\/da\/wp-json\/wp\/v2\/product_brand?post=201191"},{"taxonomy":"product_cat","embeddable":true,"href":"https:\/\/aromasentia.com\/da\/wp-json\/wp\/v2\/product_cat?post=201191"},{"taxonomy":"product_tag","embeddable":true,"href":"https:\/\/aromasentia.com\/da\/wp-json\/wp\/v2\/product_tag?post=201191"}],"curies":[{"name":"wp","href":"https:\/\/api.w.org\/{rel}","templated":true}]}}