{"id":201190,"date":"2025-03-20T15:15:26","date_gmt":"2025-03-20T15:15:26","guid":{"rendered":"https:\/\/aromasentia.com\/product\/sage-50ml-essential-oil\/"},"modified":"2025-06-22T03:35:07","modified_gmt":"2025-06-22T03:35:07","slug":"salvie-aeterisk-olie-50ml","status":"publish","type":"product","link":"https:\/\/aromasentia.com\/da\/salvie-aeterisk-olie-50ml\/","title":{"rendered":"Salvie \u00c6terisk Olie 50ml"},"content":{"rendered":"<p><strong>Latinsk navn: Salvia Officinalis<br \/>Anvendt plantedel: T\u00f8rrede blade<br \/>Kilde: Spanien<br \/>Ekstraktionsmetode: Dampdestillation<\/strong><\/p>\n<p>De sundhedsm\u00e6ssige fordele ved salvie \u00e6terisk olie kan tilskrives dens egenskaber som et svampedr\u00e6bende, antimikrobielt, antioxidant, antiseptisk, antiinflammatorisk, antispasmodisk, antibakterielt, kolagogisk og koleretisk, arrende, rensende, ford\u00f8jelses-, desinfektionsmiddel, emmenagoge, sliml\u00f8sende, feberneds\u00e6ttende, aff\u00f8ringsmiddel og et stimulerende stof.<\/p>\n<p>Tilstedev\u00e6relsen af kamfer og camphen i denne \u00e6teriske olie giver den en svampedr\u00e6bende egenskab. Denne olie er i stand til at h\u00e6mme svampeinfektioner, b\u00e5de internt og eksternt, og giver lindring af svampeinfektioner som dysenteri, hudsygdomme, fodsvamp eller dermatitis. Denne egenskab er en af \u00e5rsagerne til dens anvendelse i hudplejeprodukter.<\/p>\n<p><strong>Salvie \u00e6terisk olie<\/strong>hj\u00e6lper med ford\u00f8jelsen, beroliger maven og forbedrer hele ford\u00f8jelsessystemets funktion mod bet\u00e6ndelse for\u00e5rsaget af for store syrer. Den neutraliserer ogs\u00e5 syrer i maven og blodbanen, hvorved den lindrer surhed og acidose, hvilket igen beskytter os mod maves\u00e5r p\u00e5 grund af surhed, samt bylder, udsl\u00e6t og hudsygdomme, der opst\u00e5r, n\u00e5r syreniveauet stiger i blodet.<\/p>\n","protected":false},"excerpt":{"rendered":"<p>Latinsk navn: Salvia OfficinalisAnvendt plantedel: T\u00f8rrede bladeKilde: SpanienEkstraktionsmetode: Dampdestillation De sundhedsm\u00e6ssige fordele ved salvie \u00e6terisk olie kan tilskrives dens egenskaber som et svampedr\u00e6bende, antimikrobielt, antioxidant, antiseptisk, antiinflammatorisk, antispasmodisk, antibakterielt, kolagogisk og koleretisk, arrende, rensende, ford\u00f8jelses-, desinfektionsmiddel, emmenagoge, sliml\u00f8sende, feberneds\u00e6ttende, aff\u00f8ringsmiddel og et stimulerende stof. Tilstedev\u00e6relsen af kamfer og camphen i denne \u00e6teriske olie giver den [&hellip;]<\/p>\n","protected":false},"featured_media":268420,"comment_status":"closed","ping_status":"open","template":"","meta":{"_angie_page":false},"product_brand":[27094],"product_cat":[7647,6153,25839,25989,26858],"product_tag":[],"class_list":{"0":"post-201190","1":"product","2":"type-product","3":"status-publish","4":"has-post-thumbnail","6":"product_brand-ancient-wisdom","7":"product_cat-aeteriske-olier","8":"product_cat-aromaterapi-og-rumdufte","9":"product_cat-dufte-aromaer","10":"product_cat-salvie","11":"product_cat-urte-aromatisk","12":"pa_collection-50ml-essential-oil-da","13":"pa_made-in-spanien","14":"pa_size-50ml","16":"first","17":"instock","18":"purchasable","19":"product-type-simple"},"supplier_id":null,"supplier_sku":"PrEO-47","barcode":null,"atum_controlled":true,"out_stock_date":null,"out_stock_threshold":null,"inheritable":false,"inbound_stock":null,"stock_on_hold":0,"sold_today":0,"sales_last_days":0,"reserved_stock":null,"customer_returns":null,"warehouse_damage":null,"lost_in_post":null,"other_logs":null,"out_stock_days":0,"lost_sales":0,"has_location":null,"update_date":"2026-04-29T01:07:01","atum_locations":[],"atum_stock_status":"instock","restock_status":false,"low_stock_amount":"","sales_update_date":"2025-09-05T00:18:09","calc_backorders":null,"_links":{"self":[{"href":"https:\/\/aromasentia.com\/da\/wp-json\/wp\/v2\/product\/201190","targetHints":{"allow":["GET"]}}],"collection":[{"href":"https:\/\/aromasentia.com\/da\/wp-json\/wp\/v2\/product"}],"about":[{"href":"https:\/\/aromasentia.com\/da\/wp-json\/wp\/v2\/types\/product"}],"replies":[{"embeddable":true,"href":"https:\/\/aromasentia.com\/da\/wp-json\/wp\/v2\/comments?post=201190"}],"version-history":[{"count":0,"href":"https:\/\/aromasentia.com\/da\/wp-json\/wp\/v2\/product\/201190\/revisions"}],"wp:featuredmedia":[{"embeddable":true,"href":"https:\/\/aromasentia.com\/da\/wp-json\/wp\/v2\/media\/268420"}],"wp:attachment":[{"href":"https:\/\/aromasentia.com\/da\/wp-json\/wp\/v2\/media?parent=201190"}],"wp:term":[{"taxonomy":"product_brand","embeddable":true,"href":"https:\/\/aromasentia.com\/da\/wp-json\/wp\/v2\/product_brand?post=201190"},{"taxonomy":"product_cat","embeddable":true,"href":"https:\/\/aromasentia.com\/da\/wp-json\/wp\/v2\/product_cat?post=201190"},{"taxonomy":"product_tag","embeddable":true,"href":"https:\/\/aromasentia.com\/da\/wp-json\/wp\/v2\/product_tag?post=201190"}],"curies":[{"name":"wp","href":"https:\/\/api.w.org\/{rel}","templated":true}]}}