{"id":201186,"date":"2025-03-20T15:15:26","date_gmt":"2025-03-20T15:15:26","guid":{"rendered":"https:\/\/aromasentia.com\/product\/rose-dilute-50ml-essential-oil\/"},"modified":"2025-06-22T03:35:05","modified_gmt":"2025-06-22T03:35:05","slug":"rose-fortyndet-aeterisk-olie-50ml","status":"publish","type":"product","link":"https:\/\/aromasentia.com\/da\/rose-fortyndet-aeterisk-olie-50ml\/","title":{"rendered":"Rose Fortyndet \u00c6terisk Olie 50ml"},"content":{"rendered":"<p><span style=\"color: rgb(75, 80, 88);\"><strong>Latinsk navn:<\/strong> Rosa Centifolia<\/span><\/p>\n<p><span style=\"color: rgb(75, 80, 88);\"><strong>Anvendt plantedel:<\/strong>Kronblade<\/span><\/p>\n<p><span style=\"color: rgb(75, 80, 88);\"><strong>Kilde:<\/strong>Marokko<\/span><\/p>\n<p><span style=\"color: rgb(75, 80, 88);\"><strong>Ekstraktionsmetode:<\/strong> Opl\u00f8sningsmiddelekstrakt<\/span><\/p>\n<p><span style=\"color: rgb(75, 80, 88);\"><strong>5% fortynding i vindruekerneolie<\/strong><\/span><\/p>\n<p><span style=\"color: rgb(75, 80, 88);\">Engros fortyndet \u00e6terisk olie af roser er mere end bare en smuk blomsterduft. Den har adskillige terapeutiske egenskaber, der g\u00f8r den fantastisk i hudplejeprodukter. Den har adskillige terapeutiske egenskaber, herunder antidepressiv, antiseptisk, astringerende, beroligende og sl\u00f8vende. Rose Dilute Essential Oil er kendt for sine antidepressive midler. Den hj\u00e6lper med at \u00f8ge selvtilliden, mental sundhed og bek\u00e6mpe depression!<\/span><\/p>\n<p><span style=\"color: rgb(75, 80, 88);\">Det meste akne opst\u00e5r, n\u00e5r der er en overproduktion af talg i en persons porer, men \u00f8get bakterier spiller ogs\u00e5 en stor rolle i udviklingen af akne. Heldigvis har Rose Dilute Essential Oil adskillige egenskaber, der reducerer akne, herunder astringerende, antiviral og bakteriedr\u00e6bende.<\/span><\/p>\n<p><span style=\"color: rgb(75, 80, 88);\">NB: Vores \u00e6teriske olier er ikke egnede til indvortes brug.<\/span><\/p>\n","protected":false},"excerpt":{"rendered":"<p>Latinsk navn: Rosa Centifolia Anvendt plantedel:Kronblade Kilde:Marokko Ekstraktionsmetode: Opl\u00f8sningsmiddelekstrakt 5% fortynding i vindruekerneolie Engros fortyndet \u00e6terisk olie af roser er mere end bare en smuk blomsterduft. Den har adskillige terapeutiske egenskaber, der g\u00f8r den fantastisk i hudplejeprodukter. Den har adskillige terapeutiske egenskaber, herunder antidepressiv, antiseptisk, astringerende, beroligende og sl\u00f8vende. Rose Dilute Essential Oil er kendt [&hellip;]<\/p>\n","protected":false},"featured_media":268384,"comment_status":"closed","ping_status":"open","template":"","meta":{"_angie_page":false},"product_brand":[27094],"product_cat":[7647,6153,26830,25839,25984],"product_tag":[],"class_list":{"0":"post-201186","1":"product","2":"type-product","3":"status-publish","4":"has-post-thumbnail","6":"product_brand-ancient-wisdom","7":"product_cat-aeteriske-olier","8":"product_cat-aromaterapi-og-rumdufte","9":"product_cat-blomster","10":"product_cat-dufte-aromaer","11":"product_cat-rose","12":"pa_collection-50ml-essential-oil-da","13":"pa_made-in-storbritannien","14":"pa_size-50ml","16":"first","17":"instock","18":"purchasable","19":"product-type-simple"},"supplier_id":null,"supplier_sku":"PrEO-41","barcode":null,"atum_controlled":true,"out_stock_date":null,"out_stock_threshold":null,"inheritable":false,"inbound_stock":0,"stock_on_hold":0,"sold_today":0,"sales_last_days":0,"reserved_stock":0,"customer_returns":0,"warehouse_damage":0,"lost_in_post":0,"other_logs":0,"out_stock_days":0,"lost_sales":0,"has_location":false,"update_date":"2026-05-08T05:16:52","atum_locations":[],"atum_stock_status":"instock","restock_status":false,"low_stock_amount":"","sales_update_date":"2026-02-06T00:01:40","calc_backorders":null,"_links":{"self":[{"href":"https:\/\/aromasentia.com\/da\/wp-json\/wp\/v2\/product\/201186","targetHints":{"allow":["GET"]}}],"collection":[{"href":"https:\/\/aromasentia.com\/da\/wp-json\/wp\/v2\/product"}],"about":[{"href":"https:\/\/aromasentia.com\/da\/wp-json\/wp\/v2\/types\/product"}],"replies":[{"embeddable":true,"href":"https:\/\/aromasentia.com\/da\/wp-json\/wp\/v2\/comments?post=201186"}],"version-history":[{"count":0,"href":"https:\/\/aromasentia.com\/da\/wp-json\/wp\/v2\/product\/201186\/revisions"}],"wp:featuredmedia":[{"embeddable":true,"href":"https:\/\/aromasentia.com\/da\/wp-json\/wp\/v2\/media\/268384"}],"wp:attachment":[{"href":"https:\/\/aromasentia.com\/da\/wp-json\/wp\/v2\/media?parent=201186"}],"wp:term":[{"taxonomy":"product_brand","embeddable":true,"href":"https:\/\/aromasentia.com\/da\/wp-json\/wp\/v2\/product_brand?post=201186"},{"taxonomy":"product_cat","embeddable":true,"href":"https:\/\/aromasentia.com\/da\/wp-json\/wp\/v2\/product_cat?post=201186"},{"taxonomy":"product_tag","embeddable":true,"href":"https:\/\/aromasentia.com\/da\/wp-json\/wp\/v2\/product_tag?post=201186"}],"curies":[{"name":"wp","href":"https:\/\/api.w.org\/{rel}","templated":true}]}}