{"id":201183,"date":"2025-03-20T15:15:45","date_gmt":"2025-03-20T15:15:45","guid":{"rendered":"https:\/\/aromasentia.com\/product\/bay-leaf-50ml-essential-oil\/"},"modified":"2025-06-22T03:35:04","modified_gmt":"2025-06-22T03:35:04","slug":"laurbaerblad-aeterisk-olie-50ml","status":"publish","type":"product","link":"https:\/\/aromasentia.com\/da\/laurbaerblad-aeterisk-olie-50ml\/","title":{"rendered":"Laurb\u00e6rblad \u00c6terisk Olie 50ml"},"content":{"rendered":"<p><strong>Latinsk navn: Pimenta Racemosa<br \/>Anvendt plantedel: Blade<br \/>Kilde: Caribien<br \/>Ekstraktionsmetode: Dampdestillation<\/strong><\/p>\n<p>Vestindiske laurb\u00e6rblade er en anden plante, der er blevet v\u00e6rdsat for sine anvendelser inden for medicin og madlavning. Laurb\u00e6rblade er blevet brugt i forskellige typer madlavning og krydderier, og frugten er en af ingredienserne i All Spice.<\/p>\n<p>Laurb\u00e6rblad har l\u00e6nge v\u00e6ret brugt i h\u00e5rtonik, da det siges at v\u00e6re for hovedbunden samt at behandle selve h\u00e5ret og fremme v\u00e6kst. Det siges ogs\u00e5, at <strong>\u00c6terisk laurb\u00e6rbladsolie<\/strong> er god mod smerter, kredsl\u00f8b og gigt, samt at den er en hj\u00e6lp til immunsystemet i kampen mod sygdomme.<\/p>\n","protected":false},"excerpt":{"rendered":"<p>Latinsk navn: Pimenta RacemosaAnvendt plantedel: BladeKilde: CaribienEkstraktionsmetode: Dampdestillation Vestindiske laurb\u00e6rblade er en anden plante, der er blevet v\u00e6rdsat for sine anvendelser inden for medicin og madlavning. Laurb\u00e6rblade er blevet brugt i forskellige typer madlavning og krydderier, og frugten er en af ingredienserne i All Spice. Laurb\u00e6rblad har l\u00e6nge v\u00e6ret brugt i h\u00e5rtonik, da det siges [&hellip;]<\/p>\n","protected":false},"featured_media":268591,"comment_status":"closed","ping_status":"open","template":"","meta":{"_angie_page":false},"product_brand":[27094],"product_cat":[7647,6153,25839,25926,26858],"product_tag":[],"class_list":{"0":"post-201183","1":"product","2":"type-product","3":"status-publish","4":"has-post-thumbnail","6":"product_brand-ancient-wisdom","7":"product_cat-aeteriske-olier","8":"product_cat-aromaterapi-og-rumdufte","9":"product_cat-dufte-aromaer","10":"product_cat-laurbaerblad","11":"product_cat-urte-aromatisk","12":"pa_collection-50ml-essential-oil-da","13":"pa_made-in-caribisk-nederlandene","14":"pa_size-50ml","16":"first","17":"instock","18":"purchasable","19":"product-type-simple"},"supplier_id":null,"supplier_sku":"PrEO-73","barcode":null,"atum_controlled":true,"out_stock_date":null,"out_stock_threshold":null,"inheritable":false,"inbound_stock":null,"stock_on_hold":0,"sold_today":0,"sales_last_days":0,"reserved_stock":null,"customer_returns":null,"warehouse_damage":null,"lost_in_post":null,"other_logs":null,"out_stock_days":0,"lost_sales":0,"has_location":null,"update_date":"2026-04-27T07:18:30","atum_locations":[],"atum_stock_status":"instock","restock_status":false,"low_stock_amount":"","sales_update_date":"2026-01-30T01:25:48","calc_backorders":null,"_links":{"self":[{"href":"https:\/\/aromasentia.com\/da\/wp-json\/wp\/v2\/product\/201183","targetHints":{"allow":["GET"]}}],"collection":[{"href":"https:\/\/aromasentia.com\/da\/wp-json\/wp\/v2\/product"}],"about":[{"href":"https:\/\/aromasentia.com\/da\/wp-json\/wp\/v2\/types\/product"}],"replies":[{"embeddable":true,"href":"https:\/\/aromasentia.com\/da\/wp-json\/wp\/v2\/comments?post=201183"}],"version-history":[{"count":0,"href":"https:\/\/aromasentia.com\/da\/wp-json\/wp\/v2\/product\/201183\/revisions"}],"wp:featuredmedia":[{"embeddable":true,"href":"https:\/\/aromasentia.com\/da\/wp-json\/wp\/v2\/media\/268591"}],"wp:attachment":[{"href":"https:\/\/aromasentia.com\/da\/wp-json\/wp\/v2\/media?parent=201183"}],"wp:term":[{"taxonomy":"product_brand","embeddable":true,"href":"https:\/\/aromasentia.com\/da\/wp-json\/wp\/v2\/product_brand?post=201183"},{"taxonomy":"product_cat","embeddable":true,"href":"https:\/\/aromasentia.com\/da\/wp-json\/wp\/v2\/product_cat?post=201183"},{"taxonomy":"product_tag","embeddable":true,"href":"https:\/\/aromasentia.com\/da\/wp-json\/wp\/v2\/product_tag?post=201183"}],"curies":[{"name":"wp","href":"https:\/\/api.w.org\/{rel}","templated":true}]}}