{"id":201179,"date":"2025-03-20T15:15:45","date_gmt":"2025-03-20T15:15:45","guid":{"rendered":"https:\/\/aromasentia.com\/product\/cumin-seed-50ml-essential-oil\/"},"modified":"2025-06-22T03:35:00","modified_gmt":"2025-06-22T03:35:00","slug":"spidskommen-aeterisk-olie-50ml","status":"publish","type":"product","link":"https:\/\/aromasentia.com\/da\/spidskommen-aeterisk-olie-50ml\/","title":{"rendered":"Spidskommen \u00c6terisk Olie 50ml"},"content":{"rendered":"<p><strong>Latinsk navn: Cuminum Cyminum<br \/>Anvendt plantedel: Fr\u00f8<br \/>Kilde: Egypten<br \/>Ekstraktionsmetode: Dampdestillation<\/strong><\/p>\n<p>Den \u00e6teriske olie af spidskommen udvindes fra dens t\u00f8rrede og knuste fr\u00f8 gennem en proces med dampdestillation. Spidskommen er ret popul\u00e6r som krydderi over hele verden, og det beh\u00f8ver n\u00e6sten ingen introduktion.<\/p>\n<p><strong>Spidskommen \u00e6terisk olie<\/strong> har st\u00e6rke antimikrobielle og antibakterielle egenskaber. Det har vist sig at v\u00e6re meget effektivt mod bakterier s\u00e5som mikroorganismer som E. coli., S. aureus, S. faecalis.<\/p>\n<p>Den kan behandle interne bakterieinfektioner som dem i tyktarmen, maven, tarmene og urinvejene, samt eksterne infektioner p\u00e5 huden.<\/p>\n","protected":false},"excerpt":{"rendered":"<p>Latinsk navn: Cuminum CyminumAnvendt plantedel: Fr\u00f8Kilde: EgyptenEkstraktionsmetode: Dampdestillation Den \u00e6teriske olie af spidskommen udvindes fra dens t\u00f8rrede og knuste fr\u00f8 gennem en proces med dampdestillation. Spidskommen er ret popul\u00e6r som krydderi over hele verden, og det beh\u00f8ver n\u00e6sten ingen introduktion. Spidskommen \u00e6terisk olie har st\u00e6rke antimikrobielle og antibakterielle egenskaber. Det har vist sig at v\u00e6re [&hellip;]<\/p>\n","protected":false},"featured_media":268555,"comment_status":"closed","ping_status":"open","template":"","meta":{"_angie_page":false},"product_brand":[27094],"product_cat":[7647,6153,25839,26886,25941],"product_tag":[],"class_list":{"0":"post-201179","1":"product","2":"type-product","3":"status-publish","4":"has-post-thumbnail","6":"product_brand-ancient-wisdom","7":"product_cat-aeteriske-olier","8":"product_cat-aromaterapi-og-rumdufte","9":"product_cat-dufte-aromaer","10":"product_cat-krydret","11":"product_cat-spidskommenfro","12":"pa_collection-50ml-essential-oil-da","13":"pa_made-in-egypten","14":"pa_size-50ml","16":"first","17":"instock","18":"purchasable","19":"product-type-simple"},"supplier_id":null,"supplier_sku":"PrEO-66","barcode":null,"atum_controlled":true,"out_stock_date":null,"out_stock_threshold":null,"inheritable":false,"inbound_stock":null,"stock_on_hold":0,"sold_today":0,"sales_last_days":0,"reserved_stock":null,"customer_returns":null,"warehouse_damage":null,"lost_in_post":null,"other_logs":null,"out_stock_days":0,"lost_sales":0,"has_location":null,"update_date":"2026-05-08T05:16:52","atum_locations":[],"atum_stock_status":"instock","restock_status":false,"low_stock_amount":"","sales_update_date":"2026-01-30T01:25:53","calc_backorders":null,"_links":{"self":[{"href":"https:\/\/aromasentia.com\/da\/wp-json\/wp\/v2\/product\/201179","targetHints":{"allow":["GET"]}}],"collection":[{"href":"https:\/\/aromasentia.com\/da\/wp-json\/wp\/v2\/product"}],"about":[{"href":"https:\/\/aromasentia.com\/da\/wp-json\/wp\/v2\/types\/product"}],"replies":[{"embeddable":true,"href":"https:\/\/aromasentia.com\/da\/wp-json\/wp\/v2\/comments?post=201179"}],"version-history":[{"count":0,"href":"https:\/\/aromasentia.com\/da\/wp-json\/wp\/v2\/product\/201179\/revisions"}],"wp:featuredmedia":[{"embeddable":true,"href":"https:\/\/aromasentia.com\/da\/wp-json\/wp\/v2\/media\/268555"}],"wp:attachment":[{"href":"https:\/\/aromasentia.com\/da\/wp-json\/wp\/v2\/media?parent=201179"}],"wp:term":[{"taxonomy":"product_brand","embeddable":true,"href":"https:\/\/aromasentia.com\/da\/wp-json\/wp\/v2\/product_brand?post=201179"},{"taxonomy":"product_cat","embeddable":true,"href":"https:\/\/aromasentia.com\/da\/wp-json\/wp\/v2\/product_cat?post=201179"},{"taxonomy":"product_tag","embeddable":true,"href":"https:\/\/aromasentia.com\/da\/wp-json\/wp\/v2\/product_tag?post=201179"}],"curies":[{"name":"wp","href":"https:\/\/api.w.org\/{rel}","templated":true}]}}