{"id":201173,"date":"2025-03-20T15:15:45","date_gmt":"2025-03-20T15:15:45","guid":{"rendered":"https:\/\/aromasentia.com\/product\/benzoin-dilute-dpg-50ml-essential-oil\/"},"modified":"2025-06-22T03:34:57","modified_gmt":"2025-06-22T03:34:57","slug":"benzoin-fortyndet-dpg-aeterisk-olie-50ml","status":"publish","type":"product","link":"https:\/\/aromasentia.com\/da\/benzoin-fortyndet-dpg-aeterisk-olie-50ml\/","title":{"rendered":"Benzoin (Fortyndet\/Dpg) \u00c6terisk Olie 50ml"},"content":{"rendered":"<p><strong>Latinsk navn: Styrax<br \/>Anvendt plantedel: Harpiks<br \/>Oprindelse: Filippinerne<br \/>Ekstraktionsmetode: Opl\u00f8sningsmiddelekstraktion<\/strong><\/p>\n<p>De terapeutiske egenskaber ved benzoinolie inkluderer: Antiinflammatorisk, antioxidant, antiseptisk og astringerende. Den er beroligende, varmende og stimulerende.<\/p>\n<p><strong>Benzoin \u00e6terisk olie<\/strong> har v\u00e6ret brugt siden oldtiden som r\u00f8gelse, men ogs\u00e5 som medicin. I dag bruges den stadig hovedsageligt i parfume- og r\u00f8gelsesindustrien og giver duft til nogle meget kendte m\u00e6rker verden over.<\/p>\n<p>Benzoin har mange anvendelser, herunder: snits\u00e5r, sprukken og irritabel hud. Det siges ogs\u00e5 at v\u00e6re nyttigt ved luftvejsproblemer s\u00e5som astma, bronkitis og hoste. Benzoin kan ogs\u00e5 v\u00e6re nyttigt til at bek\u00e6mpe stressrelaterede problemer samt influenza.<\/p>\n","protected":false},"excerpt":{"rendered":"<p>Latinsk navn: StyraxAnvendt plantedel: HarpiksOprindelse: FilippinerneEkstraktionsmetode: Opl\u00f8sningsmiddelekstraktion De terapeutiske egenskaber ved benzoinolie inkluderer: Antiinflammatorisk, antioxidant, antiseptisk og astringerende. Den er beroligende, varmende og stimulerende. Benzoin \u00e6terisk olie har v\u00e6ret brugt siden oldtiden som r\u00f8gelse, men ogs\u00e5 som medicin. I dag bruges den stadig hovedsageligt i parfume- og r\u00f8gelsesindustrien og giver duft til nogle meget kendte [&hellip;]<\/p>\n","protected":false},"featured_media":268501,"comment_status":"closed","ping_status":"open","template":"","meta":{"_angie_page":false},"product_brand":[27094],"product_cat":[7647,6153,25927,25839,26879],"product_tag":[],"class_list":{"0":"post-201173","1":"product","2":"type-product","3":"status-publish","4":"has-post-thumbnail","6":"product_brand-ancient-wisdom","7":"product_cat-aeteriske-olier","8":"product_cat-aromaterapi-og-rumdufte","9":"product_cat-benzoin","10":"product_cat-dufte-aromaer","11":"product_cat-harpiksagtig-balsamisk","12":"pa_collection-50ml-essential-oil-da","13":"pa_made-in-indonesien","14":"pa_size-50ml","16":"first","17":"instock","18":"purchasable","19":"product-type-simple"},"supplier_id":null,"supplier_sku":"PrEO-59","barcode":null,"atum_controlled":true,"out_stock_date":null,"out_stock_threshold":null,"inheritable":false,"inbound_stock":null,"stock_on_hold":0,"sold_today":0,"sales_last_days":0,"reserved_stock":null,"customer_returns":null,"warehouse_damage":null,"lost_in_post":null,"other_logs":null,"out_stock_days":0,"lost_sales":0,"has_location":null,"update_date":"2026-05-08T05:16:52","atum_locations":[],"atum_stock_status":"instock","restock_status":false,"low_stock_amount":"","sales_update_date":"2025-09-05T00:18:13","calc_backorders":null,"_links":{"self":[{"href":"https:\/\/aromasentia.com\/da\/wp-json\/wp\/v2\/product\/201173","targetHints":{"allow":["GET"]}}],"collection":[{"href":"https:\/\/aromasentia.com\/da\/wp-json\/wp\/v2\/product"}],"about":[{"href":"https:\/\/aromasentia.com\/da\/wp-json\/wp\/v2\/types\/product"}],"replies":[{"embeddable":true,"href":"https:\/\/aromasentia.com\/da\/wp-json\/wp\/v2\/comments?post=201173"}],"version-history":[{"count":0,"href":"https:\/\/aromasentia.com\/da\/wp-json\/wp\/v2\/product\/201173\/revisions"}],"wp:featuredmedia":[{"embeddable":true,"href":"https:\/\/aromasentia.com\/da\/wp-json\/wp\/v2\/media\/268501"}],"wp:attachment":[{"href":"https:\/\/aromasentia.com\/da\/wp-json\/wp\/v2\/media?parent=201173"}],"wp:term":[{"taxonomy":"product_brand","embeddable":true,"href":"https:\/\/aromasentia.com\/da\/wp-json\/wp\/v2\/product_brand?post=201173"},{"taxonomy":"product_cat","embeddable":true,"href":"https:\/\/aromasentia.com\/da\/wp-json\/wp\/v2\/product_cat?post=201173"},{"taxonomy":"product_tag","embeddable":true,"href":"https:\/\/aromasentia.com\/da\/wp-json\/wp\/v2\/product_tag?post=201173"}],"curies":[{"name":"wp","href":"https:\/\/api.w.org\/{rel}","templated":true}]}}