{"id":201169,"date":"2025-03-20T15:16:05","date_gmt":"2025-03-20T15:16:05","guid":{"rendered":"https:\/\/aromasentia.com\/product\/spearmint-50ml-essential-oil\/"},"modified":"2025-06-22T03:34:56","modified_gmt":"2025-06-22T03:34:56","slug":"spearmint-aeterisk-olie-50ml","status":"publish","type":"product","link":"https:\/\/aromasentia.com\/da\/spearmint-aeterisk-olie-50ml\/","title":{"rendered":"Spearmint \u00c6terisk Olie 50ml"},"content":{"rendered":"<p><strong>Latinsk navn: Mentha Spicata<br \/>Anvendt plantedel: Blomstrende toppe<br \/>Kilde: Kina<br \/>Ekstraktionsmetode: Dampdestillation<\/strong><\/p>\n<p>Ancient Wisdom Spearmintolie er en h\u00f8jkvalitets 60% Carvone<br \/>sort. Carvone er det naturligt forekommende kemikalie, der giver Spearmint<br \/>sin karakteristiske duft. De resterende 40% af olien best\u00e5r af<br \/>andre kemikalier, der forekommer naturligt i Spearmintplanten.<\/p>\n<p>Spearmint \u00e6terisk olie er multifunktionel og bruges fortsat til at lindre lidelser s\u00e5som hudproblemer, hovedpine, kvalme, opkastning, luftvejsproblemer og fork\u00f8lelsessymptomer.<\/p>\n<p>Anvendes i aromaterapi, siges <strong>Spearmint \u00e6terisk olie<\/strong> at hj\u00e6lpe med at reducere tilstoppet n\u00e6se for\u00e5rsaget af overdreven ophobning af slim og slim i n\u00e6se og hals, hvorved det fremmer lettere vejrtr\u00e6kning. Den har en revitaliserende og energigivende virkning p\u00e5 kroppen ved at forbedre hum\u00f8r, koncentration og give huden energi. Dens friske, genoprettende duft hj\u00e6lper med at l\u00f8fte hum\u00f8ret og lindre f\u00f8lelsesm\u00e6ssig stress.<\/p>\n","protected":false},"excerpt":{"rendered":"<p>Latinsk navn: Mentha SpicataAnvendt plantedel: Blomstrende toppeKilde: KinaEkstraktionsmetode: Dampdestillation Ancient Wisdom Spearmintolie er en h\u00f8jkvalitets 60% Carvonesort. Carvone er det naturligt forekommende kemikalie, der giver Spearmintsin karakteristiske duft. De resterende 40% af olien best\u00e5r afandre kemikalier, der forekommer naturligt i Spearmintplanten. Spearmint \u00e6terisk olie er multifunktionel og bruges fortsat til at lindre lidelser s\u00e5som hudproblemer, [&hellip;]<\/p>\n","protected":false},"featured_media":268653,"comment_status":"closed","ping_status":"open","template":"","meta":[],"product_brand":[27094],"product_cat":[7647,6153,25839,25991,26872],"product_tag":[],"class_list":{"0":"post-201169","1":"product","2":"type-product","3":"status-publish","4":"has-post-thumbnail","6":"product_brand-ancient-wisdom","7":"product_cat-aeteriske-olier","8":"product_cat-aromaterapi-og-rumdufte","9":"product_cat-dufte-aromaer","10":"product_cat-gron-mynte","11":"product_cat-mynte","12":"pa_collection-50ml-essential-oil-da","13":"pa_made-in-kina","14":"pa_size-50ml","16":"first","17":"instock","18":"purchasable","19":"product-type-simple"},"supplier_id":null,"supplier_sku":"PrEO-84","barcode":null,"atum_controlled":true,"out_stock_date":null,"out_stock_threshold":null,"inheritable":false,"inbound_stock":null,"stock_on_hold":0,"sold_today":0,"sales_last_days":0,"reserved_stock":null,"customer_returns":null,"warehouse_damage":null,"lost_in_post":null,"other_logs":null,"out_stock_days":0,"lost_sales":0,"has_location":null,"update_date":"2026-01-30T01:24:42","atum_locations":[],"atum_stock_status":"instock","restock_status":false,"low_stock_amount":"","sales_update_date":"2026-01-30T01:24:42","calc_backorders":null,"_links":{"self":[{"href":"https:\/\/aromasentia.com\/da\/wp-json\/wp\/v2\/product\/201169","targetHints":{"allow":["GET"]}}],"collection":[{"href":"https:\/\/aromasentia.com\/da\/wp-json\/wp\/v2\/product"}],"about":[{"href":"https:\/\/aromasentia.com\/da\/wp-json\/wp\/v2\/types\/product"}],"replies":[{"embeddable":true,"href":"https:\/\/aromasentia.com\/da\/wp-json\/wp\/v2\/comments?post=201169"}],"version-history":[{"count":0,"href":"https:\/\/aromasentia.com\/da\/wp-json\/wp\/v2\/product\/201169\/revisions"}],"wp:featuredmedia":[{"embeddable":true,"href":"https:\/\/aromasentia.com\/da\/wp-json\/wp\/v2\/media\/268653"}],"wp:attachment":[{"href":"https:\/\/aromasentia.com\/da\/wp-json\/wp\/v2\/media?parent=201169"}],"wp:term":[{"taxonomy":"product_brand","embeddable":true,"href":"https:\/\/aromasentia.com\/da\/wp-json\/wp\/v2\/product_brand?post=201169"},{"taxonomy":"product_cat","embeddable":true,"href":"https:\/\/aromasentia.com\/da\/wp-json\/wp\/v2\/product_cat?post=201169"},{"taxonomy":"product_tag","embeddable":true,"href":"https:\/\/aromasentia.com\/da\/wp-json\/wp\/v2\/product_tag?post=201169"}],"curies":[{"name":"wp","href":"https:\/\/api.w.org\/{rel}","templated":true}]}}