{"id":201168,"date":"2025-03-20T15:16:05","date_gmt":"2025-03-20T15:16:05","guid":{"rendered":"https:\/\/aromasentia.com\/product\/cornmint-50ml-essential-oil\/"},"modified":"2025-06-22T03:34:55","modified_gmt":"2025-06-22T03:34:55","slug":"majsmynte-aeterisk-olie-50ml","status":"publish","type":"product","link":"https:\/\/aromasentia.com\/da\/majsmynte-aeterisk-olie-50ml\/","title":{"rendered":"majsmynte \u00c6terisk Olie 50ml"},"content":{"rendered":"<p><strong>Latinsk navn: Mentha Arvensis<br \/>Anvendt plantedel: Blade<br \/>Kilde: Kina<br \/>Ekstraktionsmetode: Dampdestillation<\/strong><\/p>\n<p>Majsmynte har en bred vifte af terapeutiske anvendelser og er en alsidig \u00e6terisk olie. Nogle af disse egenskaber er bed\u00f8vende, migr\u00e6nestillende, krampestillende, karminative, ford\u00f8jelses-, sliml\u00f8sende, mukolytiske, neurotoniske og stimulerende.<\/p>\n<p>Majsmyntes forskellige anvendelser er antimikrobielle og ford\u00f8jelsesfremmende, og bruges ogs\u00e5 til at fjerne negativitet i en spirituel brug. Dokumenterede anvendelser omfatter bed\u00f8vende, antiseptisk, krampestillende, stimulerende og ford\u00f8jelsesfremmende.<\/p>\n<p><strong>Majsmynte \u00e6terisk olie<\/strong>er et nyttigt middel mod hovedpine, ford\u00f8jelsesproblemer, kredsl\u00f8b, ondt i halsen, fork\u00f8lelse og kvalme. Majsmynte \u00e6terisk olie er energigivende og opl\u00f8ftende.<\/p>\n","protected":false},"excerpt":{"rendered":"<p>Latinsk navn: Mentha ArvensisAnvendt plantedel: BladeKilde: KinaEkstraktionsmetode: Dampdestillation Majsmynte har en bred vifte af terapeutiske anvendelser og er en alsidig \u00e6terisk olie. Nogle af disse egenskaber er bed\u00f8vende, migr\u00e6nestillende, krampestillende, karminative, ford\u00f8jelses-, sliml\u00f8sende, mukolytiske, neurotoniske og stimulerende. Majsmyntes forskellige anvendelser er antimikrobielle og ford\u00f8jelsesfremmende, og bruges ogs\u00e5 til at fjerne negativitet i en spirituel brug. [&hellip;]<\/p>\n","protected":false},"featured_media":268644,"comment_status":"closed","ping_status":"open","template":"","meta":{"_angie_page":false},"product_brand":[27094],"product_cat":[7647,25940,6153,25839,26872],"product_tag":[],"class_list":{"0":"post-201168","1":"product","2":"type-product","3":"status-publish","4":"has-post-thumbnail","6":"product_brand-ancient-wisdom","7":"product_cat-aeteriske-olier","8":"product_cat-ager-mynte","9":"product_cat-aromaterapi-og-rumdufte","10":"product_cat-dufte-aromaer","11":"product_cat-mynte","12":"pa_collection-50ml-essential-oil-da","13":"pa_made-in-kina","14":"pa_size-50ml","16":"first","17":"instock","18":"purchasable","19":"product-type-simple"},"supplier_id":null,"supplier_sku":"PrEO-83","barcode":null,"atum_controlled":true,"out_stock_date":null,"out_stock_threshold":null,"inheritable":false,"inbound_stock":null,"stock_on_hold":0,"sold_today":0,"sales_last_days":0,"reserved_stock":null,"customer_returns":null,"warehouse_damage":null,"lost_in_post":null,"other_logs":null,"out_stock_days":59,"lost_sales":0,"has_location":null,"update_date":"2026-04-29T13:03:07","atum_locations":[],"atum_stock_status":"instock","restock_status":false,"low_stock_amount":"","sales_update_date":"2026-01-30T01:24:20","calc_backorders":null,"_links":{"self":[{"href":"https:\/\/aromasentia.com\/da\/wp-json\/wp\/v2\/product\/201168","targetHints":{"allow":["GET"]}}],"collection":[{"href":"https:\/\/aromasentia.com\/da\/wp-json\/wp\/v2\/product"}],"about":[{"href":"https:\/\/aromasentia.com\/da\/wp-json\/wp\/v2\/types\/product"}],"replies":[{"embeddable":true,"href":"https:\/\/aromasentia.com\/da\/wp-json\/wp\/v2\/comments?post=201168"}],"version-history":[{"count":0,"href":"https:\/\/aromasentia.com\/da\/wp-json\/wp\/v2\/product\/201168\/revisions"}],"wp:featuredmedia":[{"embeddable":true,"href":"https:\/\/aromasentia.com\/da\/wp-json\/wp\/v2\/media\/268644"}],"wp:attachment":[{"href":"https:\/\/aromasentia.com\/da\/wp-json\/wp\/v2\/media?parent=201168"}],"wp:term":[{"taxonomy":"product_brand","embeddable":true,"href":"https:\/\/aromasentia.com\/da\/wp-json\/wp\/v2\/product_brand?post=201168"},{"taxonomy":"product_cat","embeddable":true,"href":"https:\/\/aromasentia.com\/da\/wp-json\/wp\/v2\/product_cat?post=201168"},{"taxonomy":"product_tag","embeddable":true,"href":"https:\/\/aromasentia.com\/da\/wp-json\/wp\/v2\/product_tag?post=201168"}],"curies":[{"name":"wp","href":"https:\/\/api.w.org\/{rel}","templated":true}]}}