{"id":201166,"date":"2025-03-20T15:16:05","date_gmt":"2025-03-20T15:16:05","guid":{"rendered":"https:\/\/aromasentia.com\/product\/white-birch-50ml-essential-oil\/"},"modified":"2025-06-22T03:34:54","modified_gmt":"2025-06-22T03:34:54","slug":"hvid-birk-aeterisk-olie-50ml","status":"publish","type":"product","link":"https:\/\/aromasentia.com\/da\/hvid-birk-aeterisk-olie-50ml\/","title":{"rendered":"Hvid Birk \u00c6terisk Olie 50ml"},"content":{"rendered":"<p><strong>Latinsk navn: Betula Pendula Roth<br \/>Anvendt plantedel: Bladknopper<br \/>Kilde: Kina<br \/>Ekstraktionsmetode: Dampdestillation<\/strong><\/p>\n<p><strong>Hvid birkeolie<\/strong> er kendt for at have naturlige astringerende egenskaber, s\u00e5 den kan v\u00e6re meget nyttig, n\u00e5r den er godt fortyndet i en b\u00e6reolie, creme eller lotion. Den kan hj\u00e6lpe med at lindre hudlidelser som akne og eksem. Den menes ogs\u00e5 at v\u00e6re en hj\u00e6lp til at fjerne toksiner og \u00f8ge blodcirkulationen.<\/p>\n<p>De sundhedsm\u00e6ssige fordele ved birkeolie kan tilskrives dens egenskaber som tonic, desinfektionsmiddel, stimulerende middel, antidepressivt middel, smertestillende middel, afgiftende middel, antireumatisk middel, antiartritisk middel, diuretikum, antiseptisk middel, astringerende middel, feberneds\u00e6ttende middel, bakteriedr\u00e6bende middel, insekticid og rensende middel.<\/p>\n<p>Birkeolie er nyttig til at reducere smerter i led og muskler samt smerter forbundet med hovedpine og tandpine. Den er ogs\u00e5 krampestillende og lindrer kramper i hele kroppen.<\/p>\n<p>Da den stimulerer kredsl\u00f8bssystemet og forbedrer blodcirkulationen, er birkeolie meget nyttig til at lindre sygdomme forbundet med uhensigtsm\u00e6ssig blodcirkulation, s\u00e5som \u00f8dem (h\u00e6velse), gigt og gigt.<\/p>\n","protected":false},"excerpt":{"rendered":"<p>Latinsk navn: Betula Pendula RothAnvendt plantedel: BladknopperKilde: KinaEkstraktionsmetode: Dampdestillation Hvid birkeolie er kendt for at have naturlige astringerende egenskaber, s\u00e5 den kan v\u00e6re meget nyttig, n\u00e5r den er godt fortyndet i en b\u00e6reolie, creme eller lotion. Den kan hj\u00e6lpe med at lindre hudlidelser som akne og eksem. Den menes ogs\u00e5 at v\u00e6re en hj\u00e6lp til [&hellip;]<\/p>\n","protected":false},"featured_media":268618,"comment_status":"closed","ping_status":"open","template":"","meta":{"_angie_page":false},"product_brand":[27094],"product_cat":[7647,6153,25839,25998,26893],"product_tag":[],"class_list":{"0":"post-201166","1":"product","2":"type-product","3":"status-publish","4":"has-post-thumbnail","6":"product_brand-ancient-wisdom","7":"product_cat-aeteriske-olier","8":"product_cat-aromaterapi-og-rumdufte","9":"product_cat-dufte-aromaer","10":"product_cat-hvid-birk","11":"product_cat-traeagtig","12":"pa_collection-50ml-essential-oil-da","13":"pa_made-in-ungarn","14":"pa_size-50ml","16":"first","17":"instock","18":"purchasable","19":"product-type-simple"},"supplier_id":null,"supplier_sku":"PrEO-76","barcode":null,"atum_controlled":true,"out_stock_date":null,"out_stock_threshold":null,"inheritable":false,"inbound_stock":null,"stock_on_hold":0,"sold_today":0,"sales_last_days":0,"reserved_stock":null,"customer_returns":null,"warehouse_damage":null,"lost_in_post":null,"other_logs":null,"out_stock_days":0,"lost_sales":0,"has_location":null,"update_date":"2026-05-04T00:04:57","atum_locations":[],"atum_stock_status":"instock","restock_status":false,"low_stock_amount":"","sales_update_date":"2026-01-30T01:24:28","calc_backorders":null,"_links":{"self":[{"href":"https:\/\/aromasentia.com\/da\/wp-json\/wp\/v2\/product\/201166","targetHints":{"allow":["GET"]}}],"collection":[{"href":"https:\/\/aromasentia.com\/da\/wp-json\/wp\/v2\/product"}],"about":[{"href":"https:\/\/aromasentia.com\/da\/wp-json\/wp\/v2\/types\/product"}],"replies":[{"embeddable":true,"href":"https:\/\/aromasentia.com\/da\/wp-json\/wp\/v2\/comments?post=201166"}],"version-history":[{"count":0,"href":"https:\/\/aromasentia.com\/da\/wp-json\/wp\/v2\/product\/201166\/revisions"}],"wp:featuredmedia":[{"embeddable":true,"href":"https:\/\/aromasentia.com\/da\/wp-json\/wp\/v2\/media\/268618"}],"wp:attachment":[{"href":"https:\/\/aromasentia.com\/da\/wp-json\/wp\/v2\/media?parent=201166"}],"wp:term":[{"taxonomy":"product_brand","embeddable":true,"href":"https:\/\/aromasentia.com\/da\/wp-json\/wp\/v2\/product_brand?post=201166"},{"taxonomy":"product_cat","embeddable":true,"href":"https:\/\/aromasentia.com\/da\/wp-json\/wp\/v2\/product_cat?post=201166"},{"taxonomy":"product_tag","embeddable":true,"href":"https:\/\/aromasentia.com\/da\/wp-json\/wp\/v2\/product_tag?post=201166"}],"curies":[{"name":"wp","href":"https:\/\/api.w.org\/{rel}","templated":true}]}}