{"id":201165,"date":"2025-03-20T15:16:05","date_gmt":"2025-03-20T15:16:05","guid":{"rendered":"https:\/\/aromasentia.com\/product\/red-thyme-essential-oil-50ml\/"},"modified":"2025-06-22T03:34:54","modified_gmt":"2025-06-22T03:34:54","slug":"roed-timian-aeterisk-olie-50ml","status":"publish","type":"product","link":"https:\/\/aromasentia.com\/da\/roed-timian-aeterisk-olie-50ml\/","title":{"rendered":"R\u00f8d Timian \u00c6terisk Olie 50ml"},"content":{"rendered":"<p><span style=\"color: rgb(75, 80, 88);\"><strong>Latinsk navn:<\/strong> Thymus serpyllum<\/span><\/p>\n<p><span style=\"color: rgb(75, 80, 88);\"><strong>Anvendt plantedel:<\/strong> Blade<\/span><\/p>\n<p><span style=\"color: rgb(75, 80, 88);\"><strong>Kilde:<\/strong>Spanien<\/span><\/p>\n<p><span style=\"color: rgb(75, 80, 88);\"><strong>Ekstraktionsmetode:<\/strong> Dampdestillation<\/span><\/p>\n<p><span style=\"color: rgb(75, 80, 88);\">\u00c6terisk olie af r\u00f8d timian er stimulerende med st\u00e6rke antimikrobielle og antiseptiske egenskaber. Den har en varm urteagtig duft.<\/span><\/p>\n<p><span style=\"color: rgb(75, 80, 88);\">I aromaterapi har r\u00f8d timian \u00e6terisk olie en bred anvendelsesomr\u00e5de.<\/span><\/p>\n<p><span style=\"color: rgb(75, 80, 88);\">Den bruges mest til aromadiffusere, rumspray og mist, is\u00e6r i den prim\u00e6re influenza- og fork\u00f8lelsess\u00e6son. N\u00e5r den bruges topisk, kan den hj\u00e6lpe med at fordrive insekter.<\/span><\/p>\n<p><span style=\"color: rgb(75, 80, 88);\"><strong>NB: Vores \u00e6teriske olier er ikke egnede til indvortes brug.<\/strong><\/span><\/p>\n","protected":false},"excerpt":{"rendered":"<p>Latinsk navn: Thymus serpyllum Anvendt plantedel: Blade Kilde:Spanien Ekstraktionsmetode: Dampdestillation \u00c6terisk olie af r\u00f8d timian er stimulerende med st\u00e6rke antimikrobielle og antiseptiske egenskaber. Den har en varm urteagtig duft. I aromaterapi har r\u00f8d timian \u00e6terisk olie en bred anvendelsesomr\u00e5de. Den bruges mest til aromadiffusere, rumspray og mist, is\u00e6r i den prim\u00e6re influenza- og fork\u00f8lelsess\u00e6son. N\u00e5r [&hellip;]<\/p>\n","protected":false},"featured_media":268734,"comment_status":"closed","ping_status":"open","template":"","meta":{"_angie_page":false},"product_brand":[27094],"product_cat":[7647,6153,25839,25983,26858],"product_tag":[],"class_list":{"0":"post-201165","1":"product","2":"type-product","3":"status-publish","4":"has-post-thumbnail","6":"product_brand-ancient-wisdom","7":"product_cat-aeteriske-olier","8":"product_cat-aromaterapi-og-rumdufte","9":"product_cat-dufte-aromaer","10":"product_cat-rod-timian","11":"product_cat-urte-aromatisk","12":"pa_collection-50ml-essential-oil-da","13":"pa_made-in-spanien","14":"pa_size-50ml","16":"first","17":"instock","18":"purchasable","19":"product-type-simple"},"supplier_id":null,"supplier_sku":"PrEO-92","barcode":null,"atum_controlled":true,"out_stock_date":null,"out_stock_threshold":null,"inheritable":false,"inbound_stock":null,"stock_on_hold":0,"sold_today":0,"sales_last_days":0,"reserved_stock":null,"customer_returns":null,"warehouse_damage":null,"lost_in_post":null,"other_logs":null,"out_stock_days":0,"lost_sales":0,"has_location":null,"update_date":"2026-05-08T05:16:52","atum_locations":[],"atum_stock_status":"instock","restock_status":false,"low_stock_amount":"","sales_update_date":"2026-01-30T01:24:56","calc_backorders":null,"_links":{"self":[{"href":"https:\/\/aromasentia.com\/da\/wp-json\/wp\/v2\/product\/201165","targetHints":{"allow":["GET"]}}],"collection":[{"href":"https:\/\/aromasentia.com\/da\/wp-json\/wp\/v2\/product"}],"about":[{"href":"https:\/\/aromasentia.com\/da\/wp-json\/wp\/v2\/types\/product"}],"replies":[{"embeddable":true,"href":"https:\/\/aromasentia.com\/da\/wp-json\/wp\/v2\/comments?post=201165"}],"version-history":[{"count":0,"href":"https:\/\/aromasentia.com\/da\/wp-json\/wp\/v2\/product\/201165\/revisions"}],"wp:featuredmedia":[{"embeddable":true,"href":"https:\/\/aromasentia.com\/da\/wp-json\/wp\/v2\/media\/268734"}],"wp:attachment":[{"href":"https:\/\/aromasentia.com\/da\/wp-json\/wp\/v2\/media?parent=201165"}],"wp:term":[{"taxonomy":"product_brand","embeddable":true,"href":"https:\/\/aromasentia.com\/da\/wp-json\/wp\/v2\/product_brand?post=201165"},{"taxonomy":"product_cat","embeddable":true,"href":"https:\/\/aromasentia.com\/da\/wp-json\/wp\/v2\/product_cat?post=201165"},{"taxonomy":"product_tag","embeddable":true,"href":"https:\/\/aromasentia.com\/da\/wp-json\/wp\/v2\/product_tag?post=201165"}],"curies":[{"name":"wp","href":"https:\/\/api.w.org\/{rel}","templated":true}]}}