{"id":201163,"date":"2025-03-20T15:16:05","date_gmt":"2025-03-20T15:16:05","guid":{"rendered":"https:\/\/aromasentia.com\/product\/high-alpine-lavender-essential-oil-50ml\/"},"modified":"2025-06-22T03:34:53","modified_gmt":"2025-06-22T03:34:53","slug":"lavendel-high-alpine-aeterisk-olie-50ml","status":"publish","type":"product","link":"https:\/\/aromasentia.com\/da\/lavendel-high-alpine-aeterisk-olie-50ml\/","title":{"rendered":"Lavendel High Alpine \u00c6terisk Olie 50ml"},"content":{"rendered":"<p><strong>Latinsk navn: Lavandula Angustifolia<br \/>Anvendt plantedel: Blomstringsspidser<br \/>Kilde: Frankrig<br \/>Ekstraktionsmetode: Dampdestillation<\/strong><\/p>\n<p><strong>Lavendel<\/strong> er blevet brugt og v\u00e6rdsat i \u00e5rhundreder for sin umiskendelige aroma og utallige fordele. I oldtiden brugte egypterne og romerne lavendel til badning, afslapning, madlavning og som parfume. Dens beroligende og afslappende egenskaber, n\u00e5r den tages indvortes, er fortsat lavendelens mest bem\u00e6rkelsesv\u00e6rdige egenskaber.<\/p>\n<p>Lavendel bruges ofte topisk til at reducere forekomsten af hudufuldkommenheder. Tils\u00e6t det til badevandet for at opsuge stress, eller p\u00e5f\u00f8r det p\u00e5 tindingerne og nakken. Tils\u00e6t et par dr\u00e5ber lavendel til puder, senget\u00f8j eller fods\u00e5lerne for at slappe af og forberede dig p\u00e5 en god nats s\u00f8vn. P\u00e5 grund af lavendelens alsidige egenskaber betragtes den som den uundv\u00e6rlige olie at have ved h\u00e5nden altid.<\/p>\n<p>Anvendelse<br \/>Tils\u00e6t et par dr\u00e5ber lavendelolie til puder, senget\u00f8j eller fods\u00e5ler ved sengetid.<br \/>Hav en flaske lavendel ved h\u00e5nden for at lindre lejlighedsvise hudirritationer.<br \/>Frisk op dit linnedskab, din madras, din bil eller luften ved at blande lavendel med vand i en sprayflaske.<\/p>\n<p>Brugsanvisning<br \/>Diffusion: Brug tre til fire dr\u00e5ber i den diffuser, du \u00f8nsker.<br \/>Utopisk brug: P\u00e5f\u00f8r en til to dr\u00e5ber p\u00e5 det \u00f8nskede omr\u00e5de. Fortynd med vores fraktionerede kokosolie for at minimere enhver hudf\u00f8lsomhed.<\/p>\n<p>Forholdsregler<br \/>Mulig hudf\u00f8lsomhed. Opbevares utilg\u00e6ngeligt for b\u00f8rn. Hvis du er gravid, ammer eller er under l\u00e6gebehandling, skal du kontakte din l\u00e6ge. Undg\u00e5 kontakt med \u00f8jne, indre \u00f8rer og f\u00f8lsomme omr\u00e5der.<\/p>\n","protected":false},"excerpt":{"rendered":"<p>Latinsk navn: Lavandula AngustifoliaAnvendt plantedel: BlomstringsspidserKilde: FrankrigEkstraktionsmetode: Dampdestillation Lavendel er blevet brugt og v\u00e6rdsat i \u00e5rhundreder for sin umiskendelige aroma og utallige fordele. I oldtiden brugte egypterne og romerne lavendel til badning, afslapning, madlavning og som parfume. Dens beroligende og afslappende egenskaber, n\u00e5r den tages indvortes, er fortsat lavendelens mest bem\u00e6rkelsesv\u00e6rdige egenskaber. Lavendel bruges ofte [&hellip;]<\/p>\n","protected":false},"featured_media":268716,"comment_status":"closed","ping_status":"open","template":"","meta":{"_angie_page":false},"product_brand":[27094],"product_cat":[7647,6153,26830,25839,25957],"product_tag":[],"class_list":{"0":"post-201163","1":"product","2":"type-product","3":"status-publish","4":"has-post-thumbnail","6":"product_brand-ancient-wisdom","7":"product_cat-aeteriske-olier","8":"product_cat-aromaterapi-og-rumdufte","9":"product_cat-blomster","10":"product_cat-dufte-aromaer","11":"product_cat-lavendel","12":"pa_collection-50ml-essential-oil-da","13":"pa_made-in-frankrig","14":"pa_size-50ml","16":"first","17":"instock","18":"purchasable","19":"product-type-simple"},"supplier_id":null,"supplier_sku":"Preo-91","barcode":null,"atum_controlled":true,"out_stock_date":null,"out_stock_threshold":null,"inheritable":false,"inbound_stock":null,"stock_on_hold":0,"sold_today":0,"sales_last_days":0,"reserved_stock":null,"customer_returns":null,"warehouse_damage":null,"lost_in_post":null,"other_logs":null,"out_stock_days":22,"lost_sales":0,"has_location":null,"update_date":"2026-05-08T05:16:52","atum_locations":[],"atum_stock_status":"instock","restock_status":false,"low_stock_amount":"","sales_update_date":"2026-01-30T01:24:25","calc_backorders":null,"_links":{"self":[{"href":"https:\/\/aromasentia.com\/da\/wp-json\/wp\/v2\/product\/201163","targetHints":{"allow":["GET"]}}],"collection":[{"href":"https:\/\/aromasentia.com\/da\/wp-json\/wp\/v2\/product"}],"about":[{"href":"https:\/\/aromasentia.com\/da\/wp-json\/wp\/v2\/types\/product"}],"replies":[{"embeddable":true,"href":"https:\/\/aromasentia.com\/da\/wp-json\/wp\/v2\/comments?post=201163"}],"version-history":[{"count":0,"href":"https:\/\/aromasentia.com\/da\/wp-json\/wp\/v2\/product\/201163\/revisions"}],"wp:featuredmedia":[{"embeddable":true,"href":"https:\/\/aromasentia.com\/da\/wp-json\/wp\/v2\/media\/268716"}],"wp:attachment":[{"href":"https:\/\/aromasentia.com\/da\/wp-json\/wp\/v2\/media?parent=201163"}],"wp:term":[{"taxonomy":"product_brand","embeddable":true,"href":"https:\/\/aromasentia.com\/da\/wp-json\/wp\/v2\/product_brand?post=201163"},{"taxonomy":"product_cat","embeddable":true,"href":"https:\/\/aromasentia.com\/da\/wp-json\/wp\/v2\/product_cat?post=201163"},{"taxonomy":"product_tag","embeddable":true,"href":"https:\/\/aromasentia.com\/da\/wp-json\/wp\/v2\/product_tag?post=201163"}],"curies":[{"name":"wp","href":"https:\/\/api.w.org\/{rel}","templated":true}]}}