{"id":201160,"date":"2025-03-20T15:16:05","date_gmt":"2025-03-20T15:16:05","guid":{"rendered":"https:\/\/aromasentia.com\/product\/turmeric-essential-oil-50ml\/"},"modified":"2025-06-22T03:34:50","modified_gmt":"2025-06-22T03:34:50","slug":"gurkemeje-aeterisk-olie-50ml","status":"publish","type":"product","link":"https:\/\/aromasentia.com\/da\/gurkemeje-aeterisk-olie-50ml\/","title":{"rendered":"Gurkemeje \u00c6terisk Olie 50ml"},"content":{"rendered":"<p><span style=\"color: rgb(75, 80, 88);\"><strong>Latinsk navn:<\/strong> Curcuma Longa<\/span><\/p>\n<p><span style=\"color: rgb(75, 80, 88);\"><strong>Anvendt plantedel:<\/strong> Rhizom<\/span><\/p>\n<p><span style=\"color: rgb(75, 80, 88);\"><strong>Kilde:<\/strong> Indien<\/span><\/p>\n<p><span style=\"color: rgb(75, 80, 88);\"><strong>Ekstraktionsmetode:<\/strong> Dampdestillation<\/span><\/p>\n<p><span style=\"color: rgb(75, 80, 88);\"><strong>Aromatisk beskrivelse:<\/strong>Varm, krydret, jordagtig, tr\u00e6agtig<\/span><\/p>\n<p><span style=\"color: rgb(75, 80, 88);\">Som en vigtig botanisk ingrediens i den traditionelle ayurvediske If\u00f8lge indiske sundhedspraksisser har gurkemeje og \u00e6terisk gurkemejeolie en lang historie, der har inspireret moderne anvendelser af gurkemeje i dag. Gurkemejeolie, der er dampdestilleret fra gurkemejeroden, har to unikke kemiske komponenter, turmerone og ar-turmerone.<\/span><\/p>\n<p><span style=\"color: rgb(75, 80, 88);\">Disse komponenter, der er mest kendt for deres fordele for nervesystemet og f\u00f8lelsesm\u00e6ssige egenskaber, g\u00f8r gurkemejeolie til en fast bestanddel af din daglige sundhedsrutine. Gurkemeje er gavnligt for immunsystemet og kan have lindrende fordele, der fremmer et positivt immunrespons.<\/span><\/p>\n<p><span style=\"color: rgb(75, 80, 88);\">Gurkemeje kan ogs\u00e5 bidrage til at fremme en klar, glat og str\u00e5lende hud.<\/span><\/p>\n","protected":false},"excerpt":{"rendered":"<p>Latinsk navn: Curcuma Longa Anvendt plantedel: Rhizom Kilde: Indien Ekstraktionsmetode: Dampdestillation Aromatisk beskrivelse:Varm, krydret, jordagtig, tr\u00e6agtig Som en vigtig botanisk ingrediens i den traditionelle ayurvediske If\u00f8lge indiske sundhedspraksisser har gurkemeje og \u00e6terisk gurkemejeolie en lang historie, der har inspireret moderne anvendelser af gurkemeje i dag. Gurkemejeolie, der er dampdestilleret fra gurkemejeroden, har to unikke kemiske [&hellip;]<\/p>\n","protected":false},"featured_media":268689,"comment_status":"closed","ping_status":"open","template":"","meta":{"_angie_page":false},"product_brand":[27094],"product_cat":[7647,6153,25839,25995,26886],"product_tag":[],"class_list":{"0":"post-201160","1":"product","2":"type-product","3":"status-publish","4":"has-post-thumbnail","6":"product_brand-ancient-wisdom","7":"product_cat-aeteriske-olier","8":"product_cat-aromaterapi-og-rumdufte","9":"product_cat-dufte-aromaer","10":"product_cat-gurkemeje","11":"product_cat-krydret","12":"pa_collection-50ml-essential-oil-da","13":"pa_made-in-indien","14":"pa_size-50ml","16":"first","17":"instock","18":"purchasable","19":"product-type-simple"},"supplier_id":null,"supplier_sku":"Preo-85","barcode":null,"atum_controlled":true,"out_stock_date":null,"out_stock_threshold":null,"inheritable":false,"inbound_stock":null,"stock_on_hold":0,"sold_today":0,"sales_last_days":0,"reserved_stock":null,"customer_returns":null,"warehouse_damage":null,"lost_in_post":null,"other_logs":null,"out_stock_days":0,"lost_sales":0,"has_location":null,"update_date":"2026-05-08T05:16:52","atum_locations":[],"atum_stock_status":"instock","restock_status":false,"low_stock_amount":"","sales_update_date":"2026-01-30T01:24:22","calc_backorders":null,"_links":{"self":[{"href":"https:\/\/aromasentia.com\/da\/wp-json\/wp\/v2\/product\/201160","targetHints":{"allow":["GET"]}}],"collection":[{"href":"https:\/\/aromasentia.com\/da\/wp-json\/wp\/v2\/product"}],"about":[{"href":"https:\/\/aromasentia.com\/da\/wp-json\/wp\/v2\/types\/product"}],"replies":[{"embeddable":true,"href":"https:\/\/aromasentia.com\/da\/wp-json\/wp\/v2\/comments?post=201160"}],"version-history":[{"count":0,"href":"https:\/\/aromasentia.com\/da\/wp-json\/wp\/v2\/product\/201160\/revisions"}],"wp:featuredmedia":[{"embeddable":true,"href":"https:\/\/aromasentia.com\/da\/wp-json\/wp\/v2\/media\/268689"}],"wp:attachment":[{"href":"https:\/\/aromasentia.com\/da\/wp-json\/wp\/v2\/media?parent=201160"}],"wp:term":[{"taxonomy":"product_brand","embeddable":true,"href":"https:\/\/aromasentia.com\/da\/wp-json\/wp\/v2\/product_brand?post=201160"},{"taxonomy":"product_cat","embeddable":true,"href":"https:\/\/aromasentia.com\/da\/wp-json\/wp\/v2\/product_cat?post=201160"},{"taxonomy":"product_tag","embeddable":true,"href":"https:\/\/aromasentia.com\/da\/wp-json\/wp\/v2\/product_tag?post=201160"}],"curies":[{"name":"wp","href":"https:\/\/api.w.org\/{rel}","templated":true}]}}