{"id":201148,"date":"2025-03-20T15:16:27","date_gmt":"2025-03-20T15:16:27","guid":{"rendered":"https:\/\/aromasentia.com\/product\/lavender-organic-essential-oil-50ml\/"},"modified":"2025-06-22T03:34:45","modified_gmt":"2025-06-22T03:34:45","slug":"oekologisk-lavendelolie-aeterisk-olie-50ml","status":"publish","type":"product","link":"https:\/\/aromasentia.com\/da\/oekologisk-lavendelolie-aeterisk-olie-50ml\/","title":{"rendered":"\u00d8kologisk Lavendelolie \u00c6terisk Olie 50ml"},"content":{"rendered":"<p>\u00d8kologiske \u00e6teriske olier er olier, der er udvundet af planter, der ikke dyrkes med pesticider, g\u00f8dning eller andre kemikalier.<br style=\"color: rgb(114, 114, 114); font-family: Ubuntu, sans-serif; font-size: 16px; font-style: normal; font-variant-ligatures: normal; font-variant-caps: normal; font-weight: 400; letter-spacing: normal; orphans: 2; text-align: start; text-indent: 0px; text-transform: none; white-space: normal; widows: 2; word-spacing: 0px; -webkit-text-stroke-width: 0px; text-decoration-style: initial; text-decoration-color: initial; background-color: rgb(255, 255, 255);\">Ikke-\u00f8kologiske \u00e6teriske olier kommer fra produkter, der kan bruge den type kemikalier. Hvis du er bekymret over denne type kemikalier i dine \u00e6teriske olier, s\u00e5 b\u00f8r du se n\u00e6rmere p\u00e5 vores nye udvalg af \u00f8kologiske \u00e6teriske olier engros.<\/p>\n<p>Lavendel bruges ofte til at reducere forekomsten af hudufuldkommenheder, n\u00e5r det p\u00e5f\u00f8res topisk. Tils\u00e6t det til badevandet for at absorbere stress, eller p\u00e5f\u00f8r det p\u00e5 tindingerne og nakken. Tils\u00e6t et par dr\u00e5ber lavendel til puder, senget\u00f8j eller fods\u00e5lerne for at slappe af og forberede dig p\u00e5 en god nats s\u00f8vn.<\/p>\n","protected":false},"excerpt":{"rendered":"<p>\u00d8kologiske \u00e6teriske olier er olier, der er udvundet af planter, der ikke dyrkes med pesticider, g\u00f8dning eller andre kemikalier.Ikke-\u00f8kologiske \u00e6teriske olier kommer fra produkter, der kan bruge den type kemikalier. Hvis du er bekymret over denne type kemikalier i dine \u00e6teriske olier, s\u00e5 b\u00f8r du se n\u00e6rmere p\u00e5 vores nye udvalg af \u00f8kologiske \u00e6teriske olier [&hellip;]<\/p>\n","protected":false},"featured_media":268752,"comment_status":"closed","ping_status":"open","template":"","meta":{"_angie_page":false},"product_brand":[27094],"product_cat":[7647,6153,26830,25839,25957,26655],"product_tag":[],"class_list":{"0":"post-201148","1":"product","2":"type-product","3":"status-publish","4":"has-post-thumbnail","6":"product_brand-ancient-wisdom","7":"product_cat-aeteriske-olier","8":"product_cat-aromaterapi-og-rumdufte","9":"product_cat-blomster","10":"product_cat-dufte-aromaer","11":"product_cat-lavendel","12":"product_cat-okologiske-aeteriske-olier","13":"pa_collection-50ml-organic-essential-oils-for-professionals-da","14":"pa_made-in-frankrig","15":"pa_size-50ml","17":"first","18":"instock","19":"purchasable","20":"product-type-simple"},"supplier_id":null,"supplier_sku":"PreOrg-01","barcode":null,"atum_controlled":true,"out_stock_date":null,"out_stock_threshold":null,"inheritable":false,"inbound_stock":null,"stock_on_hold":0,"sold_today":0,"sales_last_days":0,"reserved_stock":null,"customer_returns":null,"warehouse_damage":null,"lost_in_post":null,"other_logs":null,"out_stock_days":0,"lost_sales":0,"has_location":null,"update_date":"2026-04-27T07:18:37","atum_locations":[],"atum_stock_status":"instock","restock_status":false,"low_stock_amount":"","sales_update_date":"2026-01-30T01:25:52","calc_backorders":null,"_links":{"self":[{"href":"https:\/\/aromasentia.com\/da\/wp-json\/wp\/v2\/product\/201148","targetHints":{"allow":["GET"]}}],"collection":[{"href":"https:\/\/aromasentia.com\/da\/wp-json\/wp\/v2\/product"}],"about":[{"href":"https:\/\/aromasentia.com\/da\/wp-json\/wp\/v2\/types\/product"}],"replies":[{"embeddable":true,"href":"https:\/\/aromasentia.com\/da\/wp-json\/wp\/v2\/comments?post=201148"}],"version-history":[{"count":0,"href":"https:\/\/aromasentia.com\/da\/wp-json\/wp\/v2\/product\/201148\/revisions"}],"wp:featuredmedia":[{"embeddable":true,"href":"https:\/\/aromasentia.com\/da\/wp-json\/wp\/v2\/media\/268752"}],"wp:attachment":[{"href":"https:\/\/aromasentia.com\/da\/wp-json\/wp\/v2\/media?parent=201148"}],"wp:term":[{"taxonomy":"product_brand","embeddable":true,"href":"https:\/\/aromasentia.com\/da\/wp-json\/wp\/v2\/product_brand?post=201148"},{"taxonomy":"product_cat","embeddable":true,"href":"https:\/\/aromasentia.com\/da\/wp-json\/wp\/v2\/product_cat?post=201148"},{"taxonomy":"product_tag","embeddable":true,"href":"https:\/\/aromasentia.com\/da\/wp-json\/wp\/v2\/product_tag?post=201148"}],"curies":[{"name":"wp","href":"https:\/\/api.w.org\/{rel}","templated":true}]}}