{"id":201144,"date":"2025-03-20T15:16:36","date_gmt":"2025-03-20T15:16:36","guid":{"rendered":"https:\/\/aromasentia.com\/product\/square-bottle-diffuser-lid-200ml\/"},"modified":"2025-06-22T03:34:43","modified_gmt":"2025-06-22T03:34:43","slug":"firkantet-flaske-og-diffusorlaag-200ml","status":"publish","type":"product","link":"https:\/\/aromasentia.com\/da\/firkantet-flaske-og-diffusorlaag-200ml\/","title":{"rendered":"Firkantet Flaske Og Diffusorl\u00e5g &#8211; 200ml"},"content":{"rendered":"<p>200 ml kraftige glasflasker med r\u00f8rdiffusor, plastikprop til transport og sorte diffuserh\u00e6tter <em>(r\u00f8r medf\u00f8lger IKKE)<\/em> fra <strong>Aroma Sentia<\/strong>.<\/p>\n<p>Enkel, men stilfuld glasflaske, perfekt til hjemmedufte.<\/p>\n<p><strong>Tilf\u00f8j dine egne aromaterapiolier eller dufte, der frisker op i rummet, sammen med nogle r\u00f8r, for at lyse ethvert hjem op.<\/strong><\/p>\n<p>Bes\u00f8g vores afdelinger for hjemmedufte og aromaterapi for at v\u00e6lge dine yndlingsolier.<\/p>\n<p><strong>Er dit hjem et sandt aromatisk paradis?<\/strong><\/p>\n","protected":false},"excerpt":{"rendered":"<p>200 ml kraftige glasflasker med r\u00f8rdiffusor, plastikprop til transport og sorte diffuserh\u00e6tter (r\u00f8r medf\u00f8lger IKKE) fra Aroma Sentia. Enkel, men stilfuld glasflaske, perfekt til hjemmedufte. Tilf\u00f8j dine egne aromaterapiolier eller dufte, der frisker op i rummet, sammen med nogle r\u00f8r, for at lyse ethvert hjem op. Bes\u00f8g vores afdelinger for hjemmedufte og aromaterapi for at [&hellip;]<\/p>\n","protected":false},"featured_media":269022,"comment_status":"closed","ping_status":"open","template":"","meta":[],"product_brand":[],"product_cat":[6169,6170],"product_tag":[],"class_list":{"0":"post-201144","1":"product","2":"type-product","3":"status-publish","4":"has-post-thumbnail","6":"product_cat-aromalamper-aromadiffusere-og-duftstaenger","7":"product_cat-duftstaenger-duftfrisker","8":"pa_collection-diffuser-bottles-da","9":"pa_made-in-kina","10":"pa_size-200ml","12":"first","13":"instock","14":"purchasable","15":"product-type-simple"},"supplier_id":null,"supplier_sku":"RDBot-02","barcode":null,"atum_controlled":true,"out_stock_date":null,"out_stock_threshold":null,"inheritable":false,"inbound_stock":null,"stock_on_hold":0,"sold_today":0,"sales_last_days":0,"reserved_stock":null,"customer_returns":null,"warehouse_damage":null,"lost_in_post":null,"other_logs":null,"out_stock_days":61,"lost_sales":0,"has_location":null,"update_date":"2026-02-10T10:25:12","atum_locations":[],"atum_stock_status":"instock","restock_status":false,"low_stock_amount":"","sales_update_date":"2026-01-20T05:14:40","calc_backorders":null,"_links":{"self":[{"href":"https:\/\/aromasentia.com\/da\/wp-json\/wp\/v2\/product\/201144","targetHints":{"allow":["GET"]}}],"collection":[{"href":"https:\/\/aromasentia.com\/da\/wp-json\/wp\/v2\/product"}],"about":[{"href":"https:\/\/aromasentia.com\/da\/wp-json\/wp\/v2\/types\/product"}],"replies":[{"embeddable":true,"href":"https:\/\/aromasentia.com\/da\/wp-json\/wp\/v2\/comments?post=201144"}],"version-history":[{"count":0,"href":"https:\/\/aromasentia.com\/da\/wp-json\/wp\/v2\/product\/201144\/revisions"}],"wp:featuredmedia":[{"embeddable":true,"href":"https:\/\/aromasentia.com\/da\/wp-json\/wp\/v2\/media\/269022"}],"wp:attachment":[{"href":"https:\/\/aromasentia.com\/da\/wp-json\/wp\/v2\/media?parent=201144"}],"wp:term":[{"taxonomy":"product_brand","embeddable":true,"href":"https:\/\/aromasentia.com\/da\/wp-json\/wp\/v2\/product_brand?post=201144"},{"taxonomy":"product_cat","embeddable":true,"href":"https:\/\/aromasentia.com\/da\/wp-json\/wp\/v2\/product_cat?post=201144"},{"taxonomy":"product_tag","embeddable":true,"href":"https:\/\/aromasentia.com\/da\/wp-json\/wp\/v2\/product_tag?post=201144"}],"curies":[{"name":"wp","href":"https:\/\/api.w.org\/{rel}","templated":true}]}}