{"id":201138,"date":"2025-03-20T15:16:36","date_gmt":"2025-03-20T15:16:36","guid":{"rendered":"https:\/\/aromasentia.com\/product\/cedarwood-atlas-organic-essential-oil-50ml\/"},"modified":"2025-06-22T03:34:39","modified_gmt":"2025-06-22T03:34:39","slug":"oekologisk-cedertrae-atlas-aeterisk-olie-50ml","status":"publish","type":"product","link":"https:\/\/aromasentia.com\/da\/oekologisk-cedertrae-atlas-aeterisk-olie-50ml\/","title":{"rendered":"\u00d8kologisk Cedertr\u00e6 Atlas \u00c6terisk Olie 50ml"},"content":{"rendered":"<p>\u00d8kologiske \u00e6teriske olier er olier, der er udvundet af planter, der ikke dyrkes med pesticider, g\u00f8dning eller andre kemikalier.<br style=\"color: rgb(114, 114, 114); font-family: Ubuntu, sans-serif; font-size: 16px; font-style: normal; font-variant-ligatures: normal; font-variant-caps: normal; font-weight: 400; letter-spacing: normal; orphans: 2; text-align: start; text-indent: 0px; text-transform: none; white-space: normal; widows: 2; word-spacing: 0px; -webkit-text-stroke-width: 0px; text-decoration-style: initial; text-decoration-color: initial; background-color: rgb(255, 255, 255);\">Ikke-\u00f8kologiske \u00e6teriske olier kommer fra produkter, der kan bruge den type kemikalier. Hvis du er bekymret for denne type kemikalier i dine \u00e6teriske olier, s\u00e5 b\u00f8r du se n\u00e6rmere p\u00e5 vores nye udvalg af \u00f8kologiske \u00e6teriske olier engros.<\/p>\n<p>Cedertr\u00e6solie kan bruges som en generel sundhedstonik, da den toner organsystemerne og stimulerer stofskiftet. Den strammer og toner musklerne i huden, maven, ford\u00f8jelsessystemet og regulerer hjernefunktionerne.<\/p>\n","protected":false},"excerpt":{"rendered":"<p>\u00d8kologiske \u00e6teriske olier er olier, der er udvundet af planter, der ikke dyrkes med pesticider, g\u00f8dning eller andre kemikalier.Ikke-\u00f8kologiske \u00e6teriske olier kommer fra produkter, der kan bruge den type kemikalier. Hvis du er bekymret for denne type kemikalier i dine \u00e6teriske olier, s\u00e5 b\u00f8r du se n\u00e6rmere p\u00e5 vores nye udvalg af \u00f8kologiske \u00e6teriske olier [&hellip;]<\/p>\n","protected":false},"featured_media":268896,"comment_status":"closed","ping_status":"open","template":"","meta":{"_angie_page":false},"product_brand":[27094],"product_cat":[7647,6153,25933,25839,26655,26893],"product_tag":[],"class_list":{"0":"post-201138","1":"product","2":"type-product","3":"status-publish","4":"has-post-thumbnail","6":"product_brand-ancient-wisdom","7":"product_cat-aeteriske-olier","8":"product_cat-aromaterapi-og-rumdufte","9":"product_cat-cedertrae","10":"product_cat-dufte-aromaer","11":"product_cat-okologiske-aeteriske-olier","12":"product_cat-traeagtig","13":"pa_collection-50ml-organic-essential-oils-for-professionals-da","14":"pa_made-in-marokko","15":"pa_size-50ml","17":"first","18":"instock","19":"purchasable","20":"product-type-simple"},"supplier_id":null,"supplier_sku":"PreOrg-17","barcode":null,"atum_controlled":true,"out_stock_date":null,"out_stock_threshold":null,"inheritable":false,"inbound_stock":0,"stock_on_hold":0,"sold_today":0,"sales_last_days":0,"reserved_stock":0,"customer_returns":0,"warehouse_damage":0,"lost_in_post":0,"other_logs":0,"out_stock_days":0,"lost_sales":0,"has_location":false,"update_date":"2026-02-02T11:21:24","atum_locations":[],"atum_stock_status":"instock","restock_status":false,"low_stock_amount":"","sales_update_date":"2025-09-05T00:18:26","calc_backorders":null,"_links":{"self":[{"href":"https:\/\/aromasentia.com\/da\/wp-json\/wp\/v2\/product\/201138","targetHints":{"allow":["GET"]}}],"collection":[{"href":"https:\/\/aromasentia.com\/da\/wp-json\/wp\/v2\/product"}],"about":[{"href":"https:\/\/aromasentia.com\/da\/wp-json\/wp\/v2\/types\/product"}],"replies":[{"embeddable":true,"href":"https:\/\/aromasentia.com\/da\/wp-json\/wp\/v2\/comments?post=201138"}],"version-history":[{"count":0,"href":"https:\/\/aromasentia.com\/da\/wp-json\/wp\/v2\/product\/201138\/revisions"}],"wp:featuredmedia":[{"embeddable":true,"href":"https:\/\/aromasentia.com\/da\/wp-json\/wp\/v2\/media\/268896"}],"wp:attachment":[{"href":"https:\/\/aromasentia.com\/da\/wp-json\/wp\/v2\/media?parent=201138"}],"wp:term":[{"taxonomy":"product_brand","embeddable":true,"href":"https:\/\/aromasentia.com\/da\/wp-json\/wp\/v2\/product_brand?post=201138"},{"taxonomy":"product_cat","embeddable":true,"href":"https:\/\/aromasentia.com\/da\/wp-json\/wp\/v2\/product_cat?post=201138"},{"taxonomy":"product_tag","embeddable":true,"href":"https:\/\/aromasentia.com\/da\/wp-json\/wp\/v2\/product_tag?post=201138"}],"curies":[{"name":"wp","href":"https:\/\/api.w.org\/{rel}","templated":true}]}}