{"id":201123,"date":"2025-03-20T15:17:23","date_gmt":"2025-03-20T15:17:23","guid":{"rendered":"https:\/\/aromasentia.com\/product\/140-ml-round-alchemist-reed-diffuser-bottle-charcoal\/"},"modified":"2025-06-22T03:34:33","modified_gmt":"2025-06-22T03:34:33","slug":"rund-alchemist-duftstaenger-flaske-140ml-traekul","status":"publish","type":"product","link":"https:\/\/aromasentia.com\/da\/rund-alchemist-duftstaenger-flaske-140ml-traekul\/","title":{"rendered":"Rund Alchemist Duftst\u00e6nger Flaske 140ml &#8211; Tr\u00e6kul"},"content":{"rendered":"<p>Diffuserflaske fra <strong>Aroma Sentia<\/strong>,<\/p>\n<p>Enkel, men stilfuld glasflaske, perfekt til hjemmedufte.<\/p>\n<p>Tilf\u00f8j dine egne aromaterapiolier eller rumopfriskende dufte, sammen med nogle r\u00f8r, for at lyse ethvert hjem op.<\/p>\n<p>Bes\u00f8g venligst vores afdelinger for hjemmedufte og aromaterapi for at v\u00e6lge dine yndlingsolier.<\/p>\n<p><span style=\"color: rgb(243, 121, 52);\"><strong>Bem\u00e6rk venligst, at l\u00e5g og h\u00e6tter s\u00e6lges separat.<\/strong><\/span><\/p>\n<p><strong>Er dit hjem et sandt aromatisk paradis?<\/strong><\/p>\n<p>Passende h\u00e6tter til dette produkt:<\/p>\n<p><a href=\"https:\/\/aromasentia.com\/rdbot-18g\">Guldh\u00e6tte<\/a><\/p>\n<p><a href=\"https:\/\/aromasentia.com\/rdbot-18s\">S\u00f8lvh\u00e6tte<\/a><\/p>\n<p><a href=\"https:\/\/aromasentia.com\/rdbot-18\">Tr\u00e6imitation<\/a><\/p>\n","protected":false},"excerpt":{"rendered":"<p>Diffuserflaske fra Aroma Sentia, Enkel, men stilfuld glasflaske, perfekt til hjemmedufte. Tilf\u00f8j dine egne aromaterapiolier eller rumopfriskende dufte, sammen med nogle r\u00f8r, for at lyse ethvert hjem op. Bes\u00f8g venligst vores afdelinger for hjemmedufte og aromaterapi for at v\u00e6lge dine yndlingsolier. Bem\u00e6rk venligst, at l\u00e5g og h\u00e6tter s\u00e6lges separat. Er dit hjem et sandt aromatisk [&hellip;]<\/p>\n","protected":false},"featured_media":269291,"comment_status":"closed","ping_status":"open","template":"","meta":[],"product_brand":[],"product_cat":[6169,6170],"product_tag":[],"class_list":{"0":"post-201123","1":"product","2":"type-product","3":"status-publish","4":"has-post-thumbnail","6":"product_cat-aromalamper-aromadiffusere-og-duftstaenger","7":"product_cat-duftstaenger-duftfrisker","8":"pa_collection-diffuser-bottles-da","9":"pa_made-in-kina","10":"pa_size-140ml","12":"first","13":"instock","14":"purchasable","15":"product-type-simple"},"supplier_id":null,"supplier_sku":"RDBot-09","barcode":null,"atum_controlled":true,"out_stock_date":null,"out_stock_threshold":null,"inheritable":false,"inbound_stock":null,"stock_on_hold":0,"sold_today":0,"sales_last_days":0,"reserved_stock":null,"customer_returns":null,"warehouse_damage":null,"lost_in_post":null,"other_logs":null,"out_stock_days":10,"lost_sales":0,"has_location":null,"update_date":"2026-02-10T11:26:04","atum_locations":[],"atum_stock_status":"instock","restock_status":false,"low_stock_amount":"","sales_update_date":"2026-02-06T00:02:30","calc_backorders":null,"_links":{"self":[{"href":"https:\/\/aromasentia.com\/da\/wp-json\/wp\/v2\/product\/201123","targetHints":{"allow":["GET"]}}],"collection":[{"href":"https:\/\/aromasentia.com\/da\/wp-json\/wp\/v2\/product"}],"about":[{"href":"https:\/\/aromasentia.com\/da\/wp-json\/wp\/v2\/types\/product"}],"replies":[{"embeddable":true,"href":"https:\/\/aromasentia.com\/da\/wp-json\/wp\/v2\/comments?post=201123"}],"version-history":[{"count":0,"href":"https:\/\/aromasentia.com\/da\/wp-json\/wp\/v2\/product\/201123\/revisions"}],"wp:featuredmedia":[{"embeddable":true,"href":"https:\/\/aromasentia.com\/da\/wp-json\/wp\/v2\/media\/269291"}],"wp:attachment":[{"href":"https:\/\/aromasentia.com\/da\/wp-json\/wp\/v2\/media?parent=201123"}],"wp:term":[{"taxonomy":"product_brand","embeddable":true,"href":"https:\/\/aromasentia.com\/da\/wp-json\/wp\/v2\/product_brand?post=201123"},{"taxonomy":"product_cat","embeddable":true,"href":"https:\/\/aromasentia.com\/da\/wp-json\/wp\/v2\/product_cat?post=201123"},{"taxonomy":"product_tag","embeddable":true,"href":"https:\/\/aromasentia.com\/da\/wp-json\/wp\/v2\/product_tag?post=201123"}],"curies":[{"name":"wp","href":"https:\/\/api.w.org\/{rel}","templated":true}]}}