{"id":201120,"date":"2025-03-20T15:18:52","date_gmt":"2025-03-20T15:18:52","guid":{"rendered":"https:\/\/aromasentia.com\/product\/30x-roll-on-essential-oil-blend-fall-asleep-unlabelled\/"},"modified":"2025-06-22T03:34:29","modified_gmt":"2025-06-22T03:34:29","slug":"30x-roll-on-blanding-af-aeteriske-olier-fald-i-soevn-uden-maerkning","status":"publish","type":"product","link":"https:\/\/aromasentia.com\/da\/30x-roll-on-blanding-af-aeteriske-olier-fald-i-soevn-uden-maerkning\/","title":{"rendered":"30X Roll On-Blanding Af \u00c6teriske Olier &#8211; Fald I S\u00f8vn &#8211; Uden m\u00e6rkning"},"content":{"rendered":"<p>Glid ind i en fredelig s\u00f8vn med denne 30-pak Roll On Essential Oil Blend &#8211; Fall Asleep &#8211; UNLABELLED. Denne roll-on er ekspertblandet med beroligende og afslappende \u00e6teriske olier som lavendel og kamille og er designet til at hj\u00e6lpe med at f\u00e5 sindet til at falde til ro og forberede kroppen p\u00e5 en afslappende nat. P\u00e5f\u00f8r den p\u00e5 tindinger, h\u00e5ndled eller f\u00f8dder f\u00f8r sengetid for at fremme roen og lette overgangen til dyb s\u00f8vn. Et naturligt s\u00f8vnmiddel, klar til din branding, til dem, der s\u00f8ger en fredelig nats hvile.<\/p>\n","protected":false},"excerpt":{"rendered":"<p>Glid ind i en fredelig s\u00f8vn med denne 30-pak Roll On Essential Oil Blend &#8211; Fall Asleep &#8211; UNLABELLED. Denne roll-on er ekspertblandet med beroligende og afslappende \u00e6teriske olier som lavendel og kamille og er designet til at hj\u00e6lpe med at f\u00e5 sindet til at falde til ro og forberede kroppen p\u00e5 en afslappende nat. [&hellip;]<\/p>\n","protected":false},"featured_media":270066,"comment_status":"closed","ping_status":"open","template":"","meta":[],"product_brand":[27094],"product_cat":[26647,7647,6153],"product_tag":[],"class_list":{"0":"post-201120","1":"product","2":"type-product","3":"status-publish","4":"has-post-thumbnail","6":"product_brand-ancient-wisdom","7":"product_cat-aeteriske-olieblandinger","8":"product_cat-aeteriske-olier","9":"product_cat-aromaterapi-og-rumdufte","10":"pa_collection-unlabelled-roll-on-essential-oil-blends-da","11":"pa_made-in-storbritannien","13":"first","14":"instock","15":"purchasable","16":"product-type-simple"},"supplier_id":null,"supplier_sku":"ReblUL-02","barcode":null,"atum_controlled":true,"out_stock_date":null,"out_stock_threshold":null,"inheritable":false,"inbound_stock":null,"stock_on_hold":0,"sold_today":0,"sales_last_days":0,"reserved_stock":null,"customer_returns":null,"warehouse_damage":null,"lost_in_post":null,"other_logs":null,"out_stock_days":0,"lost_sales":0,"has_location":null,"update_date":"2026-02-10T12:56:48","atum_locations":[],"atum_stock_status":"instock","restock_status":false,"low_stock_amount":"","sales_update_date":"2025-09-05T00:18:34","calc_backorders":null,"_links":{"self":[{"href":"https:\/\/aromasentia.com\/da\/wp-json\/wp\/v2\/product\/201120","targetHints":{"allow":["GET"]}}],"collection":[{"href":"https:\/\/aromasentia.com\/da\/wp-json\/wp\/v2\/product"}],"about":[{"href":"https:\/\/aromasentia.com\/da\/wp-json\/wp\/v2\/types\/product"}],"replies":[{"embeddable":true,"href":"https:\/\/aromasentia.com\/da\/wp-json\/wp\/v2\/comments?post=201120"}],"version-history":[{"count":0,"href":"https:\/\/aromasentia.com\/da\/wp-json\/wp\/v2\/product\/201120\/revisions"}],"wp:featuredmedia":[{"embeddable":true,"href":"https:\/\/aromasentia.com\/da\/wp-json\/wp\/v2\/media\/270066"}],"wp:attachment":[{"href":"https:\/\/aromasentia.com\/da\/wp-json\/wp\/v2\/media?parent=201120"}],"wp:term":[{"taxonomy":"product_brand","embeddable":true,"href":"https:\/\/aromasentia.com\/da\/wp-json\/wp\/v2\/product_brand?post=201120"},{"taxonomy":"product_cat","embeddable":true,"href":"https:\/\/aromasentia.com\/da\/wp-json\/wp\/v2\/product_cat?post=201120"},{"taxonomy":"product_tag","embeddable":true,"href":"https:\/\/aromasentia.com\/da\/wp-json\/wp\/v2\/product_tag?post=201120"}],"curies":[{"name":"wp","href":"https:\/\/api.w.org\/{rel}","templated":true}]}}