{"id":201114,"date":"2025-03-20T15:18:52","date_gmt":"2025-03-20T15:18:52","guid":{"rendered":"https:\/\/aromasentia.com\/product\/10ml-roll-on-essential-oil-blend-cheer-up\/"},"modified":"2025-06-22T03:34:27","modified_gmt":"2025-06-22T03:34:27","slug":"roll-on-blanding-af-aeteriske-olier-cheer-up-10ml","status":"publish","type":"product","link":"https:\/\/aromasentia.com\/da\/roll-on-blanding-af-aeteriske-olier-cheer-up-10ml\/","title":{"rendered":"Roll On-Blanding Af \u00c6teriske Olier &#8211; Cheer Up! 10ml"},"content":{"rendered":"<p><strong>Roll-On \u00e6terisk olieblanding &#8211; Cheer Up!<\/strong> er en kombination af rene olier, der alle fungerer godt sammen for at fremme noget specifikt som afslapning, gl\u00e6de, energi, lykke og meget mere. Roll-ons bliver mere og mere popul\u00e6re blandt aromaterapikunder. Indeholder en blanding af 100% naturlige og \u00e6teriske olier i en beroligende E-vitamin-b\u00e6reroliebase.<\/p>\n<p>Du kan nyde fordelene ved aromaterapi n\u00e5r som helst med disse lommestore roll-on \u00e6teriske olieblandinger. Ideel rejseledsager, uanset om du er p\u00e5 den daglige pendling eller rejser verden rundt. Roll-on \u00e6terisk olieblanding kan nemt p\u00e5f\u00f8res hele dagen i stressende situationer og ansp\u00e6ndte tider, hvilket g\u00f8r det nemmere end nogensinde at opleve aromaterapi, n\u00e5r dine kunder har mest brug for det.<\/p>\n<p>Nem at bruge: For at frigive aromaterapien, rulles den p\u00e5 tindinger, h\u00e5ndled og nakke. M\u00e5 ikke anvendes indvortes.<\/p>\n<ul>\n<li>Lommest\u00f8rrelse.<\/li>\n<li>Opl\u00f8ftende dufte.<\/li>\n<li>Nem at p\u00e5f\u00f8re.<\/li>\n<\/ul>\n","protected":false},"excerpt":{"rendered":"<p>Roll-On \u00e6terisk olieblanding &#8211; Cheer Up! er en kombination af rene olier, der alle fungerer godt sammen for at fremme noget specifikt som afslapning, gl\u00e6de, energi, lykke og meget mere. Roll-ons bliver mere og mere popul\u00e6re blandt aromaterapikunder. Indeholder en blanding af 100% naturlige og \u00e6teriske olier i en beroligende E-vitamin-b\u00e6reroliebase. Du kan nyde fordelene [&hellip;]<\/p>\n","protected":false},"featured_media":269876,"comment_status":"closed","ping_status":"open","template":"","meta":[],"product_brand":[27094],"product_cat":[26647,7647,6153],"product_tag":[],"class_list":{"0":"post-201114","1":"product","2":"type-product","3":"status-publish","4":"has-post-thumbnail","6":"product_brand-ancient-wisdom","7":"product_cat-aeteriske-olieblandinger","8":"product_cat-aeteriske-olier","9":"product_cat-aromaterapi-og-rumdufte","10":"pa_collection-roll-on-essential-oil-blends-da","11":"pa_made-in-storbritannien","12":"pa_size-10ml","14":"first","15":"instock","16":"purchasable","17":"product-type-simple"},"supplier_id":null,"supplier_sku":"REBL-03","barcode":null,"atum_controlled":true,"out_stock_date":null,"out_stock_threshold":null,"inheritable":false,"inbound_stock":null,"stock_on_hold":0,"sold_today":0,"sales_last_days":0,"reserved_stock":null,"customer_returns":null,"warehouse_damage":null,"lost_in_post":null,"other_logs":null,"out_stock_days":0,"lost_sales":0,"has_location":null,"update_date":"2026-02-09T14:57:05","atum_locations":[],"atum_stock_status":"instock","restock_status":false,"low_stock_amount":"","sales_update_date":"2025-09-05T00:18:33","calc_backorders":null,"_links":{"self":[{"href":"https:\/\/aromasentia.com\/da\/wp-json\/wp\/v2\/product\/201114","targetHints":{"allow":["GET"]}}],"collection":[{"href":"https:\/\/aromasentia.com\/da\/wp-json\/wp\/v2\/product"}],"about":[{"href":"https:\/\/aromasentia.com\/da\/wp-json\/wp\/v2\/types\/product"}],"replies":[{"embeddable":true,"href":"https:\/\/aromasentia.com\/da\/wp-json\/wp\/v2\/comments?post=201114"}],"version-history":[{"count":0,"href":"https:\/\/aromasentia.com\/da\/wp-json\/wp\/v2\/product\/201114\/revisions"}],"wp:featuredmedia":[{"embeddable":true,"href":"https:\/\/aromasentia.com\/da\/wp-json\/wp\/v2\/media\/269876"}],"wp:attachment":[{"href":"https:\/\/aromasentia.com\/da\/wp-json\/wp\/v2\/media?parent=201114"}],"wp:term":[{"taxonomy":"product_brand","embeddable":true,"href":"https:\/\/aromasentia.com\/da\/wp-json\/wp\/v2\/product_brand?post=201114"},{"taxonomy":"product_cat","embeddable":true,"href":"https:\/\/aromasentia.com\/da\/wp-json\/wp\/v2\/product_cat?post=201114"},{"taxonomy":"product_tag","embeddable":true,"href":"https:\/\/aromasentia.com\/da\/wp-json\/wp\/v2\/product_tag?post=201114"}],"curies":[{"name":"wp","href":"https:\/\/api.w.org\/{rel}","templated":true}]}}