{"id":201112,"date":"2025-03-20T15:18:52","date_gmt":"2025-03-20T15:18:52","guid":{"rendered":"https:\/\/aromasentia.com\/product\/10ml-roll-on-essential-oil-blend-dont-worry\/"},"modified":"2025-06-22T03:34:26","modified_gmt":"2025-06-22T03:34:26","slug":"roll-on-blanding-af-aeteriske-olier-vaer-ikke-bekymret-10ml","status":"publish","type":"product","link":"https:\/\/aromasentia.com\/da\/roll-on-blanding-af-aeteriske-olier-vaer-ikke-bekymret-10ml\/","title":{"rendered":"Roll On-Blanding Af \u00c6teriske Olier &#8211; V\u00e6r Ikke Bekymret! 10ml"},"content":{"rendered":"<p><strong>Roll-on \u00e6terisk olieblanding<\/strong>&nbsp;<strong>&#8211; Bare rolig!<\/strong> er en kombination af rene olier, der alle fungerer godt sammen for at fremme noget specifikt som afslapning, opstemthed, energi, lykke og meget mere. Roll-ons bliver mere og mere popul\u00e6re blandt aromaterapikunder. Indeholder en blanding af 100% naturlige og \u00e6teriske olier i en beroligende E-vitamin-b\u00e6reroliebase.<\/p>\n<p>Du kan nyde fordelene ved aromaterapi n\u00e5r som helst med disse roll-on \u00e6teriske olieblandinger i lommest\u00f8rrelse. Ideel rejseledsager, uanset om du er p\u00e5 den daglige pendling eller rejser verden rundt. Roll-on \u00e6terisk olieblanding kan nemt p\u00e5f\u00f8res hele dagen i stressende situationer og ansp\u00e6ndte tider, hvilket g\u00f8r det nemmere end nogensinde at opleve aromaterapi, n\u00e5r dine kunder har mest brug for det.<\/p>\n<p>Nem at bruge: For at frigive aromaterapien, rulles den p\u00e5 tindinger, h\u00e5ndled og nakke. M\u00e5 ikke anvendes indvortes&nbsp;<\/p>\n<ul>\n<li>Lommest\u00f8rrelse<\/li>\n<li>Opl\u00f8ftende dufte<\/li>\n<li>Nem at p\u00e5f\u00f8re&nbsp;<\/li>\n<\/ul>\n<p><\/p>\n","protected":false},"excerpt":{"rendered":"<p>Roll-on \u00e6terisk olieblanding&nbsp;&#8211; Bare rolig! er en kombination af rene olier, der alle fungerer godt sammen for at fremme noget specifikt som afslapning, opstemthed, energi, lykke og meget mere. Roll-ons bliver mere og mere popul\u00e6re blandt aromaterapikunder. Indeholder en blanding af 100% naturlige og \u00e6teriske olier i en beroligende E-vitamin-b\u00e6reroliebase. Du kan nyde fordelene ved [&hellip;]<\/p>\n","protected":false},"featured_media":269810,"comment_status":"closed","ping_status":"open","template":"","meta":{"_angie_page":false},"product_brand":[27094],"product_cat":[26647,7647,6153],"product_tag":[],"class_list":{"0":"post-201112","1":"product","2":"type-product","3":"status-publish","4":"has-post-thumbnail","6":"product_brand-ancient-wisdom","7":"product_cat-aeteriske-olieblandinger","8":"product_cat-aeteriske-olier","9":"product_cat-aromaterapi-og-rumdufte","10":"pa_collection-roll-on-essential-oil-blends-da","11":"pa_made-in-storbritannien","12":"pa_size-10ml","14":"first","15":"instock","16":"purchasable","17":"product-type-simple"},"supplier_id":null,"supplier_sku":"REBL-01","barcode":null,"atum_controlled":true,"out_stock_date":null,"out_stock_threshold":null,"inheritable":false,"inbound_stock":null,"stock_on_hold":0,"sold_today":0,"sales_last_days":0,"reserved_stock":null,"customer_returns":null,"warehouse_damage":null,"lost_in_post":null,"other_logs":null,"out_stock_days":0,"lost_sales":0,"has_location":null,"update_date":"2026-04-27T07:27:41","atum_locations":[],"atum_stock_status":"instock","restock_status":false,"low_stock_amount":"","sales_update_date":"2025-09-05T00:18:32","calc_backorders":null,"_links":{"self":[{"href":"https:\/\/aromasentia.com\/da\/wp-json\/wp\/v2\/product\/201112","targetHints":{"allow":["GET"]}}],"collection":[{"href":"https:\/\/aromasentia.com\/da\/wp-json\/wp\/v2\/product"}],"about":[{"href":"https:\/\/aromasentia.com\/da\/wp-json\/wp\/v2\/types\/product"}],"replies":[{"embeddable":true,"href":"https:\/\/aromasentia.com\/da\/wp-json\/wp\/v2\/comments?post=201112"}],"version-history":[{"count":0,"href":"https:\/\/aromasentia.com\/da\/wp-json\/wp\/v2\/product\/201112\/revisions"}],"wp:featuredmedia":[{"embeddable":true,"href":"https:\/\/aromasentia.com\/da\/wp-json\/wp\/v2\/media\/269810"}],"wp:attachment":[{"href":"https:\/\/aromasentia.com\/da\/wp-json\/wp\/v2\/media?parent=201112"}],"wp:term":[{"taxonomy":"product_brand","embeddable":true,"href":"https:\/\/aromasentia.com\/da\/wp-json\/wp\/v2\/product_brand?post=201112"},{"taxonomy":"product_cat","embeddable":true,"href":"https:\/\/aromasentia.com\/da\/wp-json\/wp\/v2\/product_cat?post=201112"},{"taxonomy":"product_tag","embeddable":true,"href":"https:\/\/aromasentia.com\/da\/wp-json\/wp\/v2\/product_tag?post=201112"}],"curies":[{"name":"wp","href":"https:\/\/api.w.org\/{rel}","templated":true}]}}