{"id":201105,"date":"2025-03-20T15:19:48","date_gmt":"2025-03-20T15:19:48","guid":{"rendered":"https:\/\/aromasentia.com\/product\/30x-roll-on-essential-oil-blend-just-chill-unlabelled\/"},"modified":"2025-06-22T03:34:23","modified_gmt":"2025-06-22T03:34:23","slug":"30x-roll-on-aeterisk-olie-blanding-just-chill-uden-maerkning","status":"publish","type":"product","link":"https:\/\/aromasentia.com\/da\/30x-roll-on-aeterisk-olie-blanding-just-chill-uden-maerkning\/","title":{"rendered":"30X Roll On \u00c6terisk Olie Blanding &#8211; Just Chill &#8211; Uden m\u00e6rkning"},"content":{"rendered":"<p>Slap af og find roen med denne 30-pak Roll On Essential Oil Blend &#8211; Just Chill &#8211; UNLABELLED. Denne roll-on er ekspertblandet med beroligende og afslappende \u00e6teriske olier og er din perfekte ledsager til at afstresse og fremme en f\u00f8lelse af ro. P\u00e5f\u00f8r den p\u00e5 pulspunkterne i hektiske \u00f8jeblikke, eller n\u00e5r du bare har brug for at slappe af og give slip. Den beroligende aroma hj\u00e6lper med at berolige sindet og lette sp\u00e6ndinger, s\u00e5 det bliver lettere at &#8220;bare slappe af&#8221;. Dette s\u00e6t med 30 stk. er klar til din unikke branding.<\/p>\n","protected":false},"excerpt":{"rendered":"<p>Slap af og find roen med denne 30-pak Roll On Essential Oil Blend &#8211; Just Chill &#8211; UNLABELLED. Denne roll-on er ekspertblandet med beroligende og afslappende \u00e6teriske olier og er din perfekte ledsager til at afstresse og fremme en f\u00f8lelse af ro. P\u00e5f\u00f8r den p\u00e5 pulspunkterne i hektiske \u00f8jeblikke, eller n\u00e5r du bare har brug [&hellip;]<\/p>\n","protected":false},"featured_media":270191,"comment_status":"closed","ping_status":"open","template":"","meta":{"_angie_page":false},"product_brand":[27094],"product_cat":[26647,7647,6153],"product_tag":[],"class_list":{"0":"post-201105","1":"product","2":"type-product","3":"status-publish","4":"has-post-thumbnail","6":"product_brand-ancient-wisdom","7":"product_cat-aeteriske-olieblandinger","8":"product_cat-aeteriske-olier","9":"product_cat-aromaterapi-og-rumdufte","10":"pa_collection-unlabelled-roll-on-essential-oil-blends-da","11":"pa_made-in-storbritannien","13":"first","14":"instock","15":"purchasable","16":"product-type-simple"},"supplier_id":null,"supplier_sku":"ReblUL-07","barcode":null,"atum_controlled":true,"out_stock_date":null,"out_stock_threshold":null,"inheritable":false,"inbound_stock":null,"stock_on_hold":0,"sold_today":0,"sales_last_days":0,"reserved_stock":null,"customer_returns":null,"warehouse_damage":null,"lost_in_post":null,"other_logs":null,"out_stock_days":0,"lost_sales":0,"has_location":null,"update_date":"2026-04-28T01:00:32","atum_locations":[],"atum_stock_status":"instock","restock_status":false,"low_stock_amount":"","sales_update_date":"2025-09-05T00:18:36","calc_backorders":null,"_links":{"self":[{"href":"https:\/\/aromasentia.com\/da\/wp-json\/wp\/v2\/product\/201105","targetHints":{"allow":["GET"]}}],"collection":[{"href":"https:\/\/aromasentia.com\/da\/wp-json\/wp\/v2\/product"}],"about":[{"href":"https:\/\/aromasentia.com\/da\/wp-json\/wp\/v2\/types\/product"}],"replies":[{"embeddable":true,"href":"https:\/\/aromasentia.com\/da\/wp-json\/wp\/v2\/comments?post=201105"}],"version-history":[{"count":0,"href":"https:\/\/aromasentia.com\/da\/wp-json\/wp\/v2\/product\/201105\/revisions"}],"wp:featuredmedia":[{"embeddable":true,"href":"https:\/\/aromasentia.com\/da\/wp-json\/wp\/v2\/media\/270191"}],"wp:attachment":[{"href":"https:\/\/aromasentia.com\/da\/wp-json\/wp\/v2\/media?parent=201105"}],"wp:term":[{"taxonomy":"product_brand","embeddable":true,"href":"https:\/\/aromasentia.com\/da\/wp-json\/wp\/v2\/product_brand?post=201105"},{"taxonomy":"product_cat","embeddable":true,"href":"https:\/\/aromasentia.com\/da\/wp-json\/wp\/v2\/product_cat?post=201105"},{"taxonomy":"product_tag","embeddable":true,"href":"https:\/\/aromasentia.com\/da\/wp-json\/wp\/v2\/product_tag?post=201105"}],"curies":[{"name":"wp","href":"https:\/\/api.w.org\/{rel}","templated":true}]}}