{"id":201104,"date":"2025-03-20T15:19:48","date_gmt":"2025-03-20T15:19:48","guid":{"rendered":"https:\/\/aromasentia.com\/product\/30x-roll-on-essential-oil-blend-wake-up-unlabelled\/"},"modified":"2025-06-22T03:34:23","modified_gmt":"2025-06-22T03:34:23","slug":"30x-roll-on-aeterisk-olie-blanding-wake-up-uden-maerkning","status":"publish","type":"product","link":"https:\/\/aromasentia.com\/da\/30x-roll-on-aeterisk-olie-blanding-wake-up-uden-maerkning\/","title":{"rendered":"30X Roll On \u00c6terisk Olie Blanding &#8211; Wake Up &#8211; Uden m\u00e6rkning"},"content":{"rendered":"<p>V\u00e6k dine sanser, og m\u00f8d dagen med denne 30-pak Roll On Essential Oil Blend &#8211; Wake up &#8211; UNLABELLED. Denne revitaliserende blanding indeholder lyse, stimulerende \u00e6teriske olier, der er n\u00f8je udvalgt til at hj\u00e6lpe med at fjerne sl\u00f8vhed, \u00f8ge energiniveauet og fremme \u00e5rv\u00e5genhed. Et perfekt morgenritual eller en opkvikker midt p\u00e5 dagen. P\u00e5f\u00f8r den p\u00e5 pulspunkterne for at f\u00e5 et \u00f8jeblikkeligt pust af forfriskende aroma, der f\u00e5r dig til at f\u00f8le dig forfrisket og klar til at g\u00e5 i gang. Hver roll-on i denne 30-pak venter p\u00e5 din personlige etiket.<\/p>\n","protected":false},"excerpt":{"rendered":"<p>V\u00e6k dine sanser, og m\u00f8d dagen med denne 30-pak Roll On Essential Oil Blend &#8211; Wake up &#8211; UNLABELLED. Denne revitaliserende blanding indeholder lyse, stimulerende \u00e6teriske olier, der er n\u00f8je udvalgt til at hj\u00e6lpe med at fjerne sl\u00f8vhed, \u00f8ge energiniveauet og fremme \u00e5rv\u00e5genhed. Et perfekt morgenritual eller en opkvikker midt p\u00e5 dagen. P\u00e5f\u00f8r den p\u00e5 [&hellip;]<\/p>\n","protected":false},"featured_media":270166,"comment_status":"closed","ping_status":"open","template":"","meta":{"_angie_page":false},"product_brand":[27094],"product_cat":[26647,7647,6153],"product_tag":[],"class_list":{"0":"post-201104","1":"product","2":"type-product","3":"status-publish","4":"has-post-thumbnail","6":"product_brand-ancient-wisdom","7":"product_cat-aeteriske-olieblandinger","8":"product_cat-aeteriske-olier","9":"product_cat-aromaterapi-og-rumdufte","10":"pa_collection-unlabelled-roll-on-essential-oil-blends-da","11":"pa_made-in-storbritannien","13":"first","14":"instock","15":"purchasable","16":"product-type-simple"},"supplier_id":null,"supplier_sku":"ReblUL-06","barcode":null,"atum_controlled":true,"out_stock_date":null,"out_stock_threshold":null,"inheritable":false,"inbound_stock":null,"stock_on_hold":0,"sold_today":0,"sales_last_days":0,"reserved_stock":null,"customer_returns":null,"warehouse_damage":null,"lost_in_post":null,"other_logs":null,"out_stock_days":0,"lost_sales":0,"has_location":null,"update_date":"2026-04-28T01:00:32","atum_locations":[],"atum_stock_status":"instock","restock_status":false,"low_stock_amount":"","sales_update_date":"2026-01-30T01:24:57","calc_backorders":null,"_links":{"self":[{"href":"https:\/\/aromasentia.com\/da\/wp-json\/wp\/v2\/product\/201104","targetHints":{"allow":["GET"]}}],"collection":[{"href":"https:\/\/aromasentia.com\/da\/wp-json\/wp\/v2\/product"}],"about":[{"href":"https:\/\/aromasentia.com\/da\/wp-json\/wp\/v2\/types\/product"}],"replies":[{"embeddable":true,"href":"https:\/\/aromasentia.com\/da\/wp-json\/wp\/v2\/comments?post=201104"}],"version-history":[{"count":0,"href":"https:\/\/aromasentia.com\/da\/wp-json\/wp\/v2\/product\/201104\/revisions"}],"wp:featuredmedia":[{"embeddable":true,"href":"https:\/\/aromasentia.com\/da\/wp-json\/wp\/v2\/media\/270166"}],"wp:attachment":[{"href":"https:\/\/aromasentia.com\/da\/wp-json\/wp\/v2\/media?parent=201104"}],"wp:term":[{"taxonomy":"product_brand","embeddable":true,"href":"https:\/\/aromasentia.com\/da\/wp-json\/wp\/v2\/product_brand?post=201104"},{"taxonomy":"product_cat","embeddable":true,"href":"https:\/\/aromasentia.com\/da\/wp-json\/wp\/v2\/product_cat?post=201104"},{"taxonomy":"product_tag","embeddable":true,"href":"https:\/\/aromasentia.com\/da\/wp-json\/wp\/v2\/product_tag?post=201104"}],"curies":[{"name":"wp","href":"https:\/\/api.w.org\/{rel}","templated":true}]}}