{"id":201102,"date":"2025-03-20T15:19:48","date_gmt":"2025-03-20T15:19:48","guid":{"rendered":"https:\/\/aromasentia.com\/product\/30x-roll-on-essential-oil-blend-get-physical-unlabelled\/"},"modified":"2025-06-22T03:34:22","modified_gmt":"2025-06-22T03:34:22","slug":"30x-roll-on-aeterisk-olie-blanding-get-physical-uden-maerkning","status":"publish","type":"product","link":"https:\/\/aromasentia.com\/da\/30x-roll-on-aeterisk-olie-blanding-get-physical-uden-maerkning\/","title":{"rendered":"30X Roll On \u00c6terisk Olie Blanding &#8211; Get Physical &#8211; Uden m\u00e6rkning"},"content":{"rendered":"<p>Giv din krop og dit sind energi med denne 30-pak Roll On Essential Oil Blend &#8211; Get Physical &#8211; UNLABELLED. Denne forfriskende blanding er lavet med stimulerende \u00e6teriske olier, der er designet til at \u00f8ge udholdenheden, motivere til bev\u00e6gelse og forberede dine muskler til aktivitet. Den livlige aroma v\u00e6kker sanserne og er perfekt til brug f\u00f8r tr\u00e6ning, eller n\u00e5r du har brug for en energisk kickstart p\u00e5 dagen. Hver praktiske roll-on er klar til din private label og giver et naturligt boost til en aktiv livsstil.<\/p>\n","protected":false},"excerpt":{"rendered":"<p>Giv din krop og dit sind energi med denne 30-pak Roll On Essential Oil Blend &#8211; Get Physical &#8211; UNLABELLED. Denne forfriskende blanding er lavet med stimulerende \u00e6teriske olier, der er designet til at \u00f8ge udholdenheden, motivere til bev\u00e6gelse og forberede dine muskler til aktivitet. Den livlige aroma v\u00e6kker sanserne og er perfekt til brug [&hellip;]<\/p>\n","protected":false},"featured_media":270116,"comment_status":"closed","ping_status":"open","template":"","meta":{"_angie_page":false},"product_brand":[27094],"product_cat":[26647,7647,6153],"product_tag":[],"class_list":{"0":"post-201102","1":"product","2":"type-product","3":"status-publish","4":"has-post-thumbnail","6":"product_brand-ancient-wisdom","7":"product_cat-aeteriske-olieblandinger","8":"product_cat-aeteriske-olier","9":"product_cat-aromaterapi-og-rumdufte","10":"pa_collection-unlabelled-roll-on-essential-oil-blends-da","11":"pa_made-in-storbritannien","13":"first","14":"instock","15":"purchasable","16":"product-type-simple"},"supplier_id":null,"supplier_sku":"ReblUL-04","barcode":null,"atum_controlled":true,"out_stock_date":null,"out_stock_threshold":null,"inheritable":false,"inbound_stock":null,"stock_on_hold":0,"sold_today":0,"sales_last_days":0,"reserved_stock":null,"customer_returns":null,"warehouse_damage":null,"lost_in_post":null,"other_logs":null,"out_stock_days":0,"lost_sales":0,"has_location":null,"update_date":"2026-04-27T07:19:36","atum_locations":[],"atum_stock_status":"instock","restock_status":false,"low_stock_amount":"","sales_update_date":"2025-09-05T00:18:35","calc_backorders":null,"_links":{"self":[{"href":"https:\/\/aromasentia.com\/da\/wp-json\/wp\/v2\/product\/201102","targetHints":{"allow":["GET"]}}],"collection":[{"href":"https:\/\/aromasentia.com\/da\/wp-json\/wp\/v2\/product"}],"about":[{"href":"https:\/\/aromasentia.com\/da\/wp-json\/wp\/v2\/types\/product"}],"replies":[{"embeddable":true,"href":"https:\/\/aromasentia.com\/da\/wp-json\/wp\/v2\/comments?post=201102"}],"version-history":[{"count":0,"href":"https:\/\/aromasentia.com\/da\/wp-json\/wp\/v2\/product\/201102\/revisions"}],"wp:featuredmedia":[{"embeddable":true,"href":"https:\/\/aromasentia.com\/da\/wp-json\/wp\/v2\/media\/270116"}],"wp:attachment":[{"href":"https:\/\/aromasentia.com\/da\/wp-json\/wp\/v2\/media?parent=201102"}],"wp:term":[{"taxonomy":"product_brand","embeddable":true,"href":"https:\/\/aromasentia.com\/da\/wp-json\/wp\/v2\/product_brand?post=201102"},{"taxonomy":"product_cat","embeddable":true,"href":"https:\/\/aromasentia.com\/da\/wp-json\/wp\/v2\/product_cat?post=201102"},{"taxonomy":"product_tag","embeddable":true,"href":"https:\/\/aromasentia.com\/da\/wp-json\/wp\/v2\/product_tag?post=201102"}],"curies":[{"name":"wp","href":"https:\/\/api.w.org\/{rel}","templated":true}]}}