{"id":201101,"date":"2025-03-20T15:19:48","date_gmt":"2025-03-20T15:19:48","guid":{"rendered":"https:\/\/aromasentia.com\/product\/30x-roll-on-essential-oil-blend-cheer-up-unlabelled\/"},"modified":"2025-06-22T03:34:19","modified_gmt":"2025-06-22T03:34:19","slug":"30x-roll-on-blanding-af-aeteriske-olier-cheer-up-uden-maerkning","status":"publish","type":"product","link":"https:\/\/aromasentia.com\/da\/30x-roll-on-blanding-af-aeteriske-olier-cheer-up-uden-maerkning\/","title":{"rendered":"30X Roll On-Blanding Af \u00c6teriske Olier &#8211; Cheer Up &#8211; Uden m\u00e6rkning"},"content":{"rendered":"<p>L\u00f8ft hum\u00f8ret \u00f8jeblikkeligt med denne 30-pak Roll On Essential Oil Blend &#8211; Cheer Up &#8211; UNLABELLED. Denne lyse og glade blanding indeholder opl\u00f8ftende citrus- og hum\u00f8rsvingende \u00e6teriske olier, der er designet til at fjerne dysterhed og inspirere til positivitet. Du skal blot rulle den p\u00e5 pulspunkterne, n\u00e5r du har brug for et skud lykke eller et mere optimistisk syn p\u00e5 tilv\u00e6relsen. Den muntre aroma er en perfekt opkvikker i l\u00f8bet af dagen. Dette praktiske s\u00e6t med 30 roll-ons venter p\u00e5 din personlige branding for at sprede gl\u00e6de.<\/p>\n","protected":false},"excerpt":{"rendered":"<p>L\u00f8ft hum\u00f8ret \u00f8jeblikkeligt med denne 30-pak Roll On Essential Oil Blend &#8211; Cheer Up &#8211; UNLABELLED. Denne lyse og glade blanding indeholder opl\u00f8ftende citrus- og hum\u00f8rsvingende \u00e6teriske olier, der er designet til at fjerne dysterhed og inspirere til positivitet. Du skal blot rulle den p\u00e5 pulspunkterne, n\u00e5r du har brug for et skud lykke eller [&hellip;]<\/p>\n","protected":false},"featured_media":270091,"comment_status":"closed","ping_status":"open","template":"","meta":[],"product_brand":[27094],"product_cat":[26647,7647,6153],"product_tag":[],"class_list":{"0":"post-201101","1":"product","2":"type-product","3":"status-publish","4":"has-post-thumbnail","6":"product_brand-ancient-wisdom","7":"product_cat-aeteriske-olieblandinger","8":"product_cat-aeteriske-olier","9":"product_cat-aromaterapi-og-rumdufte","10":"pa_collection-unlabelled-roll-on-essential-oil-blends-da","11":"pa_made-in-storbritannien","13":"first","14":"instock","15":"purchasable","16":"product-type-simple"},"supplier_id":null,"supplier_sku":"ReblUL-03","barcode":null,"atum_controlled":true,"out_stock_date":null,"out_stock_threshold":null,"inheritable":false,"inbound_stock":null,"stock_on_hold":0,"sold_today":0,"sales_last_days":0,"reserved_stock":null,"customer_returns":null,"warehouse_damage":null,"lost_in_post":null,"other_logs":null,"out_stock_days":0,"lost_sales":0,"has_location":null,"update_date":"2026-01-30T01:26:38","atum_locations":[],"atum_stock_status":"instock","restock_status":false,"low_stock_amount":"","sales_update_date":"2026-01-30T01:26:38","calc_backorders":null,"_links":{"self":[{"href":"https:\/\/aromasentia.com\/da\/wp-json\/wp\/v2\/product\/201101","targetHints":{"allow":["GET"]}}],"collection":[{"href":"https:\/\/aromasentia.com\/da\/wp-json\/wp\/v2\/product"}],"about":[{"href":"https:\/\/aromasentia.com\/da\/wp-json\/wp\/v2\/types\/product"}],"replies":[{"embeddable":true,"href":"https:\/\/aromasentia.com\/da\/wp-json\/wp\/v2\/comments?post=201101"}],"version-history":[{"count":0,"href":"https:\/\/aromasentia.com\/da\/wp-json\/wp\/v2\/product\/201101\/revisions"}],"wp:featuredmedia":[{"embeddable":true,"href":"https:\/\/aromasentia.com\/da\/wp-json\/wp\/v2\/media\/270091"}],"wp:attachment":[{"href":"https:\/\/aromasentia.com\/da\/wp-json\/wp\/v2\/media?parent=201101"}],"wp:term":[{"taxonomy":"product_brand","embeddable":true,"href":"https:\/\/aromasentia.com\/da\/wp-json\/wp\/v2\/product_brand?post=201101"},{"taxonomy":"product_cat","embeddable":true,"href":"https:\/\/aromasentia.com\/da\/wp-json\/wp\/v2\/product_cat?post=201101"},{"taxonomy":"product_tag","embeddable":true,"href":"https:\/\/aromasentia.com\/da\/wp-json\/wp\/v2\/product_tag?post=201101"}],"curies":[{"name":"wp","href":"https:\/\/api.w.org\/{rel}","templated":true}]}}