{"id":201096,"date":"2025-03-20T15:19:48","date_gmt":"2025-03-20T15:19:48","guid":{"rendered":"https:\/\/aromasentia.com\/product\/small-soapstone-oil-burner-8cm-om\/"},"modified":"2025-06-22T03:34:17","modified_gmt":"2025-06-22T03:34:17","slug":"lille-oliebraender-til-duftolie-i-fedtsten-8cm-om","status":"publish","type":"product","link":"https:\/\/aromasentia.com\/da\/lille-oliebraender-til-duftolie-i-fedtsten-8cm-om\/","title":{"rendered":"Lille Oliebr\u00e6nder Til Duftolie I Fedtsten 8cm &#8211; Om"},"content":{"rendered":"<p><span style=\"color: rgb(75, 80, 88);\">Vores nye serie af <strong>r\u00f8gelsesbr\u00e6ndere i fedtsten<\/strong> er fremstillet med pr\u00e6cision og omhu, hvor hvert stykke er et bevis p\u00e5 h\u00e5ndv\u00e6rkerens dygtighed, hvilket g\u00f8r dem til b\u00e5de fantastiske dekorative genstande og praktiske v\u00e6rkt\u00f8jer til at skabe en rolig atmosf\u00e6re.<\/span><\/p>\n<p><strong>Denne oliebr\u00e6nder med Om-tema bringer en f\u00f8lelse af ro og spirituel forbindelse til dit rum.<\/strong>Lavt af fedtsten er det en dejlig blanding af kunstnerisk sans og ro. <\/p>\n<p><span style=\"color: rgb(75, 80, 88);\">For virkelig at forbedre oplevelsen anbefaler vi at supplere disse br\u00e6ndere med<\/span><a href=\"https:\/\/aromasentia.com\/eo\"><span style=\"color: rgb(149, 122, 101);\"><strong>\u00c6teriske olier<\/strong><\/span><\/a><span style=\"color: rgb(75, 80, 88);\">,<\/span><a href=\"https:\/\/aromasentia.com\/awfo\"><span style=\"color: rgb(149, 122, 101);\"><strong>Duftolier<\/strong><\/span><\/a><span style=\"color: rgb(75, 80, 88);\">,<\/span><a href=\"https:\/\/aromasentia.com\/lwmelt\"><strong><span style=\"color: rgb(149, 122, 101);\">Vokssmelter<\/span><\/strong><\/a><span style=\"color: rgb(75, 80, 88);\">&nbsp;eller&nbsp;<\/span><a href=\"https:\/\/aromasentia.com\/tpsg\"><span style=\"color: rgb(149, 122, 101);\"><strong>Simrende granulat<\/strong><\/span><\/a><span style=\"color: rgb(75, 80, 88);\">.<\/span> Kombinationen af duftende olier og den blide duft af r\u00f8gelse skaber en sanseoplevelse, der vil fange dine kunder.<\/p>\n<p>Bem\u00e6rk: S\u00f8rg for, at der er tilstr\u00e6kkeligt vand i beholderen over br\u00e6nderen, og placer altid oliebr\u00e6nderen p\u00e5 en varmebestandig m\u00e5tte.<\/p>\n","protected":false},"excerpt":{"rendered":"<p>Vores nye serie af r\u00f8gelsesbr\u00e6ndere i fedtsten er fremstillet med pr\u00e6cision og omhu, hvor hvert stykke er et bevis p\u00e5 h\u00e5ndv\u00e6rkerens dygtighed, hvilket g\u00f8r dem til b\u00e5de fantastiske dekorative genstande og praktiske v\u00e6rkt\u00f8jer til at skabe en rolig atmosf\u00e6re. Denne oliebr\u00e6nder med Om-tema bringer en f\u00f8lelse af ro og spirituel forbindelse til dit rum.Lavt af [&hellip;]<\/p>\n","protected":false},"featured_media":270339,"comment_status":"closed","ping_status":"open","template":"","meta":{"_angie_page":false},"product_brand":[],"product_cat":[6517,6169],"product_tag":[],"class_list":{"0":"post-201096","1":"product","2":"type-product","3":"status-publish","4":"has-post-thumbnail","6":"product_cat-aromalamper-oliebraender","7":"product_cat-aromalamper-aromadiffusere-og-duftstaenger","8":"pa_collection-soapstone-oil-burners-da","9":"pa_made-in-indien","11":"first","12":"outofstock","13":"purchasable","14":"product-type-simple"},"supplier_id":null,"supplier_sku":"SoapOB-14","barcode":null,"atum_controlled":true,"out_stock_date":"2025-09-05 16:08:21","out_stock_threshold":null,"inheritable":false,"inbound_stock":null,"stock_on_hold":0,"sold_today":0,"sales_last_days":0,"reserved_stock":null,"customer_returns":null,"warehouse_damage":null,"lost_in_post":null,"other_logs":null,"out_stock_days":0,"lost_sales":0,"has_location":null,"update_date":"2026-04-27T07:21:52","atum_locations":[],"atum_stock_status":"outofstock","restock_status":false,"low_stock_amount":"","sales_update_date":"2025-09-05T00:18:35","calc_backorders":null,"_links":{"self":[{"href":"https:\/\/aromasentia.com\/da\/wp-json\/wp\/v2\/product\/201096","targetHints":{"allow":["GET"]}}],"collection":[{"href":"https:\/\/aromasentia.com\/da\/wp-json\/wp\/v2\/product"}],"about":[{"href":"https:\/\/aromasentia.com\/da\/wp-json\/wp\/v2\/types\/product"}],"replies":[{"embeddable":true,"href":"https:\/\/aromasentia.com\/da\/wp-json\/wp\/v2\/comments?post=201096"}],"version-history":[{"count":0,"href":"https:\/\/aromasentia.com\/da\/wp-json\/wp\/v2\/product\/201096\/revisions"}],"wp:featuredmedia":[{"embeddable":true,"href":"https:\/\/aromasentia.com\/da\/wp-json\/wp\/v2\/media\/270339"}],"wp:attachment":[{"href":"https:\/\/aromasentia.com\/da\/wp-json\/wp\/v2\/media?parent=201096"}],"wp:term":[{"taxonomy":"product_brand","embeddable":true,"href":"https:\/\/aromasentia.com\/da\/wp-json\/wp\/v2\/product_brand?post=201096"},{"taxonomy":"product_cat","embeddable":true,"href":"https:\/\/aromasentia.com\/da\/wp-json\/wp\/v2\/product_cat?post=201096"},{"taxonomy":"product_tag","embeddable":true,"href":"https:\/\/aromasentia.com\/da\/wp-json\/wp\/v2\/product_tag?post=201096"}],"curies":[{"name":"wp","href":"https:\/\/api.w.org\/{rel}","templated":true}]}}