{"id":201091,"date":"2025-03-20T15:20:52","date_gmt":"2025-03-20T15:20:52","guid":{"rendered":"https:\/\/aromasentia.com\/product\/wake-up-aromatherapy-smelling-salt\/"},"modified":"2025-06-22T03:34:15","modified_gmt":"2025-06-22T03:34:15","slug":"wake-up-aromaterapi-duftsalt","status":"publish","type":"product","link":"https:\/\/aromasentia.com\/da\/wake-up-aromaterapi-duftsalt\/","title":{"rendered":"Wake Up Aromaterapi Duftsalt"},"content":{"rendered":"<p><span style=\"color: rgb(75, 80, 88);\"><strong>Wake Up Aromatherapy Smelling Salt<\/strong><\/span><span style=\"color: rgb(75, 80, 88);\"><strong>&nbsp;&#8211; V\u00e6k dine sanser og giv din dag energi!<\/strong><\/span><\/p>\n<p><span style=\"color: rgb(75, 80, 88);\">I generationer er en blanding af aromatiske elementer blevet brugt til inhalation, hvilket fremmer terapeutiske effekter.<\/span><\/p>\n<p><span style=\"color: rgb(75, 80, 88);\">M\u00e6rk en revitaliserende b\u00f8lge af friskhed med Wake Up Aromatherapy Smelling Salt, omhyggeligt fremstillet til at styrke dine sanser og kickstarte dine morgener. Denne exceptionelle blanding fremviser en symfoni af \u00e6teriske olier og den medf\u00f8dte renhed af Himalayasalt, herunder *Ravensara*, rosmarin, citrongr\u00e6s og *Mandarin*.<\/span><\/p>\n<p><span style=\"color: rgb(75, 80, 88);\">Ravensara, kendt for sine forfriskende egenskaber, kombineres med de opl\u00f8ftende noter af rosmarin og citrongr\u00e6s. Denne dynamiske trio v\u00e6kker dine sanser og giver et piftende energiudbrud, hvilket g\u00f8r den til den perfekte ledsager til din morgenrutine. Den subtile, men muntre aroma af mandarin tilf\u00f8jer et strejf af udstr\u00e5ling og skaber en atmosf\u00e6re af fornyet vitalitet.<\/span><\/p>\n<p><span style=\"color: rgb(75, 80, 88);\">At dyrke aromaterapi med duftsalte er en ligetil proces. \u00c5bn en flaske, ind\u00e5nd den revitaliserende aroma, og m\u00e6rk energib\u00f8lgen, n\u00e5r de aromatiske molekyler interagerer med dit lugtesystem. Denne fordybende oplevelse kan potentielt \u00f8ge \u00e5rv\u00e5genhed, fremme en f\u00f8lelse af fornyet fokus og give din dag ny energi.<\/span><\/p>\n<p><span style=\"color: rgb(75, 80, 88);\">L\u00f8ft dine morgener og omfavn kraften i naturlig stimulering med Wake Up Aromatherapy Smelling Salt. Giv dine omgivelser energi, opl\u00f8ft dit hum\u00f8r, og begynd hver dag med en forfriskende f\u00f8lelse af parathed.<\/span><\/p>\n","protected":false},"excerpt":{"rendered":"<p>Wake Up Aromatherapy Smelling Salt&nbsp;&#8211; V\u00e6k dine sanser og giv din dag energi! I generationer er en blanding af aromatiske elementer blevet brugt til inhalation, hvilket fremmer terapeutiske effekter. M\u00e6rk en revitaliserende b\u00f8lge af friskhed med Wake Up Aromatherapy Smelling Salt, omhyggeligt fremstillet til at styrke dine sanser og kickstarte dine morgener. Denne exceptionelle blanding [&hellip;]<\/p>\n","protected":false},"featured_media":270833,"comment_status":"closed","ping_status":"open","template":"","meta":{"_angie_page":false},"product_brand":[],"product_cat":[6153,25792],"product_tag":[],"class_list":{"0":"post-201091","1":"product","2":"type-product","3":"status-publish","4":"has-post-thumbnail","6":"product_cat-aromaterapi-og-rumdufte","7":"product_cat-lugtesalt","8":"pa_collection-aromatherapy-smelling-salts-da","9":"pa_made-in-storbritannien","11":"first","12":"instock","13":"purchasable","14":"product-type-simple"},"supplier_id":null,"supplier_sku":"SSalt-04","barcode":null,"atum_controlled":true,"out_stock_date":null,"out_stock_threshold":null,"inheritable":false,"inbound_stock":null,"stock_on_hold":0,"sold_today":0,"sales_last_days":0,"reserved_stock":null,"customer_returns":null,"warehouse_damage":null,"lost_in_post":null,"other_logs":null,"out_stock_days":0,"lost_sales":0,"has_location":null,"update_date":"2026-04-27T07:23:10","atum_locations":[],"atum_stock_status":"instock","restock_status":false,"low_stock_amount":"","sales_update_date":"2026-01-30T01:24:34","calc_backorders":null,"_links":{"self":[{"href":"https:\/\/aromasentia.com\/da\/wp-json\/wp\/v2\/product\/201091","targetHints":{"allow":["GET"]}}],"collection":[{"href":"https:\/\/aromasentia.com\/da\/wp-json\/wp\/v2\/product"}],"about":[{"href":"https:\/\/aromasentia.com\/da\/wp-json\/wp\/v2\/types\/product"}],"replies":[{"embeddable":true,"href":"https:\/\/aromasentia.com\/da\/wp-json\/wp\/v2\/comments?post=201091"}],"version-history":[{"count":0,"href":"https:\/\/aromasentia.com\/da\/wp-json\/wp\/v2\/product\/201091\/revisions"}],"wp:featuredmedia":[{"embeddable":true,"href":"https:\/\/aromasentia.com\/da\/wp-json\/wp\/v2\/media\/270833"}],"wp:attachment":[{"href":"https:\/\/aromasentia.com\/da\/wp-json\/wp\/v2\/media?parent=201091"}],"wp:term":[{"taxonomy":"product_brand","embeddable":true,"href":"https:\/\/aromasentia.com\/da\/wp-json\/wp\/v2\/product_brand?post=201091"},{"taxonomy":"product_cat","embeddable":true,"href":"https:\/\/aromasentia.com\/da\/wp-json\/wp\/v2\/product_cat?post=201091"},{"taxonomy":"product_tag","embeddable":true,"href":"https:\/\/aromasentia.com\/da\/wp-json\/wp\/v2\/product_tag?post=201091"}],"curies":[{"name":"wp","href":"https:\/\/api.w.org\/{rel}","templated":true}]}}