{"id":201087,"date":"2025-03-20T15:20:52","date_gmt":"2025-03-20T15:20:52","guid":{"rendered":"https:\/\/aromasentia.com\/product\/square-soapstone-oil-burner-10x7-5cm-elephant\/"},"modified":"2025-06-22T03:34:14","modified_gmt":"2025-06-22T03:34:14","slug":"firkantet-fedtstens-oliebraender-til-duftolie-10x75cm-elefant","status":"publish","type":"product","link":"https:\/\/aromasentia.com\/da\/firkantet-fedtstens-oliebraender-til-duftolie-10x75cm-elefant\/","title":{"rendered":"Firkantet Fedtstens Oliebr\u00e6nder Til Duftolie 10X7,5cm &#8211; Elefant"},"content":{"rendered":"<p><span style=\"color: rgb(75, 80, 88);\">Denne firkantede fedtstensoliebr\u00e6nder er en fantastisk tilf\u00f8jelse til ethvert hjem eller meditationsomr\u00e5de. Den er professionelt fremstillet i Indien og har indviklede elefantudsk\u00e6ringer p\u00e5 alle fire sider, der repr\u00e6senterer styrke og visdom. Det naturlige fedtstensmateriale med sine jordagtige nuancer sikrer, at hvert stykke er unikt rustikt og fuld af karakter. Perfekt til at diffusere \u00e6teriske olier eller smelte voks, kombinerer denne br\u00e6nder problemfrit funktionalitet med dekorativ charme og skaber en rolig og indbydende atmosf\u00e6re. Det firkantede design, underst\u00f8ttet af robuste ben, forbedrer b\u00e5de dets stabilitet og h\u00e5ndv\u00e6rksm\u00e6ssige \u00e6stetik.<\/span><\/p>\n<p><span style=\"color: rgb(75, 80, 88);\">Produktegenskaber:<\/span><\/p>\n<ul>\n<li><span style=\"color: rgb(75, 80, 88);\">Materiale: Fedtsten<\/span><\/li>\n<li><span style=\"color: rgb(75, 80, 88);\">M\u00e5l: 10 x 7,5 cm<\/span><\/li>\n<li><span style=\"color: rgb(75, 80, 88);\">Design: Indviklede elefantudsk\u00e6ringer<\/span><\/li>\n<li><span style=\"color: rgb(75, 80, 88);\">Form: Firkantet med firesidede detaljer<\/span><\/li>\n<li><span style=\"color: rgb(75, 80, 88);\">Anvendelse: Velegnet til \u00e6teriske olier eller voks smelter<\/span><\/li>\n<li><span style=\"color: rgb(75, 80, 88);\">Oprindelse: H\u00e5ndlavet i Indien<\/span><\/li>\n<\/ul>\n","protected":false},"excerpt":{"rendered":"<p>Denne firkantede fedtstensoliebr\u00e6nder er en fantastisk tilf\u00f8jelse til ethvert hjem eller meditationsomr\u00e5de. Den er professionelt fremstillet i Indien og har indviklede elefantudsk\u00e6ringer p\u00e5 alle fire sider, der repr\u00e6senterer styrke og visdom. Det naturlige fedtstensmateriale med sine jordagtige nuancer sikrer, at hvert stykke er unikt rustikt og fuld af karakter. Perfekt til at diffusere \u00e6teriske olier [&hellip;]<\/p>\n","protected":false},"featured_media":270709,"comment_status":"closed","ping_status":"open","template":"","meta":{"_angie_page":false},"product_brand":[],"product_cat":[6517,6169],"product_tag":[],"class_list":{"0":"post-201087","1":"product","2":"type-product","3":"status-publish","4":"has-post-thumbnail","6":"product_cat-aromalamper-oliebraender","7":"product_cat-aromalamper-aromadiffusere-og-duftstaenger","8":"pa_collection-soapstone-oil-burners-da","9":"pa_made-in-indien","11":"first","12":"instock","13":"purchasable","14":"product-type-simple"},"supplier_id":null,"supplier_sku":"SoapOB-24","barcode":null,"atum_controlled":true,"out_stock_date":null,"out_stock_threshold":null,"inheritable":false,"inbound_stock":null,"stock_on_hold":0,"sold_today":0,"sales_last_days":0,"reserved_stock":null,"customer_returns":null,"warehouse_damage":null,"lost_in_post":null,"other_logs":null,"out_stock_days":0,"lost_sales":0,"has_location":null,"update_date":"2026-04-27T07:21:52","atum_locations":[],"atum_stock_status":"instock","restock_status":false,"low_stock_amount":"","sales_update_date":"2025-09-05T00:18:37","calc_backorders":null,"_links":{"self":[{"href":"https:\/\/aromasentia.com\/da\/wp-json\/wp\/v2\/product\/201087","targetHints":{"allow":["GET"]}}],"collection":[{"href":"https:\/\/aromasentia.com\/da\/wp-json\/wp\/v2\/product"}],"about":[{"href":"https:\/\/aromasentia.com\/da\/wp-json\/wp\/v2\/types\/product"}],"replies":[{"embeddable":true,"href":"https:\/\/aromasentia.com\/da\/wp-json\/wp\/v2\/comments?post=201087"}],"version-history":[{"count":0,"href":"https:\/\/aromasentia.com\/da\/wp-json\/wp\/v2\/product\/201087\/revisions"}],"wp:featuredmedia":[{"embeddable":true,"href":"https:\/\/aromasentia.com\/da\/wp-json\/wp\/v2\/media\/270709"}],"wp:attachment":[{"href":"https:\/\/aromasentia.com\/da\/wp-json\/wp\/v2\/media?parent=201087"}],"wp:term":[{"taxonomy":"product_brand","embeddable":true,"href":"https:\/\/aromasentia.com\/da\/wp-json\/wp\/v2\/product_brand?post=201087"},{"taxonomy":"product_cat","embeddable":true,"href":"https:\/\/aromasentia.com\/da\/wp-json\/wp\/v2\/product_cat?post=201087"},{"taxonomy":"product_tag","embeddable":true,"href":"https:\/\/aromasentia.com\/da\/wp-json\/wp\/v2\/product_tag?post=201087"}],"curies":[{"name":"wp","href":"https:\/\/api.w.org\/{rel}","templated":true}]}}