{"id":201086,"date":"2025-03-20T15:20:52","date_gmt":"2025-03-20T15:20:52","guid":{"rendered":"https:\/\/aromasentia.com\/product\/triangle-soapstone-oil-burner-11x9cm-elephant\/"},"modified":"2025-06-22T03:34:13","modified_gmt":"2025-06-22T03:34:13","slug":"triangle-fedtsten-oliebraender-til-duftolie-11x9cm-elefant","status":"publish","type":"product","link":"https:\/\/aromasentia.com\/da\/triangle-fedtsten-oliebraender-til-duftolie-11x9cm-elefant\/","title":{"rendered":"Triangle Fedtsten Oliebr\u00e6nder Til Duftolie 11X9cm &#8211; Elefant"},"content":{"rendered":"<p><span style=\"color: rgb(75, 80, 88);\">Tilf\u00f8r et strejf af elegance til dit rum med denne trekantede fedtstensoliebr\u00e6nder, h\u00e5ndlavet i Indien. Udsmykket med indviklede elefantudsk\u00e6ringer hylder den sk\u00f8nheden i traditionel kunst, samtidig med at den fungerer som et praktisk aromaterapitilbeh\u00f8r. Det unikke trekantede design tilf\u00f8jer en moderne kant, hvilket g\u00f8r den til et i\u00f8jnefaldende dekorativt stykke. Hver br\u00e6nder har fedtstenens naturlige jordfarver, hvilket sikrer, at ingen to er n\u00f8jagtig ens. Denne br\u00e6nder er ideel til opvarmning af \u00e6teriske olier eller smeltevoks og blander ubesv\u00e6ret stil og funktionalitet og skaber en beroligende atmosf\u00e6re i ethvert rum.<\/span><\/p>\n<p><span style=\"color: rgb(75, 80, 88);\">Produktegenskaber:<\/span><\/p>\n<ul>\n<li><span style=\"color: rgb(75, 80, 88);\">Materiale: Fedtsten<\/span><\/li>\n<li><span style=\"color: rgb(75, 80, 88);\">M\u00e5l: 11 x 9 cm<\/span><\/li>\n<li><span style=\"color: rgb(75, 80, 88);\">Design: Detaljerede elefantudsk\u00e6ringer<\/span><\/li>\n<li><span style=\"color: rgb(75, 80, 88);\">Form: Karakteristisk trekantet form<\/span><\/li>\n<li><span style=\"color: rgb(75, 80, 88);\">Anvendelse: Perfekt til \u00e6teriske olier eller voks smelter<\/span><\/li>\n<li><span style=\"color: rgb(75, 80, 88);\">Oprindelse: H\u00e5ndlavet i Indien<\/span><\/li>\n<\/ul>\n","protected":false},"excerpt":{"rendered":"<p>Tilf\u00f8r et strejf af elegance til dit rum med denne trekantede fedtstensoliebr\u00e6nder, h\u00e5ndlavet i Indien. Udsmykket med indviklede elefantudsk\u00e6ringer hylder den sk\u00f8nheden i traditionel kunst, samtidig med at den fungerer som et praktisk aromaterapitilbeh\u00f8r. Det unikke trekantede design tilf\u00f8jer en moderne kant, hvilket g\u00f8r den til et i\u00f8jnefaldende dekorativt stykke. Hver br\u00e6nder har fedtstenens naturlige [&hellip;]<\/p>\n","protected":false},"featured_media":270684,"comment_status":"closed","ping_status":"open","template":"","meta":{"_angie_page":false},"product_brand":[],"product_cat":[6517,6169],"product_tag":[],"class_list":{"0":"post-201086","1":"product","2":"type-product","3":"status-publish","4":"has-post-thumbnail","6":"product_cat-aromalamper-oliebraender","7":"product_cat-aromalamper-aromadiffusere-og-duftstaenger","8":"pa_collection-soapstone-oil-burners-da","9":"pa_made-in-indien","11":"first","12":"instock","13":"purchasable","14":"product-type-simple"},"supplier_id":null,"supplier_sku":"SoapOB-23","barcode":null,"atum_controlled":true,"out_stock_date":null,"out_stock_threshold":null,"inheritable":false,"inbound_stock":null,"stock_on_hold":0,"sold_today":0,"sales_last_days":0,"reserved_stock":null,"customer_returns":null,"warehouse_damage":null,"lost_in_post":null,"other_logs":null,"out_stock_days":0,"lost_sales":0,"has_location":null,"update_date":"2026-05-08T05:19:09","atum_locations":[],"atum_stock_status":"instock","restock_status":false,"low_stock_amount":"","sales_update_date":"2026-02-06T00:02:34","calc_backorders":null,"_links":{"self":[{"href":"https:\/\/aromasentia.com\/da\/wp-json\/wp\/v2\/product\/201086","targetHints":{"allow":["GET"]}}],"collection":[{"href":"https:\/\/aromasentia.com\/da\/wp-json\/wp\/v2\/product"}],"about":[{"href":"https:\/\/aromasentia.com\/da\/wp-json\/wp\/v2\/types\/product"}],"replies":[{"embeddable":true,"href":"https:\/\/aromasentia.com\/da\/wp-json\/wp\/v2\/comments?post=201086"}],"version-history":[{"count":0,"href":"https:\/\/aromasentia.com\/da\/wp-json\/wp\/v2\/product\/201086\/revisions"}],"wp:featuredmedia":[{"embeddable":true,"href":"https:\/\/aromasentia.com\/da\/wp-json\/wp\/v2\/media\/270684"}],"wp:attachment":[{"href":"https:\/\/aromasentia.com\/da\/wp-json\/wp\/v2\/media?parent=201086"}],"wp:term":[{"taxonomy":"product_brand","embeddable":true,"href":"https:\/\/aromasentia.com\/da\/wp-json\/wp\/v2\/product_brand?post=201086"},{"taxonomy":"product_cat","embeddable":true,"href":"https:\/\/aromasentia.com\/da\/wp-json\/wp\/v2\/product_cat?post=201086"},{"taxonomy":"product_tag","embeddable":true,"href":"https:\/\/aromasentia.com\/da\/wp-json\/wp\/v2\/product_tag?post=201086"}],"curies":[{"name":"wp","href":"https:\/\/api.w.org\/{rel}","templated":true}]}}