{"id":201085,"date":"2025-03-20T15:20:52","date_gmt":"2025-03-20T15:20:52","guid":{"rendered":"https:\/\/aromasentia.com\/product\/small-coloured-soapstone-oil-burner-8cm-flower\/"},"modified":"2025-06-22T03:34:13","modified_gmt":"2025-06-22T03:34:13","slug":"lille-farvet-fedtstens-oliebraender-til-duftolie-8cm-blomst","status":"publish","type":"product","link":"https:\/\/aromasentia.com\/da\/lille-farvet-fedtstens-oliebraender-til-duftolie-8cm-blomst\/","title":{"rendered":"Lille Farvet Fedtstens Oliebr\u00e6nder Til Duftolie 8cm &#8211; Blomst"},"content":{"rendered":"<p><span style=\"color: rgb(75, 80, 88);\">Giv din aromaterapioplevelse et l\u00f8ft med den naturlige charme fra denne fedtstensoliebr\u00e6nder. Denne kompakte br\u00e6nder er udsmykket med et indviklet blomstermotiv og er et bevis p\u00e5 dygtigt h\u00e5ndv\u00e6rk fra Indien. Udsk\u00e5ret af naturlig fedtsten, sikrer dens livlige blanding af fyldige bl\u00e5 og jordbrune farver, at hvert stykke er unikt smukt. Lille, men i\u00f8jnefaldende, er den et ideelt valg til at diffusere \u00e6teriske olier eller smelte voks, hvilket tilf\u00f8jer en rolig og indbydende stemning til ethvert milj\u00f8. Denne oliebr\u00e6nder er b\u00e5de funktionel og dekorativ og er en dejlig m\u00e5de at give dit rum ro p\u00e5.<\/span><\/p>\n<p><span style=\"color: rgb(75, 80, 88);\">Produktegenskaber:<\/span><\/p>\n<ul>\n<li><span style=\"color: rgb(75, 80, 88);\">Materiale: Fedtsten<\/span><\/li>\n<li><span style=\"color: rgb(75, 80, 88);\">M\u00e5l: 8 cm h\u00f8jde<\/span><\/li>\n<li><span style=\"color: rgb(75, 80, 88);\">Design: Detaljeret blomstermotiv<\/span><\/li>\n<li><span style=\"color: rgb(75, 80, 88);\">Finish: Unikke flerfarvede toner<\/span><\/li>\n<li><span style=\"color: rgb(75, 80, 88);\">Anvendelse: Perfekt til \u00e6teriske olier eller vokssmelter<\/span><\/li>\n<li><span style=\"color: rgb(75, 80, 88);\">Oprindelse: H\u00e5ndlavet i Indien<\/span><\/li>\n<\/ul>\n","protected":false},"excerpt":{"rendered":"<p>Giv din aromaterapioplevelse et l\u00f8ft med den naturlige charme fra denne fedtstensoliebr\u00e6nder. Denne kompakte br\u00e6nder er udsmykket med et indviklet blomstermotiv og er et bevis p\u00e5 dygtigt h\u00e5ndv\u00e6rk fra Indien. Udsk\u00e5ret af naturlig fedtsten, sikrer dens livlige blanding af fyldige bl\u00e5 og jordbrune farver, at hvert stykke er unikt smukt. Lille, men i\u00f8jnefaldende, er den [&hellip;]<\/p>\n","protected":false},"featured_media":270651,"comment_status":"closed","ping_status":"open","template":"","meta":{"_angie_page":false},"product_brand":[],"product_cat":[6517,6169],"product_tag":[],"class_list":{"0":"post-201085","1":"product","2":"type-product","3":"status-publish","4":"has-post-thumbnail","6":"product_cat-aromalamper-oliebraender","7":"product_cat-aromalamper-aromadiffusere-og-duftstaenger","8":"pa_collection-soapstone-oil-burners-da","9":"pa_made-in-indien","11":"first","12":"instock","13":"purchasable","14":"product-type-simple"},"supplier_id":null,"supplier_sku":"SoapOB-22","barcode":null,"atum_controlled":true,"out_stock_date":null,"out_stock_threshold":null,"inheritable":false,"inbound_stock":null,"stock_on_hold":0,"sold_today":0,"sales_last_days":0,"reserved_stock":null,"customer_returns":null,"warehouse_damage":null,"lost_in_post":null,"other_logs":null,"out_stock_days":0,"lost_sales":0,"has_location":null,"update_date":"2026-04-27T07:21:52","atum_locations":[],"atum_stock_status":"instock","restock_status":false,"low_stock_amount":"","sales_update_date":"2025-09-05T00:18:37","calc_backorders":null,"_links":{"self":[{"href":"https:\/\/aromasentia.com\/da\/wp-json\/wp\/v2\/product\/201085","targetHints":{"allow":["GET"]}}],"collection":[{"href":"https:\/\/aromasentia.com\/da\/wp-json\/wp\/v2\/product"}],"about":[{"href":"https:\/\/aromasentia.com\/da\/wp-json\/wp\/v2\/types\/product"}],"replies":[{"embeddable":true,"href":"https:\/\/aromasentia.com\/da\/wp-json\/wp\/v2\/comments?post=201085"}],"version-history":[{"count":0,"href":"https:\/\/aromasentia.com\/da\/wp-json\/wp\/v2\/product\/201085\/revisions"}],"wp:featuredmedia":[{"embeddable":true,"href":"https:\/\/aromasentia.com\/da\/wp-json\/wp\/v2\/media\/270651"}],"wp:attachment":[{"href":"https:\/\/aromasentia.com\/da\/wp-json\/wp\/v2\/media?parent=201085"}],"wp:term":[{"taxonomy":"product_brand","embeddable":true,"href":"https:\/\/aromasentia.com\/da\/wp-json\/wp\/v2\/product_brand?post=201085"},{"taxonomy":"product_cat","embeddable":true,"href":"https:\/\/aromasentia.com\/da\/wp-json\/wp\/v2\/product_cat?post=201085"},{"taxonomy":"product_tag","embeddable":true,"href":"https:\/\/aromasentia.com\/da\/wp-json\/wp\/v2\/product_tag?post=201085"}],"curies":[{"name":"wp","href":"https:\/\/api.w.org\/{rel}","templated":true}]}}