{"id":201084,"date":"2025-03-20T15:20:52","date_gmt":"2025-03-20T15:20:52","guid":{"rendered":"https:\/\/aromasentia.com\/product\/small-coloured-soapstone-oil-burner-8cm-om-elephant\/"},"modified":"2025-06-22T03:34:13","modified_gmt":"2025-06-22T03:34:13","slug":"lille-farvet-fedtstens-oliebraender-til-duftolie-8cm-om-elefant","status":"publish","type":"product","link":"https:\/\/aromasentia.com\/da\/lille-farvet-fedtstens-oliebraender-til-duftolie-8cm-om-elefant\/","title":{"rendered":"Lille Farvet Fedtstens Oliebr\u00e6nder Til Duftolie 8cm &#8211; Om &#038; Elefant"},"content":{"rendered":"<p><span style=\"color: rgb(75, 80, 88);\">Denne lille fedtstensoliebr\u00e6nder er h\u00e5ndlavet i Indien og kombinerer smukt funktionalitet med spirituel symbolik. Med detaljerede udsk\u00e6ringer af det hellige Om-symbol sammen med en fredfyldt elefant udstr\u00e5ler den fred og mindfulness. Hvert stykke kan prale af unikke nuancer af dyb r\u00f8d og gr\u00f8n, hvilket skaber en levende og eksotisk \u00e6stetik. Den er perfekt dimensioneret til at opvarme \u00e6teriske olier eller smeltevoks og er en alsidig tilf\u00f8jelse til dit meditationshj\u00f8rne eller afslapningsomr\u00e5de. Dets robuste, men elegante design sikrer holdbarhed, samtidig med at det tilf\u00f8jer et elegant pr\u00e6g til din indretning.<\/span><\/p>\n<p><span style=\"color: rgb(75, 80, 88);\">Produktegenskaber:<\/span><\/p>\n<ul>\n<li><span style=\"color: rgb(75, 80, 88);\">Materiale: Naturlig fedtsten<\/span><\/li>\n<li><span style=\"color: rgb(75, 80, 88);\">M\u00e5l: 8 cm h\u00f8jde<\/span><\/li>\n<li><span style=\"color: rgb(75, 80, 88);\">Design: Helligt Om-symbol med elefantmotiv<\/span><\/li>\n<li><span style=\"color: rgb(75, 80, 88);\">Anvendelse: Ideel til \u00e6teriske olier eller vokssmelter<\/span><\/li>\n<li><span style=\"color: rgb(75, 80, 88);\">Oprindelse: H\u00e5ndlavet i Indien<\/span><\/li>\n<\/ul>\n","protected":false},"excerpt":{"rendered":"<p>Denne lille fedtstensoliebr\u00e6nder er h\u00e5ndlavet i Indien og kombinerer smukt funktionalitet med spirituel symbolik. Med detaljerede udsk\u00e6ringer af det hellige Om-symbol sammen med en fredfyldt elefant udstr\u00e5ler den fred og mindfulness. Hvert stykke kan prale af unikke nuancer af dyb r\u00f8d og gr\u00f8n, hvilket skaber en levende og eksotisk \u00e6stetik. Den er perfekt dimensioneret til [&hellip;]<\/p>\n","protected":false},"featured_media":270618,"comment_status":"closed","ping_status":"open","template":"","meta":{"_angie_page":false},"product_brand":[],"product_cat":[6517,6169],"product_tag":[],"class_list":{"0":"post-201084","1":"product","2":"type-product","3":"status-publish","4":"has-post-thumbnail","6":"product_cat-aromalamper-oliebraender","7":"product_cat-aromalamper-aromadiffusere-og-duftstaenger","8":"pa_collection-soapstone-oil-burners-da","9":"pa_made-in-indien","11":"first","12":"instock","13":"purchasable","14":"product-type-simple"},"supplier_id":null,"supplier_sku":"SoapOB-21","barcode":null,"atum_controlled":true,"out_stock_date":null,"out_stock_threshold":null,"inheritable":false,"inbound_stock":null,"stock_on_hold":0,"sold_today":0,"sales_last_days":0,"reserved_stock":null,"customer_returns":null,"warehouse_damage":null,"lost_in_post":null,"other_logs":null,"out_stock_days":0,"lost_sales":0,"has_location":null,"update_date":"2026-04-27T07:21:52","atum_locations":[],"atum_stock_status":"instock","restock_status":false,"low_stock_amount":"","sales_update_date":"2025-09-05T00:18:37","calc_backorders":null,"_links":{"self":[{"href":"https:\/\/aromasentia.com\/da\/wp-json\/wp\/v2\/product\/201084","targetHints":{"allow":["GET"]}}],"collection":[{"href":"https:\/\/aromasentia.com\/da\/wp-json\/wp\/v2\/product"}],"about":[{"href":"https:\/\/aromasentia.com\/da\/wp-json\/wp\/v2\/types\/product"}],"replies":[{"embeddable":true,"href":"https:\/\/aromasentia.com\/da\/wp-json\/wp\/v2\/comments?post=201084"}],"version-history":[{"count":0,"href":"https:\/\/aromasentia.com\/da\/wp-json\/wp\/v2\/product\/201084\/revisions"}],"wp:featuredmedia":[{"embeddable":true,"href":"https:\/\/aromasentia.com\/da\/wp-json\/wp\/v2\/media\/270618"}],"wp:attachment":[{"href":"https:\/\/aromasentia.com\/da\/wp-json\/wp\/v2\/media?parent=201084"}],"wp:term":[{"taxonomy":"product_brand","embeddable":true,"href":"https:\/\/aromasentia.com\/da\/wp-json\/wp\/v2\/product_brand?post=201084"},{"taxonomy":"product_cat","embeddable":true,"href":"https:\/\/aromasentia.com\/da\/wp-json\/wp\/v2\/product_cat?post=201084"},{"taxonomy":"product_tag","embeddable":true,"href":"https:\/\/aromasentia.com\/da\/wp-json\/wp\/v2\/product_tag?post=201084"}],"curies":[{"name":"wp","href":"https:\/\/api.w.org\/{rel}","templated":true}]}}