{"id":201078,"date":"2025-03-20T15:22:14","date_gmt":"2025-03-20T15:22:14","guid":{"rendered":"https:\/\/aromasentia.com\/product\/top-6-essential-oils-aromatherapy-box\/"},"modified":"2025-06-22T03:34:08","modified_gmt":"2025-06-22T03:34:08","slug":"top-6-aeteriske-olier-aromaterapiboks","status":"publish","type":"product","link":"https:\/\/aromasentia.com\/da\/top-6-aeteriske-olier-aromaterapiboks\/","title":{"rendered":"Top 6 \u00c6teriske Olier Aromaterapiboks"},"content":{"rendered":"<p><span style=\"color: rgb(75, 80, 88);\">Maksimer dit salg ved at tilf\u00f8je en af vores fantastiske startpakker til din butik.<\/span><\/p>\n<p><span style=\"color: rgb(75, 80, 88);\">Pakket med de bedst s\u00e6lgende<strong>&nbsp;\u00e6teriske olier<\/strong> (6 x 10 ml flasker) sparer du ekstra penge.<\/span><\/p>\n<p><span style=\"color: rgb(75, 80, 88);\">Vi mener, at vores <strong>\u00c6teriske olier Top 6 aromaterapi\u00e6ske<\/strong> tilbyder den bedste kvalitet og v\u00e6rdi p\u00e5 markedet. Tilbyd dine kunder det bedste udvalg af \u00e6teriske olier inden for aromaterapi.<br \/>Denne specialpakke indeholder:<\/span><\/p>\n<p><span style=\"color: rgb(75, 80, 88);\"><strong>10 ml \u00e6terisk lavendelolie<br \/>10 ml \u00e6terisk tea tree-olie<br \/>10 ml \u00e6terisk eukalyptusolie<br \/>10 ml \u00e6terisk pebermynteolie<br \/>10 ml \u00e6terisk ylang ylang I-olie<\/strong><br \/><strong>10 ml \u00e6terisk cedertr\u00e6solie fra Virginia<\/strong><\/span><\/p>\n<p><span style=\"color: rgb(75, 80, 88);\">Aromaterapi\u00e6ske (rummer 6 flasker) er lavet af mangotr\u00e6 og er udsmykket med h\u00e5ndsk\u00e5rne designs. Denne smukke \u00e6ske vil se smuk ud i sovev\u00e6relset eller p\u00e5kl\u00e6dningsv\u00e6relset&#8230; eller egentlig ethvert rum.<br \/>Designet til at rumme 10 ml flasker, s\u00e5 vores \u00e6teriske olier passer perfekt. &nbsp;<\/span><\/p>\n<p><span style=\"color: rgb(141, 186, 216);\"><strong>Tilbyd en fantastisk i\u00f8jnefaldende gave i din e-butik. Bestil nu.<\/strong><\/span><\/p>\n","protected":false},"excerpt":{"rendered":"<p>Maksimer dit salg ved at tilf\u00f8je en af vores fantastiske startpakker til din butik. Pakket med de bedst s\u00e6lgende&nbsp;\u00e6teriske olier (6 x 10 ml flasker) sparer du ekstra penge. Vi mener, at vores \u00c6teriske olier Top 6 aromaterapi\u00e6ske tilbyder den bedste kvalitet og v\u00e6rdi p\u00e5 markedet. Tilbyd dine kunder det bedste udvalg af \u00e6teriske olier [&hellip;]<\/p>\n","protected":false},"featured_media":271046,"comment_status":"closed","ping_status":"open","template":"","meta":[],"product_brand":[],"product_cat":[7647,6153],"product_tag":[],"class_list":{"0":"post-201078","1":"product","2":"type-product","3":"status-publish","4":"has-post-thumbnail","6":"product_cat-aeteriske-olier","7":"product_cat-aromaterapi-og-rumdufte","8":"pa_collection-starter-sets-for-dropshippers-da","9":"pa_made-in-storbritannien","11":"first","12":"outofstock","13":"purchasable","14":"product-type-simple"},"supplier_id":null,"supplier_sku":"ABoxEO-03","barcode":null,"atum_controlled":true,"out_stock_date":"2026-02-09 17:56:07","out_stock_threshold":null,"inheritable":false,"inbound_stock":null,"stock_on_hold":0,"sold_today":0,"sales_last_days":0,"reserved_stock":null,"customer_returns":null,"warehouse_damage":null,"lost_in_post":null,"other_logs":null,"out_stock_days":0,"lost_sales":0,"has_location":null,"update_date":"2026-02-09T17:56:07","atum_locations":[],"atum_stock_status":"outofstock","restock_status":false,"low_stock_amount":"","sales_update_date":"2026-02-06T00:02:42","calc_backorders":null,"_links":{"self":[{"href":"https:\/\/aromasentia.com\/da\/wp-json\/wp\/v2\/product\/201078","targetHints":{"allow":["GET"]}}],"collection":[{"href":"https:\/\/aromasentia.com\/da\/wp-json\/wp\/v2\/product"}],"about":[{"href":"https:\/\/aromasentia.com\/da\/wp-json\/wp\/v2\/types\/product"}],"replies":[{"embeddable":true,"href":"https:\/\/aromasentia.com\/da\/wp-json\/wp\/v2\/comments?post=201078"}],"version-history":[{"count":0,"href":"https:\/\/aromasentia.com\/da\/wp-json\/wp\/v2\/product\/201078\/revisions"}],"wp:featuredmedia":[{"embeddable":true,"href":"https:\/\/aromasentia.com\/da\/wp-json\/wp\/v2\/media\/271046"}],"wp:attachment":[{"href":"https:\/\/aromasentia.com\/da\/wp-json\/wp\/v2\/media?parent=201078"}],"wp:term":[{"taxonomy":"product_brand","embeddable":true,"href":"https:\/\/aromasentia.com\/da\/wp-json\/wp\/v2\/product_brand?post=201078"},{"taxonomy":"product_cat","embeddable":true,"href":"https:\/\/aromasentia.com\/da\/wp-json\/wp\/v2\/product_cat?post=201078"},{"taxonomy":"product_tag","embeddable":true,"href":"https:\/\/aromasentia.com\/da\/wp-json\/wp\/v2\/product_tag?post=201078"}],"curies":[{"name":"wp","href":"https:\/\/api.w.org\/{rel}","templated":true}]}}