{"id":201069,"date":"2025-03-20T15:22:14","date_gmt":"2025-03-20T15:22:14","guid":{"rendered":"https:\/\/aromasentia.com\/product\/stone-oil-burner-stepped-wave\/"},"modified":"2025-06-22T03:34:05","modified_gmt":"2025-06-22T03:34:05","slug":"oliebraender-til-duftolie-i-sten-stepped-wave","status":"publish","type":"product","link":"https:\/\/aromasentia.com\/da\/oliebraender-til-duftolie-i-sten-stepped-wave\/","title":{"rendered":"Oliebr\u00e6nder Til Duftolie I Sten &#8211; Stepped Wave"},"content":{"rendered":"<p>Indonesiske kombi-lanterne olielamper&#8230; Omhyggeligt udsk\u00e5rne sandstensolielamper ser fantastiske ud til at v\u00e6re et smukt midtpunkt i ethvert rum.<\/p>\n<p>Unikke h\u00e5ndsk\u00e5rne sandstensolielamper har en flot form og enest\u00e5ende farve.<\/p>\n<p>Olielamper er ogs\u00e5 gode at bruge med duftolier og smeltevoks. Dette kunstv\u00e6rk fra Java er sv\u00e6rt at finde, og det vil komplimentere ethvert rum, det placeres i. F\u00e5s i ti forskellige stilarter, der er individuelt pakket og stregkodet.<\/p>\n","protected":false},"excerpt":{"rendered":"<p>Indonesiske kombi-lanterne olielamper&#8230; Omhyggeligt udsk\u00e5rne sandstensolielamper ser fantastiske ud til at v\u00e6re et smukt midtpunkt i ethvert rum. Unikke h\u00e5ndsk\u00e5rne sandstensolielamper har en flot form og enest\u00e5ende farve. Olielamper er ogs\u00e5 gode at bruge med duftolier og smeltevoks. Dette kunstv\u00e6rk fra Java er sv\u00e6rt at finde, og det vil komplimentere ethvert rum, det placeres i. [&hellip;]<\/p>\n","protected":false},"featured_media":270965,"comment_status":"closed","ping_status":"open","template":"","meta":[],"product_brand":[],"product_cat":[6517,6169],"product_tag":[],"class_list":{"0":"post-201069","1":"product","2":"type-product","3":"status-publish","4":"has-post-thumbnail","6":"product_cat-aromalamper-oliebraender","7":"product_cat-aromalamper-aromadiffusere-og-duftstaenger","8":"pa_collection-sandstone-oil-burner-da","9":"pa_made-in-indonesien","11":"first","12":"instock","13":"purchasable","14":"product-type-simple"},"supplier_id":null,"supplier_sku":"SSOB-01","barcode":null,"atum_controlled":true,"out_stock_date":null,"out_stock_threshold":null,"inheritable":false,"inbound_stock":null,"stock_on_hold":0,"sold_today":0,"sales_last_days":0,"reserved_stock":null,"customer_returns":null,"warehouse_damage":null,"lost_in_post":null,"other_logs":null,"out_stock_days":0,"lost_sales":0,"has_location":null,"update_date":"2026-01-30T01:26:03","atum_locations":[],"atum_stock_status":"instock","restock_status":false,"low_stock_amount":"","sales_update_date":"2026-01-30T01:26:03","calc_backorders":null,"_links":{"self":[{"href":"https:\/\/aromasentia.com\/da\/wp-json\/wp\/v2\/product\/201069","targetHints":{"allow":["GET"]}}],"collection":[{"href":"https:\/\/aromasentia.com\/da\/wp-json\/wp\/v2\/product"}],"about":[{"href":"https:\/\/aromasentia.com\/da\/wp-json\/wp\/v2\/types\/product"}],"replies":[{"embeddable":true,"href":"https:\/\/aromasentia.com\/da\/wp-json\/wp\/v2\/comments?post=201069"}],"version-history":[{"count":0,"href":"https:\/\/aromasentia.com\/da\/wp-json\/wp\/v2\/product\/201069\/revisions"}],"wp:featuredmedia":[{"embeddable":true,"href":"https:\/\/aromasentia.com\/da\/wp-json\/wp\/v2\/media\/270965"}],"wp:attachment":[{"href":"https:\/\/aromasentia.com\/da\/wp-json\/wp\/v2\/media?parent=201069"}],"wp:term":[{"taxonomy":"product_brand","embeddable":true,"href":"https:\/\/aromasentia.com\/da\/wp-json\/wp\/v2\/product_brand?post=201069"},{"taxonomy":"product_cat","embeddable":true,"href":"https:\/\/aromasentia.com\/da\/wp-json\/wp\/v2\/product_cat?post=201069"},{"taxonomy":"product_tag","embeddable":true,"href":"https:\/\/aromasentia.com\/da\/wp-json\/wp\/v2\/product_tag?post=201069"}],"curies":[{"name":"wp","href":"https:\/\/api.w.org\/{rel}","templated":true}]}}