{"id":201068,"date":"2025-03-20T15:22:48","date_gmt":"2025-03-20T15:22:48","guid":{"rendered":"https:\/\/aromasentia.com\/product\/sun-star-oil-burners\/"},"modified":"2025-06-22T03:34:04","modified_gmt":"2025-06-22T03:34:04","slug":"sun-star-oliebraender-til-duftoliee","status":"publish","type":"product","link":"https:\/\/aromasentia.com\/da\/sun-star-oliebraender-til-duftoliee\/","title":{"rendered":"Sun &#038; Star Oliebr\u00e6nder Til Duftoliee"},"content":{"rendered":"<p>Disse keramiske Yin-Yang oliebr\u00e6ndere fra Aroma Sentia &#8211; ping er f\u00e6rdigbehandlet med en dekorativ glasur for at give den h\u00f8je standard finish. De er en god gaveid\u00e9 til enhver s\u00e6rlig lejlighed p\u00e5 grund af kvaliteten, materialet og v\u00e6rdien.<\/p>\n<p>Til brug med duftolier skal du blot placere et fyrfadslys i bunden og et par dr\u00e5ber duftolie i sk\u00e5len. Det er ogs\u00e5 en meget attraktiv dekoration i ethvert rum takket v\u00e6re det luksuri\u00f8se design.<\/p>\n<p>Oliebr\u00e6ndere er ogs\u00e5 gode at bruge med duftolier og smeltevoks.<\/p>\n<p>? Placer altid oliebr\u00e6nderen p\u00e5 en varmebestandig m\u00e5tte.<\/p>\n<p>? S\u00f8rg for, at der er tilstr\u00e6kkeligt vand i beholderen over br\u00e6nderen.<\/p>\n<p>? Brug fyrfadslys af god kvalitet.<\/p>\n<p>? Efterlad aldrig dem uden opsyn, n\u00e5r de er t\u00e6ndt, og hold dem v\u00e6k fra gardiner.<\/p>\n<p>? Hvis flammen bliver farlig, kan den slukkes med en fugtig klud.<\/p>\n<p>? Opbevares utilg\u00e6ngeligt for b\u00f8rn.<\/p>\n<p>V\u00e6rdi og kvalitet med Yin og Yang \u262f<\/p>\n","protected":false},"excerpt":{"rendered":"<p>Disse keramiske Yin-Yang oliebr\u00e6ndere fra Aroma Sentia &#8211; ping er f\u00e6rdigbehandlet med en dekorativ glasur for at give den h\u00f8je standard finish. De er en god gaveid\u00e9 til enhver s\u00e6rlig lejlighed p\u00e5 grund af kvaliteten, materialet og v\u00e6rdien. Til brug med duftolier skal du blot placere et fyrfadslys i bunden og et par dr\u00e5ber duftolie [&hellip;]<\/p>\n","protected":false},"featured_media":271289,"comment_status":"closed","ping_status":"open","template":"","meta":{"_angie_page":false},"product_brand":[],"product_cat":[6517,6169],"product_tag":[],"class_list":{"0":"post-201068","1":"product","2":"type-product","3":"status-publish","4":"has-post-thumbnail","6":"product_cat-aromalamper-oliebraender","7":"product_cat-aromalamper-aromadiffusere-og-duftstaenger","8":"pa_collection-yin-yang-oil-burners-da","9":"pa_made-in-kina","11":"first","12":"instock","13":"purchasable","14":"product-type-simple"},"supplier_id":null,"supplier_sku":"YYOB-01","barcode":null,"atum_controlled":true,"out_stock_date":null,"out_stock_threshold":null,"inheritable":false,"inbound_stock":null,"stock_on_hold":0,"sold_today":0,"sales_last_days":0,"reserved_stock":null,"customer_returns":null,"warehouse_damage":null,"lost_in_post":null,"other_logs":null,"out_stock_days":0,"lost_sales":0,"has_location":null,"update_date":"2026-04-27T07:27:29","atum_locations":[],"atum_stock_status":"instock","restock_status":false,"low_stock_amount":"","sales_update_date":"2025-09-05T00:18:43","calc_backorders":null,"_links":{"self":[{"href":"https:\/\/aromasentia.com\/da\/wp-json\/wp\/v2\/product\/201068","targetHints":{"allow":["GET"]}}],"collection":[{"href":"https:\/\/aromasentia.com\/da\/wp-json\/wp\/v2\/product"}],"about":[{"href":"https:\/\/aromasentia.com\/da\/wp-json\/wp\/v2\/types\/product"}],"replies":[{"embeddable":true,"href":"https:\/\/aromasentia.com\/da\/wp-json\/wp\/v2\/comments?post=201068"}],"version-history":[{"count":0,"href":"https:\/\/aromasentia.com\/da\/wp-json\/wp\/v2\/product\/201068\/revisions"}],"wp:featuredmedia":[{"embeddable":true,"href":"https:\/\/aromasentia.com\/da\/wp-json\/wp\/v2\/media\/271289"}],"wp:attachment":[{"href":"https:\/\/aromasentia.com\/da\/wp-json\/wp\/v2\/media?parent=201068"}],"wp:term":[{"taxonomy":"product_brand","embeddable":true,"href":"https:\/\/aromasentia.com\/da\/wp-json\/wp\/v2\/product_brand?post=201068"},{"taxonomy":"product_cat","embeddable":true,"href":"https:\/\/aromasentia.com\/da\/wp-json\/wp\/v2\/product_cat?post=201068"},{"taxonomy":"product_tag","embeddable":true,"href":"https:\/\/aromasentia.com\/da\/wp-json\/wp\/v2\/product_tag?post=201068"}],"curies":[{"name":"wp","href":"https:\/\/api.w.org\/{rel}","templated":true}]}}