{"id":201067,"date":"2025-03-20T15:22:48","date_gmt":"2025-03-20T15:22:48","guid":{"rendered":"https:\/\/aromasentia.com\/product\/white-christmas-room-pillow-spray-100ml\/"},"modified":"2025-06-22T03:34:04","modified_gmt":"2025-06-22T03:34:04","slug":"white-christmas-room-pillow-spray-100ml","status":"publish","type":"product","link":"https:\/\/aromasentia.com\/da\/white-christmas-room-pillow-spray-100ml\/","title":{"rendered":"White Christmas Room &#038; Pillow Spray 100ml"},"content":{"rendered":"<p><span style=\"color: rgb(75, 80, 88);\">G\u00f8r dig klar til at drysse lidt julemagi med helt nye <strong>Room and Pillow Sprays<\/strong>, nu tilg\u00e6ngelige i de mest festlige juledufte, du kan forestille dig!<\/span><\/p>\n<p><span style=\"color: rgb(75, 80, 88);\">Denne duft indfanger kunstf\u00e6rdigt selve essensen af jules\u00e6sonen.<\/span><\/p>\n<p><span style=\"color: rgb(75, 80, 88);\">? Med topnoter af <strong>Eukalyptus og Mint Orange<\/strong>, der frembringer en forfriskende og revitaliserende aroma.<\/span><\/p>\n<p><span style=\"color: rgb(75, 80, 88);\">? Forst\u00e6rket af et **frugtagtigt, blomsteragtigt twist**, der giver duften et strejf af s\u00f8dme og raffinement.<\/span><\/p>\n<p><span style=\"color: rgb(75, 80, 88);\">? Og forankret af basenoter af **ceder, rav og vanilje**, der tilbyder en hyggelig, vedvarende og indbydende duft.<\/span><\/p>\n<p><span style=\"color: rgb(141, 186, 216);\"><strong>Tilf\u00f8j dem til produktportef\u00f8ljen nu, og lad festlighederne for dine kunder begynde!<\/strong><\/span><\/p>\n","protected":false},"excerpt":{"rendered":"<p>G\u00f8r dig klar til at drysse lidt julemagi med helt nye Room and Pillow Sprays, nu tilg\u00e6ngelige i de mest festlige juledufte, du kan forestille dig! Denne duft indfanger kunstf\u00e6rdigt selve essensen af jules\u00e6sonen. ? Med topnoter af Eukalyptus og Mint Orange, der frembringer en forfriskende og revitaliserende aroma. ? Forst\u00e6rket af et **frugtagtigt, blomsteragtigt [&hellip;]<\/p>\n","protected":false},"featured_media":271264,"comment_status":"closed","ping_status":"open","template":"","meta":[],"product_brand":[],"product_cat":[6153,6158,6199,27378],"product_tag":[],"class_list":{"0":"post-201067","1":"product","2":"type-product","3":"status-publish","4":"has-post-thumbnail","6":"product_cat-aromaterapi-og-rumdufte","7":"product_cat-duftolier","8":"product_cat-duftspray-rumdufte-og-rumspray","9":"product_cat-juledufte","10":"pa_collection-christmas-room-pillow-sprays-da","11":"pa_made-in-storbritannien","12":"pa_size-100ml","14":"first","15":"instock","16":"purchasable","17":"product-type-simple"},"supplier_id":null,"supplier_sku":"XRPS-01","barcode":null,"atum_controlled":true,"out_stock_date":null,"out_stock_threshold":null,"inheritable":false,"inbound_stock":null,"stock_on_hold":0,"sold_today":0,"sales_last_days":0,"reserved_stock":null,"customer_returns":null,"warehouse_damage":null,"lost_in_post":null,"other_logs":null,"out_stock_days":0,"lost_sales":0,"has_location":null,"update_date":"2026-02-07T03:15:24","atum_locations":[],"atum_stock_status":"instock","restock_status":false,"low_stock_amount":"","sales_update_date":"2026-01-30T01:24:48","calc_backorders":null,"_links":{"self":[{"href":"https:\/\/aromasentia.com\/da\/wp-json\/wp\/v2\/product\/201067","targetHints":{"allow":["GET"]}}],"collection":[{"href":"https:\/\/aromasentia.com\/da\/wp-json\/wp\/v2\/product"}],"about":[{"href":"https:\/\/aromasentia.com\/da\/wp-json\/wp\/v2\/types\/product"}],"replies":[{"embeddable":true,"href":"https:\/\/aromasentia.com\/da\/wp-json\/wp\/v2\/comments?post=201067"}],"version-history":[{"count":0,"href":"https:\/\/aromasentia.com\/da\/wp-json\/wp\/v2\/product\/201067\/revisions"}],"wp:featuredmedia":[{"embeddable":true,"href":"https:\/\/aromasentia.com\/da\/wp-json\/wp\/v2\/media\/271264"}],"wp:attachment":[{"href":"https:\/\/aromasentia.com\/da\/wp-json\/wp\/v2\/media?parent=201067"}],"wp:term":[{"taxonomy":"product_brand","embeddable":true,"href":"https:\/\/aromasentia.com\/da\/wp-json\/wp\/v2\/product_brand?post=201067"},{"taxonomy":"product_cat","embeddable":true,"href":"https:\/\/aromasentia.com\/da\/wp-json\/wp\/v2\/product_cat?post=201067"},{"taxonomy":"product_tag","embeddable":true,"href":"https:\/\/aromasentia.com\/da\/wp-json\/wp\/v2\/product_tag?post=201067"}],"curies":[{"name":"wp","href":"https:\/\/api.w.org\/{rel}","templated":true}]}}