{"id":201057,"date":"2025-03-20T16:13:15","date_gmt":"2025-03-20T16:13:15","guid":{"rendered":"https:\/\/aromasentia.com\/product\/warming-potion-7kg-hessian-sack\/"},"modified":"2025-06-22T03:33:58","modified_gmt":"2025-06-22T03:33:58","slug":"warming-potion-7-kg-hessisk-saek","status":"publish","type":"product","link":"https:\/\/aromasentia.com\/da\/warming-potion-7-kg-hessisk-saek\/","title":{"rendered":"Warming Potion 7 kg Hessisk S\u00e6k"},"content":{"rendered":"<p><strong>Aroma Sentia Drosphip varmedrikke<\/strong><strong><\/strong> <strong>Aromaterapi badedrikker<\/strong> er lavet med en kunstf\u00e6rdig blanding af ren lavendel, appelsin og \u00c6teriske olier af s\u00f8d basilikum i havsalt.<br style=\"color: rgb(114, 114, 114); font-size: 16px; font-style: normal; font-variant-ligatures: normal; font-variant-caps: normal; font-weight: 400; letter-spacing: normal; orphans: 2; text-align: start; text-indent: 0px; text-transform: none; white-space: normal; widows: 2; word-spacing: 0px; -webkit-text-stroke-width: 0px; background-color: rgb(255, 255, 255); text-decoration-thickness: initial; text-decoration-style: initial; text-decoration-color: initial;\">Pakket i en hessian-s\u00e6k til \u00f8jeblikkelig fremvisning og salg. Vi mener, at dette er en god v\u00e6rdi, is\u00e6r for dette kvalitetsbadesalt og en s\u00e6k. \u00c5bn din badeeliksir, sniff til den og se, hvor potente disse eliksirer er&#8230; Dette g\u00f8r dem nemme at s\u00e6lge. Leveres med ingrediensetiket.<br style=\"color: rgb(114, 114, 114); font-size: 16px; font-style: normal; font-variant-ligatures: normal; font-variant-caps: normal; font-weight: 400; letter-spacing: normal; orphans: 2; text-align: start; text-indent: 0px; text-transform: none; white-space: normal; widows: 2; word-spacing: 0px; -webkit-text-stroke-width: 0px; background-color: rgb(255, 255, 255); text-decoration-thickness: initial; text-decoration-style: initial; text-decoration-color: initial;\">Tils\u00e6t en lille m\u00e6ngde eliksir til dit bad for en ekstraordin\u00e6r aromatisk badeoplevelse.<\/p>\n","protected":false},"excerpt":{"rendered":"<p>Aroma Sentia Drosphip varmedrikke Aromaterapi badedrikker er lavet med en kunstf\u00e6rdig blanding af ren lavendel, appelsin og \u00c6teriske olier af s\u00f8d basilikum i havsalt.Pakket i en hessian-s\u00e6k til \u00f8jeblikkelig fremvisning og salg. Vi mener, at dette er en god v\u00e6rdi, is\u00e6r for dette kvalitetsbadesalt og en s\u00e6k. \u00c5bn din badeeliksir, sniff til den og se, [&hellip;]<\/p>\n","protected":false},"featured_media":271618,"comment_status":"closed","ping_status":"open","template":"","meta":{"_angie_page":false},"product_brand":[],"product_cat":[6994],"product_tag":[],"class_list":{"0":"post-201057","1":"product","2":"type-product","3":"status-publish","4":"has-post-thumbnail","6":"product_cat-bad-og-bruser","7":"pa_collection-aromatherapy-bath-potions-bulk-7kg-da","8":"pa_made-in-storbritannien","10":"first","11":"instock","12":"purchasable","13":"product-type-simple"},"supplier_id":null,"supplier_sku":"ABP-08","barcode":null,"atum_controlled":true,"out_stock_date":null,"out_stock_threshold":null,"inheritable":false,"inbound_stock":null,"stock_on_hold":0,"sold_today":0,"sales_last_days":0,"reserved_stock":null,"customer_returns":null,"warehouse_damage":null,"lost_in_post":null,"other_logs":null,"out_stock_days":0,"lost_sales":0,"has_location":null,"update_date":"2026-05-08T05:02:34","atum_locations":[],"atum_stock_status":"instock","restock_status":false,"low_stock_amount":"","sales_update_date":"2025-10-09T03:22:24","calc_backorders":null,"_links":{"self":[{"href":"https:\/\/aromasentia.com\/da\/wp-json\/wp\/v2\/product\/201057","targetHints":{"allow":["GET"]}}],"collection":[{"href":"https:\/\/aromasentia.com\/da\/wp-json\/wp\/v2\/product"}],"about":[{"href":"https:\/\/aromasentia.com\/da\/wp-json\/wp\/v2\/types\/product"}],"replies":[{"embeddable":true,"href":"https:\/\/aromasentia.com\/da\/wp-json\/wp\/v2\/comments?post=201057"}],"version-history":[{"count":0,"href":"https:\/\/aromasentia.com\/da\/wp-json\/wp\/v2\/product\/201057\/revisions"}],"wp:featuredmedia":[{"embeddable":true,"href":"https:\/\/aromasentia.com\/da\/wp-json\/wp\/v2\/media\/271618"}],"wp:attachment":[{"href":"https:\/\/aromasentia.com\/da\/wp-json\/wp\/v2\/media?parent=201057"}],"wp:term":[{"taxonomy":"product_brand","embeddable":true,"href":"https:\/\/aromasentia.com\/da\/wp-json\/wp\/v2\/product_brand?post=201057"},{"taxonomy":"product_cat","embeddable":true,"href":"https:\/\/aromasentia.com\/da\/wp-json\/wp\/v2\/product_cat?post=201057"},{"taxonomy":"product_tag","embeddable":true,"href":"https:\/\/aromasentia.com\/da\/wp-json\/wp\/v2\/product_tag?post=201057"}],"curies":[{"name":"wp","href":"https:\/\/api.w.org\/{rel}","templated":true}]}}