{"id":201054,"date":"2025-03-20T16:13:15","date_gmt":"2025-03-20T16:13:15","guid":{"rendered":"https:\/\/aromasentia.com\/product\/colds-flu-potion-7kg-hessian-sack\/"},"modified":"2025-06-22T03:33:56","modified_gmt":"2025-06-22T03:33:56","slug":"forkoelelses-og-influenzadrik-7-kg-hessisk-saek","status":"publish","type":"product","link":"https:\/\/aromasentia.com\/da\/forkoelelses-og-influenzadrik-7-kg-hessisk-saek\/","title":{"rendered":"Fork\u00f8lelses- Og Influenzadrik 7 kg Hessisk S\u00e6k"},"content":{"rendered":"<p><strong>Fork\u00f8lelses- og influenza-aromaterapi-badedrikker<\/strong> er lavet med en kunstf\u00e6rdig blanding af ren grapefrugt, pebermynte og \u00c6teriske olier fra May Chang i havsalt.<br style=\"color: rgb(114, 114, 114); font-size: 16px; font-style: normal; font-variant-ligatures: normal; font-variant-caps: normal; font-weight: 400; letter-spacing: normal; orphans: 2; text-align: start; text-indent: 0px; text-transform: none; white-space: normal; widows: 2; word-spacing: 0px; -webkit-text-stroke-width: 0px; text-decoration-thickness: initial; text-decoration-style: initial; text-decoration-color: initial; background-color: rgb(255, 255, 255);\">Pakket i en hessian-s\u00e6k til \u00f8jeblikkelig fremvisning og salg.<br style=\"color: rgb(114, 114, 114); font-size: 16px; font-style: normal; font-variant-ligatures: normal; font-variant-caps: normal; font-weight: 400; letter-spacing: normal; orphans: 2; text-align: start; text-indent: 0px; text-transform: none; white-space: normal; widows: 2; word-spacing: 0px; -webkit-text-stroke-width: 0px; text-decoration-thickness: initial; text-decoration-style: initial; text-decoration-color: initial; background-color: rgb(255, 255, 255);\">Vi mener, at dette er en god v\u00e6rdi, is\u00e6r for dette kvalitetsbadesalt og en pose. \u00c5bn din badepose og tag en duft og se, hvor potente disse eliksirer er. Dette g\u00f8r dem nemme at s\u00e6lge. Leveres med ingrediensetiket.<br style=\"color: rgb(114, 114, 114); font-size: 16px; font-style: normal; font-variant-ligatures: normal; font-variant-caps: normal; font-weight: 400; letter-spacing: normal; orphans: 2; text-align: start; text-indent: 0px; text-transform: none; white-space: normal; widows: 2; word-spacing: 0px; -webkit-text-stroke-width: 0px; text-decoration-thickness: initial; text-decoration-style: initial; text-decoration-color: initial; background-color: rgb(255, 255, 255);\">Tils\u00e6t en lille m\u00e6ngde eliksir til dit bad for en ekstraordin\u00e6r aromatisk badeoplevelse<\/p>\n","protected":false},"excerpt":{"rendered":"<p>Fork\u00f8lelses- og influenza-aromaterapi-badedrikker er lavet med en kunstf\u00e6rdig blanding af ren grapefrugt, pebermynte og \u00c6teriske olier fra May Chang i havsalt.Pakket i en hessian-s\u00e6k til \u00f8jeblikkelig fremvisning og salg.Vi mener, at dette er en god v\u00e6rdi, is\u00e6r for dette kvalitetsbadesalt og en pose. \u00c5bn din badepose og tag en duft og se, hvor potente disse [&hellip;]<\/p>\n","protected":false},"featured_media":271567,"comment_status":"closed","ping_status":"open","template":"","meta":{"_angie_page":false},"product_brand":[],"product_cat":[6994],"product_tag":[],"class_list":{"0":"post-201054","1":"product","2":"type-product","3":"status-publish","4":"has-post-thumbnail","6":"product_cat-bad-og-bruser","7":"pa_collection-aromatherapy-bath-potions-bulk-7kg-da","8":"pa_made-in-storbritannien","10":"first","11":"instock","12":"purchasable","13":"product-type-simple"},"supplier_id":null,"supplier_sku":"ABP-06","barcode":null,"atum_controlled":true,"out_stock_date":null,"out_stock_threshold":null,"inheritable":false,"inbound_stock":null,"stock_on_hold":0,"sold_today":0,"sales_last_days":0,"reserved_stock":null,"customer_returns":null,"warehouse_damage":null,"lost_in_post":null,"other_logs":null,"out_stock_days":0,"lost_sales":0,"has_location":null,"update_date":"2026-05-11T01:55:49","atum_locations":[],"atum_stock_status":"instock","restock_status":false,"low_stock_amount":"","sales_update_date":"2025-10-09T03:22:24","calc_backorders":null,"_links":{"self":[{"href":"https:\/\/aromasentia.com\/da\/wp-json\/wp\/v2\/product\/201054","targetHints":{"allow":["GET"]}}],"collection":[{"href":"https:\/\/aromasentia.com\/da\/wp-json\/wp\/v2\/product"}],"about":[{"href":"https:\/\/aromasentia.com\/da\/wp-json\/wp\/v2\/types\/product"}],"replies":[{"embeddable":true,"href":"https:\/\/aromasentia.com\/da\/wp-json\/wp\/v2\/comments?post=201054"}],"version-history":[{"count":0,"href":"https:\/\/aromasentia.com\/da\/wp-json\/wp\/v2\/product\/201054\/revisions"}],"wp:featuredmedia":[{"embeddable":true,"href":"https:\/\/aromasentia.com\/da\/wp-json\/wp\/v2\/media\/271567"}],"wp:attachment":[{"href":"https:\/\/aromasentia.com\/da\/wp-json\/wp\/v2\/media?parent=201054"}],"wp:term":[{"taxonomy":"product_brand","embeddable":true,"href":"https:\/\/aromasentia.com\/da\/wp-json\/wp\/v2\/product_brand?post=201054"},{"taxonomy":"product_cat","embeddable":true,"href":"https:\/\/aromasentia.com\/da\/wp-json\/wp\/v2\/product_cat?post=201054"},{"taxonomy":"product_tag","embeddable":true,"href":"https:\/\/aromasentia.com\/da\/wp-json\/wp\/v2\/product_tag?post=201054"}],"curies":[{"name":"wp","href":"https:\/\/api.w.org\/{rel}","templated":true}]}}