{"id":201032,"date":"2025-03-20T16:14:01","date_gmt":"2025-03-20T16:14:01","guid":{"rendered":"https:\/\/aromasentia.com\/product\/bath-fizzer-dolly-blue\/"},"modified":"2025-06-22T03:33:46","modified_gmt":"2025-06-22T03:33:46","slug":"bath-fizzer-dolly-blue","status":"publish","type":"product","link":"https:\/\/aromasentia.com\/da\/bath-fizzer-dolly-blue\/","title":{"rendered":"Bath Fizzer &#8211; Dolly Blue"},"content":{"rendered":"<p><strong><span style=\"color: rgb(75, 80, 88);\">Dolly Blue<\/span><\/strong><span style=\"color: rgb(75, 80, 88);\">&nbsp;Bath Fizzers har en uimodst\u00e5elig, s\u00f8d duft, der blander noter af vanilje og moskus med et strejf af patchouli og jasmin.<\/span> <\/p>\n<p><span style=\"color: rgb(75, 80, 88);\">Agnes and Cat Natural Bath Fizzes er parfumeret med vores hjemmedufte og er et dejligt alternativ til badebomber.&nbsp;<\/span><\/p>\n<p><span style=\"color: rgb(75, 80, 88);\">Hver fizzer leveres individuelt indpakket, <strong>kan bruges hel eller kn\u00e6kkes til to bade<\/strong>.&nbsp;<\/span><\/p>\n<p><span style=\"color: rgb(75, 80, 88);\">Agnes and Cat badefizzers er alle<\/span><span style=\"color: rgb(149, 122, 101);\">&nbsp;<\/span><a href=\"https:\/\/aromasentia.com\/vegan\"><span style=\"color: rgb(149, 122, 101);\"><strong>vegansk venlig<\/strong><\/span><\/a><span style=\"color: rgb(75, 80, 88);\"><strong>.<\/strong><\/span><\/p>\n<p><span style=\"color: rgb(75, 80, 88);\">Bem\u00e6rk venligst, at v\u00e6gten og m\u00e5lene p\u00e5 brusebadene er omtrentlige, da produktet er h\u00e5ndlavet.<\/span><\/p>\n<p><span style=\"color: rgb(141, 186, 216);\"><strong>Tilf\u00f8j til din portef\u00f8lje, tiltr\u00e6k nye kunder og k\u00f8b for at skabe det ultimative badev\u00e6relseshimmel i din butik for dine kunder.<\/strong><\/span><\/p>\n","protected":false},"excerpt":{"rendered":"<p>Dolly Blue&nbsp;Bath Fizzers har en uimodst\u00e5elig, s\u00f8d duft, der blander noter af vanilje og moskus med et strejf af patchouli og jasmin. Agnes and Cat Natural Bath Fizzes er parfumeret med vores hjemmedufte og er et dejligt alternativ til badebomber.&nbsp; Hver fizzer leveres individuelt indpakket, kan bruges hel eller kn\u00e6kkes til to bade.&nbsp; Agnes and [&hellip;]<\/p>\n","protected":false},"featured_media":271713,"comment_status":"closed","ping_status":"open","template":"","meta":{"_angie_page":false},"product_brand":[27084],"product_cat":[6994,7029],"product_tag":[],"class_list":{"0":"post-201032","1":"product","2":"type-product","3":"status-publish","4":"has-post-thumbnail","6":"product_brand-agnes-and-cat","7":"product_cat-bad-og-bruser","8":"product_cat-badebomber","9":"pa_collection-ac-fizzer-bath-bombs-two-in-one-da","10":"pa_made-in-storbritannien","12":"first","13":"instock","14":"purchasable","15":"product-type-simple"},"supplier_id":null,"supplier_sku":"ACBB-06DS","barcode":null,"atum_controlled":true,"out_stock_date":null,"out_stock_threshold":null,"inheritable":false,"inbound_stock":null,"stock_on_hold":0,"sold_today":0,"sales_last_days":0,"reserved_stock":null,"customer_returns":null,"warehouse_damage":null,"lost_in_post":null,"other_logs":null,"out_stock_days":0,"lost_sales":0,"has_location":null,"update_date":"2026-04-30T05:06:57","atum_locations":[],"atum_stock_status":"instock","restock_status":false,"low_stock_amount":"","sales_update_date":"2026-01-30T01:26:25","calc_backorders":null,"_links":{"self":[{"href":"https:\/\/aromasentia.com\/da\/wp-json\/wp\/v2\/product\/201032","targetHints":{"allow":["GET"]}}],"collection":[{"href":"https:\/\/aromasentia.com\/da\/wp-json\/wp\/v2\/product"}],"about":[{"href":"https:\/\/aromasentia.com\/da\/wp-json\/wp\/v2\/types\/product"}],"replies":[{"embeddable":true,"href":"https:\/\/aromasentia.com\/da\/wp-json\/wp\/v2\/comments?post=201032"}],"version-history":[{"count":0,"href":"https:\/\/aromasentia.com\/da\/wp-json\/wp\/v2\/product\/201032\/revisions"}],"wp:featuredmedia":[{"embeddable":true,"href":"https:\/\/aromasentia.com\/da\/wp-json\/wp\/v2\/media\/271713"}],"wp:attachment":[{"href":"https:\/\/aromasentia.com\/da\/wp-json\/wp\/v2\/media?parent=201032"}],"wp:term":[{"taxonomy":"product_brand","embeddable":true,"href":"https:\/\/aromasentia.com\/da\/wp-json\/wp\/v2\/product_brand?post=201032"},{"taxonomy":"product_cat","embeddable":true,"href":"https:\/\/aromasentia.com\/da\/wp-json\/wp\/v2\/product_cat?post=201032"},{"taxonomy":"product_tag","embeddable":true,"href":"https:\/\/aromasentia.com\/da\/wp-json\/wp\/v2\/product_tag?post=201032"}],"curies":[{"name":"wp","href":"https:\/\/api.w.org\/{rel}","templated":true}]}}