{"id":201027,"date":"2025-03-20T16:14:01","date_gmt":"2025-03-20T16:14:01","guid":{"rendered":"https:\/\/aromasentia.com\/product\/hand-body-cream-clementine-300ml\/"},"modified":"2025-06-22T03:33:44","modified_gmt":"2025-06-22T03:33:44","slug":"haand-og-kropscreme-clementine-300ml","status":"publish","type":"product","link":"https:\/\/aromasentia.com\/da\/haand-og-kropscreme-clementine-300ml\/","title":{"rendered":"H\u00e5nd- Og Kropscreme &#8211; Clementine &#8211; 300ml"},"content":{"rendered":"<p>G\u00f8r din hud og din dag lysere med vores Hand &#038; Body Cream &#8211; Clementine. Denne muntre creme p\u00e5 300 ml giver essentiel fugt, mens den gl\u00e6der dine sanser med den vidunderligt opl\u00f8ftende og s\u00f8de citrusduft af solmodne klementiner. Den rige, men ikke-fedtende formel efterlader huden us\u00e6dvanligt bl\u00f8d, glat og revitaliseret. Denne creme er perfekt til en daglig dosis solskin og giver en eksplosion af livlig energi og aromatisk gl\u00e6de, s\u00e5 din hud f\u00f8les glad og smukt duftende.<\/p>\n","protected":false},"excerpt":{"rendered":"<p>G\u00f8r din hud og din dag lysere med vores Hand &#038; Body Cream &#8211; Clementine. Denne muntre creme p\u00e5 300 ml giver essentiel fugt, mens den gl\u00e6der dine sanser med den vidunderligt opl\u00f8ftende og s\u00f8de citrusduft af solmodne klementiner. Den rige, men ikke-fedtende formel efterlader huden us\u00e6dvanligt bl\u00f8d, glat og revitaliseret. Denne creme er perfekt [&hellip;]<\/p>\n","protected":false},"featured_media":642342,"comment_status":"closed","ping_status":"open","template":"","meta":{"_angie_page":false},"product_brand":[27084],"product_cat":[6994,7139],"product_tag":[],"class_list":{"0":"post-201027","1":"product","2":"type-product","3":"status-publish","4":"has-post-thumbnail","6":"product_brand-agnes-and-cat","7":"product_cat-bad-og-bruser","8":"product_cat-kropspleje","9":"pa_collection-agnescat-hand-body-cream-da","10":"pa_made-in-storbritannien","11":"pa_size-300ml","13":"first","14":"instock","15":"purchasable","16":"product-type-simple"},"supplier_id":null,"supplier_sku":"ACBC-01","barcode":null,"atum_controlled":true,"out_stock_date":null,"out_stock_threshold":null,"inheritable":false,"inbound_stock":0,"stock_on_hold":0,"sold_today":0,"sales_last_days":0,"reserved_stock":0,"customer_returns":0,"warehouse_damage":0,"lost_in_post":0,"other_logs":0,"out_stock_days":0,"lost_sales":0,"has_location":false,"update_date":"2026-04-27T06:49:08","atum_locations":[],"atum_stock_status":"instock","restock_status":false,"low_stock_amount":"","sales_update_date":"2025-10-09T03:22:29","calc_backorders":null,"_links":{"self":[{"href":"https:\/\/aromasentia.com\/da\/wp-json\/wp\/v2\/product\/201027","targetHints":{"allow":["GET"]}}],"collection":[{"href":"https:\/\/aromasentia.com\/da\/wp-json\/wp\/v2\/product"}],"about":[{"href":"https:\/\/aromasentia.com\/da\/wp-json\/wp\/v2\/types\/product"}],"replies":[{"embeddable":true,"href":"https:\/\/aromasentia.com\/da\/wp-json\/wp\/v2\/comments?post=201027"}],"version-history":[{"count":0,"href":"https:\/\/aromasentia.com\/da\/wp-json\/wp\/v2\/product\/201027\/revisions"}],"wp:featuredmedia":[{"embeddable":true,"href":"https:\/\/aromasentia.com\/da\/wp-json\/wp\/v2\/media\/642342"}],"wp:attachment":[{"href":"https:\/\/aromasentia.com\/da\/wp-json\/wp\/v2\/media?parent=201027"}],"wp:term":[{"taxonomy":"product_brand","embeddable":true,"href":"https:\/\/aromasentia.com\/da\/wp-json\/wp\/v2\/product_brand?post=201027"},{"taxonomy":"product_cat","embeddable":true,"href":"https:\/\/aromasentia.com\/da\/wp-json\/wp\/v2\/product_cat?post=201027"},{"taxonomy":"product_tag","embeddable":true,"href":"https:\/\/aromasentia.com\/da\/wp-json\/wp\/v2\/product_tag?post=201027"}],"curies":[{"name":"wp","href":"https:\/\/api.w.org\/{rel}","templated":true}]}}