{"id":201026,"date":"2025-03-20T16:14:01","date_gmt":"2025-03-20T16:14:01","guid":{"rendered":"https:\/\/aromasentia.com\/product\/hand-body-cream-sea-salt-moss-300ml\/"},"modified":"2025-06-22T03:33:44","modified_gmt":"2025-06-22T03:33:44","slug":"haand-og-kropscreme-havsalt-og-mos-300ml","status":"publish","type":"product","link":"https:\/\/aromasentia.com\/da\/haand-og-kropscreme-havsalt-og-mos-300ml\/","title":{"rendered":"H\u00e5nd- Og Kropscreme &#8211; Havsalt Og mos &#8211; 300ml"},"content":{"rendered":"<p>Opfrisk og genopliv din hud med vores Hand &#038; Body Cream &#8211; Sea Salt &#038; Moss. Denne forfriskende creme p\u00e5 300 ml kombinerer dyb fugtighed med den spr\u00f8de, rene essens af frisk havsalt og de jordn\u00e6re noter af gr\u00f8n mos. Den n\u00e6rende formel absorberes hurtigt og efterlader huden bl\u00f8d, fugtet og gennemsyret af en naturlig, luftig duft, der minder om en flugt fra kysten. Den er perfekt til daglig brug og giver et frisk pust til din hudplejerutine og giver energi til b\u00e5de hud og sj\u00e6l.<\/p>\n","protected":false},"excerpt":{"rendered":"<p>Opfrisk og genopliv din hud med vores Hand &#038; Body Cream &#8211; Sea Salt &#038; Moss. Denne forfriskende creme p\u00e5 300 ml kombinerer dyb fugtighed med den spr\u00f8de, rene essens af frisk havsalt og de jordn\u00e6re noter af gr\u00f8n mos. Den n\u00e6rende formel absorberes hurtigt og efterlader huden bl\u00f8d, fugtet og gennemsyret af en naturlig, [&hellip;]<\/p>\n","protected":false},"featured_media":642334,"comment_status":"closed","ping_status":"open","template":"","meta":{"_angie_page":false},"product_brand":[27084],"product_cat":[6994,7139],"product_tag":[],"class_list":{"0":"post-201026","1":"product","2":"type-product","3":"status-publish","4":"has-post-thumbnail","6":"product_brand-agnes-and-cat","7":"product_cat-bad-og-bruser","8":"product_cat-kropspleje","9":"pa_collection-agnescat-hand-body-cream-da","10":"pa_made-in-storbritannien","11":"pa_size-300ml","13":"first","14":"instock","15":"purchasable","16":"product-type-simple"},"supplier_id":null,"supplier_sku":"ACBC-02","barcode":null,"atum_controlled":true,"out_stock_date":null,"out_stock_threshold":null,"inheritable":false,"inbound_stock":null,"stock_on_hold":0,"sold_today":0,"sales_last_days":0,"reserved_stock":null,"customer_returns":null,"warehouse_damage":null,"lost_in_post":null,"other_logs":null,"out_stock_days":0,"lost_sales":0,"has_location":null,"update_date":"2026-04-27T06:49:08","atum_locations":[],"atum_stock_status":"instock","restock_status":false,"low_stock_amount":"","sales_update_date":"2026-01-30T01:25:22","calc_backorders":null,"_links":{"self":[{"href":"https:\/\/aromasentia.com\/da\/wp-json\/wp\/v2\/product\/201026","targetHints":{"allow":["GET"]}}],"collection":[{"href":"https:\/\/aromasentia.com\/da\/wp-json\/wp\/v2\/product"}],"about":[{"href":"https:\/\/aromasentia.com\/da\/wp-json\/wp\/v2\/types\/product"}],"replies":[{"embeddable":true,"href":"https:\/\/aromasentia.com\/da\/wp-json\/wp\/v2\/comments?post=201026"}],"version-history":[{"count":0,"href":"https:\/\/aromasentia.com\/da\/wp-json\/wp\/v2\/product\/201026\/revisions"}],"wp:featuredmedia":[{"embeddable":true,"href":"https:\/\/aromasentia.com\/da\/wp-json\/wp\/v2\/media\/642334"}],"wp:attachment":[{"href":"https:\/\/aromasentia.com\/da\/wp-json\/wp\/v2\/media?parent=201026"}],"wp:term":[{"taxonomy":"product_brand","embeddable":true,"href":"https:\/\/aromasentia.com\/da\/wp-json\/wp\/v2\/product_brand?post=201026"},{"taxonomy":"product_cat","embeddable":true,"href":"https:\/\/aromasentia.com\/da\/wp-json\/wp\/v2\/product_cat?post=201026"},{"taxonomy":"product_tag","embeddable":true,"href":"https:\/\/aromasentia.com\/da\/wp-json\/wp\/v2\/product_tag?post=201026"}],"curies":[{"name":"wp","href":"https:\/\/api.w.org\/{rel}","templated":true}]}}