{"id":201023,"date":"2025-03-20T16:14:01","date_gmt":"2025-03-20T16:14:01","guid":{"rendered":"https:\/\/aromasentia.com\/product\/hand-body-cream-white-fig-300ml\/"},"modified":"2025-06-22T03:33:42","modified_gmt":"2025-06-22T03:33:42","slug":"haand-og-kropscreme-hvid-figen-300ml","status":"publish","type":"product","link":"https:\/\/aromasentia.com\/da\/haand-og-kropscreme-hvid-figen-300ml\/","title":{"rendered":"H\u00e5nd- Og Kropscreme &#8211; Hvid Figen &#8211; 300ml"},"content":{"rendered":"<p>Fork\u00e6l dig selv med den sofistikerede komfort i vores Hand &#038; Body Cream &#8211; White Fig. Denne rige creme p\u00e5 300 ml giver intensiv hydrering og k\u00e6rtegner din hud med en smukt afbalanceret blanding af cremede, subtilt s\u00f8de figennoter og friske gr\u00f8nne akkorder. Den n\u00e6rende formel absorberes hurtigt og efterlader huden fl\u00f8jlsbl\u00f8d, glat og delikat parfumeret med et strejf af underspillet elegance. Den er perfekt til daglig fork\u00e6lelse og forvandler den rutinem\u00e6ssige fugtpleje til et \u00f8jeblik med luksuri\u00f8s, beroligende selvpleje.<\/p>\n","protected":false},"excerpt":{"rendered":"<p>Fork\u00e6l dig selv med den sofistikerede komfort i vores Hand &#038; Body Cream &#8211; White Fig. Denne rige creme p\u00e5 300 ml giver intensiv hydrering og k\u00e6rtegner din hud med en smukt afbalanceret blanding af cremede, subtilt s\u00f8de figennoter og friske gr\u00f8nne akkorder. Den n\u00e6rende formel absorberes hurtigt og efterlader huden fl\u00f8jlsbl\u00f8d, glat og delikat [&hellip;]<\/p>\n","protected":false},"featured_media":642310,"comment_status":"closed","ping_status":"open","template":"","meta":{"_angie_page":false},"product_brand":[27084],"product_cat":[6994,7139],"product_tag":[],"class_list":{"0":"post-201023","1":"product","2":"type-product","3":"status-publish","4":"has-post-thumbnail","6":"product_brand-agnes-and-cat","7":"product_cat-bad-og-bruser","8":"product_cat-kropspleje","9":"pa_collection-agnescat-hand-body-cream-da","10":"pa_made-in-storbritannien","11":"pa_size-300ml","13":"first","14":"instock","15":"purchasable","16":"product-type-simple"},"supplier_id":null,"supplier_sku":"ACBC-05","barcode":null,"atum_controlled":true,"out_stock_date":null,"out_stock_threshold":null,"inheritable":false,"inbound_stock":null,"stock_on_hold":0,"sold_today":0,"sales_last_days":0,"reserved_stock":null,"customer_returns":null,"warehouse_damage":null,"lost_in_post":null,"other_logs":null,"out_stock_days":0,"lost_sales":0,"has_location":null,"update_date":"2026-05-04T00:02:48","atum_locations":[],"atum_stock_status":"instock","restock_status":false,"low_stock_amount":"","sales_update_date":"2026-01-30T01:25:45","calc_backorders":null,"_links":{"self":[{"href":"https:\/\/aromasentia.com\/da\/wp-json\/wp\/v2\/product\/201023","targetHints":{"allow":["GET"]}}],"collection":[{"href":"https:\/\/aromasentia.com\/da\/wp-json\/wp\/v2\/product"}],"about":[{"href":"https:\/\/aromasentia.com\/da\/wp-json\/wp\/v2\/types\/product"}],"replies":[{"embeddable":true,"href":"https:\/\/aromasentia.com\/da\/wp-json\/wp\/v2\/comments?post=201023"}],"version-history":[{"count":0,"href":"https:\/\/aromasentia.com\/da\/wp-json\/wp\/v2\/product\/201023\/revisions"}],"wp:featuredmedia":[{"embeddable":true,"href":"https:\/\/aromasentia.com\/da\/wp-json\/wp\/v2\/media\/642310"}],"wp:attachment":[{"href":"https:\/\/aromasentia.com\/da\/wp-json\/wp\/v2\/media?parent=201023"}],"wp:term":[{"taxonomy":"product_brand","embeddable":true,"href":"https:\/\/aromasentia.com\/da\/wp-json\/wp\/v2\/product_brand?post=201023"},{"taxonomy":"product_cat","embeddable":true,"href":"https:\/\/aromasentia.com\/da\/wp-json\/wp\/v2\/product_cat?post=201023"},{"taxonomy":"product_tag","embeddable":true,"href":"https:\/\/aromasentia.com\/da\/wp-json\/wp\/v2\/product_tag?post=201023"}],"curies":[{"name":"wp","href":"https:\/\/api.w.org\/{rel}","templated":true}]}}