{"id":201022,"date":"2025-03-20T16:14:01","date_gmt":"2025-03-20T16:14:01","guid":{"rendered":"https:\/\/aromasentia.com\/product\/hand-body-cream-provence-300ml\/"},"modified":"2025-06-22T03:33:42","modified_gmt":"2025-06-22T03:33:42","slug":"haand-og-kropscreme-provence-300ml","status":"publish","type":"product","link":"https:\/\/aromasentia.com\/da\/haand-og-kropscreme-provence-300ml\/","title":{"rendered":"H\u00e5nd- Og Kropscreme &#8211; Provence &#8211; 300ml"},"content":{"rendered":"<p>Transporter dine sanser til Frankrigs solbeskinnede marker med vores Hand &#038; Body Cream &#8211; Provence. Denne luksuri\u00f8se creme p\u00e5 300 ml n\u00e6rer din hud i dybden, s\u00e5 den f\u00f8les bl\u00f8d, smidig og smukt hydreret. Den klassiske, beroligende duft af lavendel og aromatiske urter, der minder om det provencalske landskab, beroliger b\u00e5de hud og sj\u00e6l. Fork\u00e6l dig selv dagligt med denne rige, ikke-fedtende formel for at f\u00e5 et \u00f8jebliks rolig overb\u00e6renhed og smukt duftende, r\u00f8rende glat hud.<\/p>\n","protected":false},"excerpt":{"rendered":"<p>Transporter dine sanser til Frankrigs solbeskinnede marker med vores Hand &#038; Body Cream &#8211; Provence. Denne luksuri\u00f8se creme p\u00e5 300 ml n\u00e6rer din hud i dybden, s\u00e5 den f\u00f8les bl\u00f8d, smidig og smukt hydreret. Den klassiske, beroligende duft af lavendel og aromatiske urter, der minder om det provencalske landskab, beroliger b\u00e5de hud og sj\u00e6l. Fork\u00e6l [&hellip;]<\/p>\n","protected":false},"featured_media":642302,"comment_status":"closed","ping_status":"open","template":"","meta":{"_angie_page":false},"product_brand":[27084],"product_cat":[6994,7139],"product_tag":[],"class_list":{"0":"post-201022","1":"product","2":"type-product","3":"status-publish","4":"has-post-thumbnail","6":"product_brand-agnes-and-cat","7":"product_cat-bad-og-bruser","8":"product_cat-kropspleje","9":"pa_collection-agnescat-hand-body-cream-da","10":"pa_made-in-storbritannien","11":"pa_size-300ml","13":"first","14":"instock","15":"purchasable","16":"product-type-simple"},"supplier_id":null,"supplier_sku":"ACBC-06","barcode":null,"atum_controlled":true,"out_stock_date":null,"out_stock_threshold":null,"inheritable":false,"inbound_stock":null,"stock_on_hold":0,"sold_today":0,"sales_last_days":0,"reserved_stock":null,"customer_returns":null,"warehouse_damage":null,"lost_in_post":null,"other_logs":null,"out_stock_days":0,"lost_sales":0,"has_location":null,"update_date":"2026-04-27T06:49:08","atum_locations":[],"atum_stock_status":"instock","restock_status":false,"low_stock_amount":"","sales_update_date":"2025-10-09T03:22:30","calc_backorders":null,"_links":{"self":[{"href":"https:\/\/aromasentia.com\/da\/wp-json\/wp\/v2\/product\/201022","targetHints":{"allow":["GET"]}}],"collection":[{"href":"https:\/\/aromasentia.com\/da\/wp-json\/wp\/v2\/product"}],"about":[{"href":"https:\/\/aromasentia.com\/da\/wp-json\/wp\/v2\/types\/product"}],"replies":[{"embeddable":true,"href":"https:\/\/aromasentia.com\/da\/wp-json\/wp\/v2\/comments?post=201022"}],"version-history":[{"count":0,"href":"https:\/\/aromasentia.com\/da\/wp-json\/wp\/v2\/product\/201022\/revisions"}],"wp:featuredmedia":[{"embeddable":true,"href":"https:\/\/aromasentia.com\/da\/wp-json\/wp\/v2\/media\/642302"}],"wp:attachment":[{"href":"https:\/\/aromasentia.com\/da\/wp-json\/wp\/v2\/media?parent=201022"}],"wp:term":[{"taxonomy":"product_brand","embeddable":true,"href":"https:\/\/aromasentia.com\/da\/wp-json\/wp\/v2\/product_brand?post=201022"},{"taxonomy":"product_cat","embeddable":true,"href":"https:\/\/aromasentia.com\/da\/wp-json\/wp\/v2\/product_cat?post=201022"},{"taxonomy":"product_tag","embeddable":true,"href":"https:\/\/aromasentia.com\/da\/wp-json\/wp\/v2\/product_tag?post=201022"}],"curies":[{"name":"wp","href":"https:\/\/api.w.org\/{rel}","templated":true}]}}