{"id":201021,"date":"2025-03-20T16:14:01","date_gmt":"2025-03-20T16:14:01","guid":{"rendered":"https:\/\/aromasentia.com\/product\/bath-fizzer-tea-and-roses\/"},"modified":"2025-06-22T03:33:39","modified_gmt":"2025-06-22T03:33:39","slug":"bath-fizzer-te-og-roser","status":"publish","type":"product","link":"https:\/\/aromasentia.com\/da\/bath-fizzer-te-og-roser\/","title":{"rendered":"Bath Fizzer &#8211; Te Og Roser"},"content":{"rendered":"<p><span style=\"color: rgb(75, 80, 88);\"><strong>Te &#038; Roser<\/strong>Bath Fizzers kombinerer den fristende, fyldige blomsteraroma fra rosenblomst med de forfriskende undertoner af energigivende gr\u00f8nne teblade. Denne flerlagede duft vil fortrylle dine sanser! &nbsp;<\/span><\/p>\n<p><span style=\"color: rgb(75, 80, 88);\">Agnes and Cat Natural Bath Fizzes er parfumeret med vores hjemmedufte og er et dejligt alternativ til badebomber.&nbsp;<\/span><\/p>\n<p><span style=\"color: rgb(75, 80, 88);\">Hver bruseboble leveres individuelt indpakket, <strong>kan bruges hel eller kn\u00e6kket til to bade<\/strong>.&nbsp;<\/span><\/p>\n<p><span style=\"color: rgb(75, 80, 88);\">Agnes and Cat badebrusebobler er alle<\/span><span style=\"color: rgb(149, 122, 101);\">&nbsp;<\/span><a href=\"https:\/\/aromasentia.com\/vegan\"><span style=\"color: rgb(149, 122, 101);\"><strong>veganske<\/strong><\/span><\/a><span style=\"color: rgb(75, 80, 88);\"><strong>.<\/strong><\/span><\/p>\n<p><span style=\"color: rgb(75, 80, 88);\">Bem\u00e6rk venligst, at v\u00e6gten og m\u00e5lene p\u00e5 brusekopperne er omtrentlige, da produktet er h\u00e5ndlavet.<\/span><\/p>\n<p><span style=\"color: rgb(141, 186, 216);\"><strong>Tilf\u00f8j til din portef\u00f8lje, tiltr\u00e6k nye kunder og k\u00f8b for at skabe det ultimative badev\u00e6relseshimmel i din butik for dine kunder.<\/strong><\/span><\/p>\n","protected":false},"excerpt":{"rendered":"<p>Te &#038; RoserBath Fizzers kombinerer den fristende, fyldige blomsteraroma fra rosenblomst med de forfriskende undertoner af energigivende gr\u00f8nne teblade. Denne flerlagede duft vil fortrylle dine sanser! &nbsp; Agnes and Cat Natural Bath Fizzes er parfumeret med vores hjemmedufte og er et dejligt alternativ til badebomber.&nbsp; Hver bruseboble leveres individuelt indpakket, kan bruges hel eller kn\u00e6kket [&hellip;]<\/p>\n","protected":false},"featured_media":271818,"comment_status":"closed","ping_status":"open","template":"","meta":{"_angie_page":false},"product_brand":[27084],"product_cat":[6994,7029,26830,25839,25984],"product_tag":[],"class_list":{"0":"post-201021","1":"product","2":"type-product","3":"status-publish","4":"has-post-thumbnail","6":"product_brand-agnes-and-cat","7":"product_cat-bad-og-bruser","8":"product_cat-badebomber","9":"product_cat-blomster","10":"product_cat-dufte-aromaer","11":"product_cat-rose","12":"pa_collection-ac-fizzer-bath-bombs-two-in-one-da","13":"pa_made-in-storbritannien","15":"first","16":"instock","17":"purchasable","18":"product-type-simple"},"supplier_id":null,"supplier_sku":"ACBB-14DS","barcode":null,"atum_controlled":true,"out_stock_date":null,"out_stock_threshold":null,"inheritable":false,"inbound_stock":null,"stock_on_hold":0,"sold_today":0,"sales_last_days":0,"reserved_stock":null,"customer_returns":null,"warehouse_damage":null,"lost_in_post":null,"other_logs":null,"out_stock_days":0,"lost_sales":0,"has_location":null,"update_date":"2026-04-27T06:49:05","atum_locations":[],"atum_stock_status":"instock","restock_status":false,"low_stock_amount":"","sales_update_date":"2026-01-30T01:25:43","calc_backorders":null,"_links":{"self":[{"href":"https:\/\/aromasentia.com\/da\/wp-json\/wp\/v2\/product\/201021","targetHints":{"allow":["GET"]}}],"collection":[{"href":"https:\/\/aromasentia.com\/da\/wp-json\/wp\/v2\/product"}],"about":[{"href":"https:\/\/aromasentia.com\/da\/wp-json\/wp\/v2\/types\/product"}],"replies":[{"embeddable":true,"href":"https:\/\/aromasentia.com\/da\/wp-json\/wp\/v2\/comments?post=201021"}],"version-history":[{"count":0,"href":"https:\/\/aromasentia.com\/da\/wp-json\/wp\/v2\/product\/201021\/revisions"}],"wp:featuredmedia":[{"embeddable":true,"href":"https:\/\/aromasentia.com\/da\/wp-json\/wp\/v2\/media\/271818"}],"wp:attachment":[{"href":"https:\/\/aromasentia.com\/da\/wp-json\/wp\/v2\/media?parent=201021"}],"wp:term":[{"taxonomy":"product_brand","embeddable":true,"href":"https:\/\/aromasentia.com\/da\/wp-json\/wp\/v2\/product_brand?post=201021"},{"taxonomy":"product_cat","embeddable":true,"href":"https:\/\/aromasentia.com\/da\/wp-json\/wp\/v2\/product_cat?post=201021"},{"taxonomy":"product_tag","embeddable":true,"href":"https:\/\/aromasentia.com\/da\/wp-json\/wp\/v2\/product_tag?post=201021"}],"curies":[{"name":"wp","href":"https:\/\/api.w.org\/{rel}","templated":true}]}}