{"id":201015,"date":"2025-03-20T16:15:57","date_gmt":"2025-03-20T16:15:57","guid":{"rendered":"https:\/\/aromasentia.com\/product\/gift-box-parma-violet-candle-seasalt-and-moss-dolly-blue-fizz\/"},"modified":"2025-06-22T03:33:37","modified_gmt":"2025-06-22T03:33:37","slug":"gaveaeske-parma-violet-stearinlys-seasalt-and-moss-dolly-blue-fizz","status":"publish","type":"product","link":"https:\/\/aromasentia.com\/da\/gaveaeske-parma-violet-stearinlys-seasalt-and-moss-dolly-blue-fizz\/","title":{"rendered":"Gave\u00e6ske &#8211; Parma Violet (Stearinlys) + Seasalt And moss &#038; Dolly Blue (Fizz)"},"content":{"rendered":"<p style=\"text-align: center;\"><strong><span style=\"color: rgb(41, 105, 176);\">Syltet\u00f8jsglas &nbsp;Lys &#8221;Parma Violet&#8221; + Badebruser &#8221;Havsalt og Mos&#8221; + Badebruser &#8221;Dolly Blue&#8221; <\/span><\/strong><\/p>\n<p><span style=\"color: rgb(75, 80, 88);\"><strong>Den perfekte gave til enhver lejlighed!<\/strong><\/span><\/p>\n<p><span style=\"color: rgb(75, 80, 88);\">Disse smukt indpakkede gave\u00e6sker er ideelle til jul, f\u00f8dselsdage, jubil\u00e6er eller enhver anden s\u00e6rlig fest.<\/span><\/p>\n<p><span style=\"color: rgb(75, 80, 88);\"><strong>Hvad g\u00f8r dem specielle?<\/strong><\/span><\/p>\n<p><span style=\"color: rgb(75, 80, 88);\">Gavepapiret er eksklusivt designet til Agnes + Cat &ndash; Du finder det ikke andre steder!<\/span><\/p>\n<p><span style=\"color: rgb(75, 80, 88);\"><strong>Indeni hver \u00e6ske<\/strong><\/span><\/p>\n<p><span style=\"color: rgb(75, 80, 88);\"><em>2 x Brusekopper:<\/em><\/span><\/p>\n<ul style=\"--tw-border-spacing-x: 0; --tw-border-spacing-y: 0; --tw-translate-x: 0; --tw-translate-y: 0; --tw-rotate: 0; --tw-skew-x: 0; --tw-skew-y: 0; --tw-scale-x: 1; --tw-scale-y: 1; --tw-pan-x: ; --tw-pan-y: ; --tw-pinch-zoom: ; --tw-scroll-snap-strictness: proximity; --tw-gradient-from-position: ; --tw-gradient-via-position: ; --tw-gradient-to-position: ; --tw-ordinal: ; --tw-slashed-zero: ; --tw-numerisk-figur: ; --tw-numerisk-afstand: ; --tw-numerisk-fraktion: ; --tw-ring-inset: ; --tw-ring-offset-width: 0px; --tw-ring-offset-color: #fff; --tw-ring-color: rgb(59 130 246 \/ 0.5); --tw-ring-offset-shadow: 0 0 #0000; --tw-ring-shadow: 0 0 #0000; --tw-shadow: 0 0 #0000; --tw-shadow-colored: 0 0 #0000; --tw-sl\u00f8ring: ; --tw-lysstyrke: ; --tw-kontrast: ; --tw-grayscale: ; --tw-hue-rotate: ; --tw-invert: ; --tw-saturate: ; --tw-sepia: ; --tw-drop-shadow: ; --tw-backdrop-blur: ; --tw-backdrop-brightness: ; --tw-backdrop-contrast: ; --tw-backdrop-grayscale: ; --tw-backdrop-hue-rotate: ; --tw-backdrop-invert: ; --tw-backdrop-opacity: ; --tw-backdrop-saturate: ; --tw-backdrop-sepia: ; --tw-contain-size: ; --tw-contain-layout: ; --tw-contain-paint: ; --tw-contain-style: ; padding: 0px; farve: rgb(114, 114, 114); font-family: Raleway, sans-serif; font-size: 15px; font-style: normal; font-variant-ligatures: normal; font-variant-caps: normal; font-weight: 400; letter-spacing: normal; orphans: 2; text-align: start; text-indent: 0px; text-transform: none; widows: 2; word-spacing: 0px; -webkit-text-stroke-width: 0px; white-space: normal; text-decoration-thickness: initial; text-decoration-style: initial; text-decoration-color: initial; background-color: rgb(255, 255, 255);\">\n<li style=\"--tw-border-spacing-x: 0; --tw-border-spacing-y: 0; --tw-translate-x: 0; --tw-translate-y: 0; --tw-rotate: 0; --tw-skew-x: 0;\" --tw-sk\u00e6vhed-y: 0; --tw-skala-x: 1; --tw-skala-y: 1; --tw-pan-x: ; --tw-pan-y: ; --tw-pinch-zoom: ; --tw-rul-snap-strictness: n\u00e6rhed; --tw-gradient-fra-position: ; --tw-gradient-via-position: ; --tw-gradient-til-position: ; --tw-ordinal: ; --tw-skr\u00e5streg-nul: ; --tw-numerisk-figur: ; --tw-numerisk-afstand: ; --tw-numerisk-br\u00f8k: ; --tw-ring-inds\u00e6t: ; --tw-ring-offset-bredde: 0px; --tw-ring-offset-farve: #fff; --tw-ring-farve: rgb(59 130 246 \/ 0.5); --tw-ring-offset-shadow: 0 0 #0000; --tw-ring-shadow: 0 0 #0000; --tw-shadow: 0 0 #0000; --tw-shadow-colored: 0 0 #0000; --tw-blur: ; --tw-brightness: ; --tw-contrast: ; --tw-grayscale: ; --tw-hue-rotate: ; --tw-invert: ; --tw-saturate: ; --tw-sepia: ; --tw-drop-shadow: ; --tw-baggrundssl\u00f8r: ; --tw-baggrundsbrightness: ; --tw-baggrundskontrast: ; --tw-baggrunds-grayscale: ; --tw-baggrunds-hue-rotate: ; --tw-baggrunds-invert: ; --tw-baggrunds-opacitet: ; --tw-baggrundsm\u00e6ttet: ; --tw-backdrop-sepia: ; --tw-contain-size: ; --tw-contain-layout: ; --tw-contain-paint: ; --tw-contain-style: ;\"><span style=\"color: rgb(75, 80, 88);\">Parfumeret med husets karakteristiske dufte.<\/span><\/li>\n<li style=\"--tw-border-spacing-x: 0; --tw-border-spacing-y: 0; --tw-translate-x: 0; --tw-translate-y: 0; --tw-rotate: 0; --tw-skew-x: 0; --tw-skew-y: 0; --tw-scale-x: 1; --tw-scale-y: 1; --tw-pan-x: ; --tw-pan-y: ; --tw-pinch-zoom: ; --tw-scroll-snap-strictness: proximity; --tw-gradient-from-position: ; --tw-gradient-via-position: ; --tw-gradient-to-position: ; --tw-ordinal: ; --tw-slashed-zero: ; --tw-numerisk-figur: ; --tw-numerisk-afstand: ; --tw-numerisk-fraktion: ; --tw-ring-inds\u00e6t: ; --tw-ring-offset-bredde: 0px; --tw-ring-offset-farve: #fff; --tw-ring-farve: rgb(59 130 246 \/ 0.5); --tw-ring-offset-skygge: 0 0 #0000; --tw-ring-skygge: 0 0 #0000; --tw-skygge: 0 0 #0000; --tw-skygge-farvet: 0 0 #0000; --tw-sl\u00f8ring: ; --tw-lysstyrke: ; --tw-contrast: ; --tw-grayscale: ; --tw-hue-rotate: ; --tw-invert: ; --tw-saturate: ; --tw-sepia: ; --tw-drop-shadow: ; --tw-backdrop-blur: ; --tw-backdrop-brightness: ; --tw-backdrop-contrast: ; --tw-backdrop-grayscale: ; --tw-backdrop-hue-rotate: ; --tw-backdrop-invert: ; --tw-backdrop-opacity: ; --tw-backdrop-saturate: ; --tw-backdrop-sepia: ; --tw-contain-size: ; --tw-contain-layout: ; --tw-contain-paint: ; --tw-contain-style: ;\"><span style=\"color: rgb(75, 80, 88);\">Lavt med et strejf af kokossm\u00f8r for en luksuri\u00f8s, fugtgivende badning.<\/span><\/li>\n<li style=\"--tw-border-spacing-x: 0; --tw-border-spacing-y: 0; --tw-translate-x: 0; --tw-translate-y: 0; --tw-rotate: 0; --tw-skew-x: 0; --tw-skew-y: 0; --tw-scale-x: 1; --tw-scale-y: 1; --tw-pan-x: ; --tw-pan-y: ; --tw-pinch-zoom: ; --tw-scroll-snap-strictness: proximity; --tw-gradient-from-position: ; --tw-gradient-via-position: ; --tw-gradient-to-position: ; --tw-ordinal: ; --tw-slashed-zero: ; --tw-numerisk-figur: ; --tw-numerisk-afstand: ; --tw-numerisk-fraktion: ; --tw-ring-inds\u00e6t: ; --tw-ring-offset-bredde: 0px; --tw-ring-offset-farve: #fff; --tw-ring-farve: rgb(59 130 246 \/ 0.5); --tw-ring-offset-skygge: 0 0 #0000; --tw-ring-skygge: 0 0 #0000; --tw-skygge: 0 0 #0000; --tw-skygge-farvet: 0 0 #0000; --tw-sl\u00f8ring: ; --tw-lysstyrke: ; --tw-kontrast: ; --tw-gr\u00e5toner: ; --tw-farvetone-roter: ; --tw-inverter: ; --tw-m\u00e6ttet: ; --tw-sepia: ; --tw-drop-shadow: ; --tw-baggrundssl\u00f8ring: ; --tw-baggrundslysstyrke: ; --tw-baggrundskontrast: ; --tw-baggrunds-gr\u00e5tone: ; --tw-baggrundsfarvetone-roterer: ; --tw-baggrundsvending: ; --tw-baggrunds-opacitet: ; --tw-baggrundsm\u00e6tning: ; --tw-baggrundssepia: ; --tw-contain-st\u00f8rrelse: ; --tw-contain-layout: ; --tw-contain-maling: ; --tw-contain-style: ;\"><span style=\"color: rgb(75, 80, 88);\">Hver brusekop kan bruges hel eller delt til to bade og leveres individuelt indpakket.<\/span><\/li>\n<\/ul>\n<p><span style=\"color: rgb(75, 80, 88);\"><em>1 x Syltet\u00f8jslys:<\/em><\/span><\/p>\n<ul style=\"--tw-border-spacing-x: 0; --tw-border-spacing-y: 0; --tw-translate-x: 0; --tw-translate-y: 0; --tw-rotate: 0; --tw-skew-x: 0; --tw-skew-y: 0; --tw-scale-x: 1; --tw-scale-y: 1; --tw-pan-x: ; --tw-pan-y: ; --tw-pinch-zoom: ; --tw-scroll-snap-strictness: n\u00e6rhed; --tw-gradient-from-position: ; --tw-gradient-via-position: ; --tw-gradient-to-position: ; --tw-ordinal: ; --tw-slashed-zero: ; --tw-numerisk-figur: ; --tw-numerisk-afstand: ; --tw-numerisk-fraktion: ; --tw-ring-inds\u00e6t: ; --tw-ring-offset-bredde: 0px; --tw-ring-offset-farve: #fff; --tw-ring-farve: rgb(59 130 246 \/ 0.5); --tw-ring-offset-skygge: 0 0 #0000; --tw-ring-skygge: 0 0 #0000; --tw-skygge: 0 0 #0000; --tw-skygge-farvet: 0 0 #0000; --tw-sl\u00f8ring: ; --tw-brightness: ; --tw-contrast: ; --tw-grayscale: ; --tw-hue-rotate: ; --tw-invert: ; --tw-saturate: ; --tw-sepia: ; --tw-drop-shadow: ; --tw-backdrop-blur: ; --tw-backdrop-brightness: ; --tw-backdrop-contrast: ; --tw-backdrop-grayscale: ; --tw-backdrop-hue-rotate: ; --tw-backdrop-invert: ; --tw-backdrop-opacity: ; --tw-backdrop-saturate: ; --tw-backdrop-sepia: ; --tw-contain-size: ; --tw-contain-layout: ; --tw-contain-paint: ; --tw-contain-style: ; padding: 0px; color: rgb(114, 114, 114); font-family: Raleway, sans-serif; font-size: 15px; font-style: normal; font-variant-ligatures: normal; font-variant-caps: normal; font-weight: 400; letter-spacing: normal; orphans: 2; text-align: start; text-indent: 0px; text-transform: none; widows: 2; word-spacing: 0px; -webkit-text-stroke-width: 0px; white-space: normal; text-decoration-thickness: initial; text-decoration-style: initial; text-decoration-color: initial; background-color: rgb(255, 255, 255);\">\n<li style=\"--tw-border-spacing-x: 0; --tw-border-spacing-y: 0; --tw-translate-x: 0; --tw-translate-y: 0;\"> &#8211;tw-roter: 0; &#8211;tw-sk\u00e6vhed-x: 0; &#8211;tw-sk\u00e6vhed-y: 0; &#8211;tw-skala-x: 1; &#8211;tw-skala-y: 1; &#8211;tw-pan-x: ; &#8211;tw-pan-y: ; &#8211;tw-knib-zoom: ; &#8211;tw-rul-snap-strictness: n\u00e6rhed; &#8211;tw-gradient-fra-position: ; &#8211;tw-gradient-via-position: ; &#8211;tw-gradient-til-position: ; &#8211;tw-ordinal: ; &#8211;tw-skr\u00e5streg-nul: ; &#8211;tw-numerisk-figur: ; &#8211;tw-numerisk-afstand: ; &#8211;tw-numerisk-br\u00f8k: ; &#8211;tw-ring-inds\u00e6t: ; &#8211;tw-ring-offset-bredde: 0px; &#8211;tw-ring-offset-farve: #fff; &#8211;tw-ring-color: rgb(59 130 246 \/ 0.5); &#8211;tw-ring-offset-shadow: 0 0 #0000; &#8211;tw-ring-shadow: 0 0 #0000; &#8211;tw-shadow: 0 0 #0000; &#8211;tw-shadow-colored: 0 0 #0000; &#8211;tw-blur: ; &#8211;tw-brightness: ; &#8211;tw-contrast: ; &#8211;tw-grayscale: ; &#8211;tw-hue-rotate: ; &#8211;tw-invert: ; &#8211;tw-saturate: ; &#8211;tw-sepia: ; &#8211;tw-drop-shadow: ; &#8211;tw-backdrop-blur: ; &#8211;tw-backdrop-brightness: ; &#8211;tw-backdrop-contrast: ; &#8211;tw-backdrop-grayscale: ; &#8211;tw-backdrop-hue-rotate: ; &#8211;tw-backdrop-invert: ; &#8211;tw-backdrop-opacity: ; &#8211;tw-backdrop-saturate: ; &#8211;tw-backdrop-sepia: ; &#8211;tw-contain-size: ; &#8211;tw-contain-layout: ; &#8211;tw-contain-paint: ; &#8211;tw-contain-style: ;&#8221;><span style=\"color: rgb(75, 80, 88);\">Lavt med naturlig sojavoks.<\/span><\/li>\n<li style=\"--tw-border-spacing-x: 0; --tw-border-spacing-y: 0; --tw-translate-x: 0; --tw-translate-y: 0; --tw-rotate: 0; --tw-skew-x: 0; --tw-skew-y: 0; --tw-scale-x: 1; --tw-scale-y: 1; --tw-pan-x: ; --tw-pan-y: ; --tw-pinch-zoom: ; --tw-scroll-snap-strictness: n\u00e6rhed; --tw-gradient-from-position: ; --tw-gradient-via-position: ; --tw-gradient-to-position: ; --tw-ordinal: ; --tw-slashed-zero: ; --tw-numerisk-figur: ; --tw-numerisk-afstand: ; --tw-numerisk-fraktion: ; --tw-ring-inds\u00e6t: ; --tw-ring-offset-bredde: 0px; --tw-ring-offset-farve: #fff; --tw-ring-farve: rgb(59 130 246 \/ 0.5); --tw-ring-offset-skygge: 0 0 #0000; --tw-ring-skygge: 0 0 #0000; --tw-skygge: 0 0 #0000; --tw-skygge-farvet: 0 0 #0000; --tw-sl\u00f8ring: ; --tw-brightness: ; --tw-contrast: ; --tw-grayscale: ; --tw-hue-rotate: ; --tw-invert: ; --tw-saturate: ; --tw-sepia: ; --tw-drop-shadow: ; --tw-backdrop-blur: ; --tw-backdrop-brightness: ; --tw-backdrop-contrast: ; --tw-backdrop-grayscale: ; --tw-backdrop-hue-rotate: ; --tw-backdrop-invert: ; --tw-backdrop-opacity: ; --tw-backdrop-saturate: ; --tw-backdrop-sepia: ; --tw-contain-size: ; --tw-contain-layout: ; --tw-contain-paint: ; --tw-contain-style: ;\"><span style=\"color: rgb(75, 80, 88);\">Beriget med en blanding af naturlige \u00e6teriske olier og duftolier af h\u00f8j kvalitet for en dejlig aroma.<\/span><\/li>\n<\/ul>\n<p><span style=\"color: rgb(75, 80, 88);\"><strong>G\u00f8r dine kunders oplevelse uforglemmelig med Agnes+Cat!<\/strong><\/span><\/p>\n","protected":false},"excerpt":{"rendered":"<p>Syltet\u00f8jsglas &nbsp;Lys &#8221;Parma Violet&#8221; + Badebruser &#8221;Havsalt og Mos&#8221; + Badebruser &#8221;Dolly Blue&#8221; Den perfekte gave til enhver lejlighed! Disse smukt indpakkede gave\u00e6sker er ideelle til jul, f\u00f8dselsdage, jubil\u00e6er eller enhver anden s\u00e6rlig fest. Hvad g\u00f8r dem specielle? Gavepapiret er eksklusivt designet til Agnes + Cat &ndash; Du finder det ikke andre steder! Indeni hver [&hellip;]<\/p>\n","protected":false},"featured_media":272088,"comment_status":"closed","ping_status":"open","template":"","meta":[],"product_brand":[27084],"product_cat":[6994,7029,25839,7925,7162],"product_tag":[],"class_list":{"0":"post-201015","1":"product","2":"type-product","3":"status-publish","4":"has-post-thumbnail","6":"product_brand-agnes-and-cat","7":"product_cat-bad-og-bruser","8":"product_cat-badebomber","9":"product_cat-dufte-aromaer","10":"product_cat-duftlys","11":"product_cat-gavesaet","12":"pa_collection-agnescat-gift-boxes-da","13":"pa_made-in-storbritannien","15":"first","16":"instock","17":"purchasable","18":"product-type-simple"},"supplier_id":null,"supplier_sku":"ACGP-04","barcode":null,"atum_controlled":true,"out_stock_date":null,"out_stock_threshold":null,"inheritable":false,"inbound_stock":0,"stock_on_hold":0,"sold_today":0,"sales_last_days":0,"reserved_stock":0,"customer_returns":0,"warehouse_damage":0,"lost_in_post":0,"other_logs":0,"out_stock_days":0,"lost_sales":0,"has_location":false,"update_date":"2026-01-30T01:26:29","atum_locations":[],"atum_stock_status":"instock","restock_status":false,"low_stock_amount":"","sales_update_date":"2026-01-30T01:26:29","calc_backorders":null,"_links":{"self":[{"href":"https:\/\/aromasentia.com\/da\/wp-json\/wp\/v2\/product\/201015","targetHints":{"allow":["GET"]}}],"collection":[{"href":"https:\/\/aromasentia.com\/da\/wp-json\/wp\/v2\/product"}],"about":[{"href":"https:\/\/aromasentia.com\/da\/wp-json\/wp\/v2\/types\/product"}],"replies":[{"embeddable":true,"href":"https:\/\/aromasentia.com\/da\/wp-json\/wp\/v2\/comments?post=201015"}],"version-history":[{"count":0,"href":"https:\/\/aromasentia.com\/da\/wp-json\/wp\/v2\/product\/201015\/revisions"}],"wp:featuredmedia":[{"embeddable":true,"href":"https:\/\/aromasentia.com\/da\/wp-json\/wp\/v2\/media\/272088"}],"wp:attachment":[{"href":"https:\/\/aromasentia.com\/da\/wp-json\/wp\/v2\/media?parent=201015"}],"wp:term":[{"taxonomy":"product_brand","embeddable":true,"href":"https:\/\/aromasentia.com\/da\/wp-json\/wp\/v2\/product_brand?post=201015"},{"taxonomy":"product_cat","embeddable":true,"href":"https:\/\/aromasentia.com\/da\/wp-json\/wp\/v2\/product_cat?post=201015"},{"taxonomy":"product_tag","embeddable":true,"href":"https:\/\/aromasentia.com\/da\/wp-json\/wp\/v2\/product_tag?post=201015"}],"curies":[{"name":"wp","href":"https:\/\/api.w.org\/{rel}","templated":true}]}}