{"id":201011,"date":"2025-03-20T16:15:57","date_gmt":"2025-03-20T16:15:57","guid":{"rendered":"https:\/\/aromasentia.com\/product\/red-clay-face-mask-80g\/"},"modified":"2025-06-22T03:33:35","modified_gmt":"2025-06-22T03:33:35","slug":"ansigtsmaske-af-roedt-ler-80g","status":"publish","type":"product","link":"https:\/\/aromasentia.com\/da\/ansigtsmaske-af-roedt-ler-80g\/","title":{"rendered":"Ansigtsmaske Af R\u00f8dt Ler 80g"},"content":{"rendered":"<p>Genopliv og oplys moden eller tr\u00e6t hud med vores Red Clay Face Mask. Denne 80 g-potte indeholder rigt r\u00f8dt ler, der er kendt for sit h\u00f8je indhold af jernoxid, som hj\u00e6lper med at opfriske og revitalisere hudens udseende. Det er fremragende til at forbedre hudtonen, reducere h\u00e6velser og fremme en sund gl\u00f8d. R\u00f8dt ler er s\u00e6rligt gavnligt for normal til t\u00f8r eller moden hud, da det blidt renser og bl\u00f8dg\u00f8r uden at udt\u00f8rre, s\u00e5 din hud ser str\u00e5lende ud og f\u00f8les vidunderligt glat.<\/p>\n","protected":false},"excerpt":{"rendered":"<p>Genopliv og oplys moden eller tr\u00e6t hud med vores Red Clay Face Mask. Denne 80 g-potte indeholder rigt r\u00f8dt ler, der er kendt for sit h\u00f8je indhold af jernoxid, som hj\u00e6lper med at opfriske og revitalisere hudens udseende. Det er fremragende til at forbedre hudtonen, reducere h\u00e6velser og fremme en sund gl\u00f8d. R\u00f8dt ler er [&hellip;]<\/p>\n","protected":false},"featured_media":271932,"comment_status":"closed","ping_status":"open","template":"","meta":{"_angie_page":false},"product_brand":[27084],"product_cat":[6994,7595],"product_tag":[],"class_list":{"0":"post-201011","1":"product","2":"type-product","3":"status-publish","4":"has-post-thumbnail","6":"product_brand-agnes-and-cat","7":"product_cat-bad-og-bruser","8":"product_cat-hudpleje","9":"pa_collection-ac-natural-clay-face-masks-da","10":"pa_made-in-frankrig","11":"pa_size-80g","13":"first","14":"instock","15":"purchasable","16":"product-type-simple"},"supplier_id":null,"supplier_sku":"ACFM-01DS","barcode":null,"atum_controlled":true,"out_stock_date":null,"out_stock_threshold":null,"inheritable":false,"inbound_stock":null,"stock_on_hold":0,"sold_today":0,"sales_last_days":0,"reserved_stock":null,"customer_returns":null,"warehouse_damage":null,"lost_in_post":null,"other_logs":null,"out_stock_days":0,"lost_sales":0,"has_location":null,"update_date":"2026-04-27T06:49:16","atum_locations":[],"atum_stock_status":"instock","restock_status":false,"low_stock_amount":"","sales_update_date":"2026-02-06T00:02:09","calc_backorders":null,"_links":{"self":[{"href":"https:\/\/aromasentia.com\/da\/wp-json\/wp\/v2\/product\/201011","targetHints":{"allow":["GET"]}}],"collection":[{"href":"https:\/\/aromasentia.com\/da\/wp-json\/wp\/v2\/product"}],"about":[{"href":"https:\/\/aromasentia.com\/da\/wp-json\/wp\/v2\/types\/product"}],"replies":[{"embeddable":true,"href":"https:\/\/aromasentia.com\/da\/wp-json\/wp\/v2\/comments?post=201011"}],"version-history":[{"count":0,"href":"https:\/\/aromasentia.com\/da\/wp-json\/wp\/v2\/product\/201011\/revisions"}],"wp:featuredmedia":[{"embeddable":true,"href":"https:\/\/aromasentia.com\/da\/wp-json\/wp\/v2\/media\/271932"}],"wp:attachment":[{"href":"https:\/\/aromasentia.com\/da\/wp-json\/wp\/v2\/media?parent=201011"}],"wp:term":[{"taxonomy":"product_brand","embeddable":true,"href":"https:\/\/aromasentia.com\/da\/wp-json\/wp\/v2\/product_brand?post=201011"},{"taxonomy":"product_cat","embeddable":true,"href":"https:\/\/aromasentia.com\/da\/wp-json\/wp\/v2\/product_cat?post=201011"},{"taxonomy":"product_tag","embeddable":true,"href":"https:\/\/aromasentia.com\/da\/wp-json\/wp\/v2\/product_tag?post=201011"}],"curies":[{"name":"wp","href":"https:\/\/api.w.org\/{rel}","templated":true}]}}