{"id":201010,"date":"2025-03-20T16:15:57","date_gmt":"2025-03-20T16:15:57","guid":{"rendered":"https:\/\/aromasentia.com\/product\/green-clay-face-mask-80g\/"},"modified":"2025-06-22T03:33:35","modified_gmt":"2025-06-22T03:33:35","slug":"ansigtsmaske-af-groent-ler-80g","status":"publish","type":"product","link":"https:\/\/aromasentia.com\/da\/ansigtsmaske-af-groent-ler-80g\/","title":{"rendered":"Ansigtsmaske Af Gr\u00f8nt Ler 80g"},"content":{"rendered":"<p>Afbalancer og afgift din hud med vores ansigtsmaske med gr\u00f8nt ler. Denne 80 g-beholder med fransk gr\u00f8nt ler er kendt for sine st\u00e6rkt absorberende egenskaber, hvilket g\u00f8r den yderst effektiv til fedtet, kombineret og plettet hud. Det virker som en magnet, der tr\u00e6kker urenheder, giftstoffer og overskydende olie ud af porerne, samtidig med at det giver en blid eksfoliering. Regelm\u00e6ssig brug hj\u00e6lper med at tone, klarg\u00f8re og revitalisere huden, s\u00e5 den f\u00f8les frisk, ren og smukt afbalanceret med en sund gl\u00f8d.<\/p>\n","protected":false},"excerpt":{"rendered":"<p>Afbalancer og afgift din hud med vores ansigtsmaske med gr\u00f8nt ler. Denne 80 g-beholder med fransk gr\u00f8nt ler er kendt for sine st\u00e6rkt absorberende egenskaber, hvilket g\u00f8r den yderst effektiv til fedtet, kombineret og plettet hud. Det virker som en magnet, der tr\u00e6kker urenheder, giftstoffer og overskydende olie ud af porerne, samtidig med at det [&hellip;]<\/p>\n","protected":false},"featured_media":271923,"comment_status":"closed","ping_status":"open","template":"","meta":{"_angie_page":false},"product_brand":[27084],"product_cat":[6994,7595],"product_tag":[],"class_list":{"0":"post-201010","1":"product","2":"type-product","3":"status-publish","4":"has-post-thumbnail","6":"product_brand-agnes-and-cat","7":"product_cat-bad-og-bruser","8":"product_cat-hudpleje","9":"pa_collection-ac-natural-clay-face-masks-da","10":"pa_made-in-frankrig","11":"pa_size-80g","13":"first","14":"instock","15":"purchasable","16":"product-type-simple"},"supplier_id":null,"supplier_sku":"ACFM-02DS","barcode":null,"atum_controlled":true,"out_stock_date":null,"out_stock_threshold":null,"inheritable":false,"inbound_stock":null,"stock_on_hold":0,"sold_today":0,"sales_last_days":0,"reserved_stock":null,"customer_returns":null,"warehouse_damage":null,"lost_in_post":null,"other_logs":null,"out_stock_days":0,"lost_sales":0,"has_location":null,"update_date":"2026-04-27T06:49:16","atum_locations":[],"atum_stock_status":"instock","restock_status":false,"low_stock_amount":"","sales_update_date":"2026-01-30T01:25:58","calc_backorders":null,"_links":{"self":[{"href":"https:\/\/aromasentia.com\/da\/wp-json\/wp\/v2\/product\/201010","targetHints":{"allow":["GET"]}}],"collection":[{"href":"https:\/\/aromasentia.com\/da\/wp-json\/wp\/v2\/product"}],"about":[{"href":"https:\/\/aromasentia.com\/da\/wp-json\/wp\/v2\/types\/product"}],"replies":[{"embeddable":true,"href":"https:\/\/aromasentia.com\/da\/wp-json\/wp\/v2\/comments?post=201010"}],"version-history":[{"count":0,"href":"https:\/\/aromasentia.com\/da\/wp-json\/wp\/v2\/product\/201010\/revisions"}],"wp:featuredmedia":[{"embeddable":true,"href":"https:\/\/aromasentia.com\/da\/wp-json\/wp\/v2\/media\/271923"}],"wp:attachment":[{"href":"https:\/\/aromasentia.com\/da\/wp-json\/wp\/v2\/media?parent=201010"}],"wp:term":[{"taxonomy":"product_brand","embeddable":true,"href":"https:\/\/aromasentia.com\/da\/wp-json\/wp\/v2\/product_brand?post=201010"},{"taxonomy":"product_cat","embeddable":true,"href":"https:\/\/aromasentia.com\/da\/wp-json\/wp\/v2\/product_cat?post=201010"},{"taxonomy":"product_tag","embeddable":true,"href":"https:\/\/aromasentia.com\/da\/wp-json\/wp\/v2\/product_tag?post=201010"}],"curies":[{"name":"wp","href":"https:\/\/api.w.org\/{rel}","templated":true}]}}