{"id":201009,"date":"2025-03-20T16:15:57","date_gmt":"2025-03-20T16:15:57","guid":{"rendered":"https:\/\/aromasentia.com\/product\/pink-clay-face-mask-50g\/"},"modified":"2025-06-22T03:33:35","modified_gmt":"2025-06-22T03:33:35","slug":"pink-clay-face-mask-50g","status":"publish","type":"product","link":"https:\/\/aromasentia.com\/da\/pink-clay-face-mask-50g\/","title":{"rendered":"Pink Clay Face mask 50g"},"content":{"rendered":"<p>Rens og berolig forsigtigt f\u00f8lsom hud med vores Pink Clay Face Mask. Denne 50 g-potte indeholder sart lyser\u00f8dt ler, der er kendt for sine milde eksfolierende og hudbl\u00f8dg\u00f8rende egenskaber. Den er rig p\u00e5 silica og hj\u00e6lper med at forbedre hudens elasticitet og cellefornyelse, hvilket g\u00f8r den ideel til f\u00f8lsomme, modne eller dehydrerede hudtyper. Den fjerner forsigtigt urenheder uden at fjerne den naturlige fugt, s\u00e5 din hud f\u00f8les rolig, opfrisket og smukt str\u00e5lende. En perfekt, fork\u00e6lende behandling til en blid, men effektiv detox.<\/p>\n","protected":false},"excerpt":{"rendered":"<p>Rens og berolig forsigtigt f\u00f8lsom hud med vores Pink Clay Face Mask. Denne 50 g-potte indeholder sart lyser\u00f8dt ler, der er kendt for sine milde eksfolierende og hudbl\u00f8dg\u00f8rende egenskaber. Den er rig p\u00e5 silica og hj\u00e6lper med at forbedre hudens elasticitet og cellefornyelse, hvilket g\u00f8r den ideel til f\u00f8lsomme, modne eller dehydrerede hudtyper. Den fjerner [&hellip;]<\/p>\n","protected":false},"featured_media":271914,"comment_status":"closed","ping_status":"open","template":"","meta":{"_angie_page":false},"product_brand":[27084],"product_cat":[6994,7595],"product_tag":[],"class_list":{"0":"post-201009","1":"product","2":"type-product","3":"status-publish","4":"has-post-thumbnail","6":"product_brand-agnes-and-cat","7":"product_cat-bad-og-bruser","8":"product_cat-hudpleje","9":"pa_collection-ac-natural-clay-face-masks-da","10":"pa_made-in-frankrig","12":"first","13":"instock","14":"purchasable","15":"product-type-simple"},"supplier_id":null,"supplier_sku":"ACFM-03DS","barcode":null,"atum_controlled":true,"out_stock_date":null,"out_stock_threshold":null,"inheritable":false,"inbound_stock":null,"stock_on_hold":0,"sold_today":0,"sales_last_days":0,"reserved_stock":null,"customer_returns":null,"warehouse_damage":null,"lost_in_post":null,"other_logs":null,"out_stock_days":0,"lost_sales":0,"has_location":null,"update_date":"2026-04-27T06:49:16","atum_locations":[],"atum_stock_status":"instock","restock_status":false,"low_stock_amount":"","sales_update_date":"2026-01-20T05:14:28","calc_backorders":null,"_links":{"self":[{"href":"https:\/\/aromasentia.com\/da\/wp-json\/wp\/v2\/product\/201009","targetHints":{"allow":["GET"]}}],"collection":[{"href":"https:\/\/aromasentia.com\/da\/wp-json\/wp\/v2\/product"}],"about":[{"href":"https:\/\/aromasentia.com\/da\/wp-json\/wp\/v2\/types\/product"}],"replies":[{"embeddable":true,"href":"https:\/\/aromasentia.com\/da\/wp-json\/wp\/v2\/comments?post=201009"}],"version-history":[{"count":0,"href":"https:\/\/aromasentia.com\/da\/wp-json\/wp\/v2\/product\/201009\/revisions"}],"wp:featuredmedia":[{"embeddable":true,"href":"https:\/\/aromasentia.com\/da\/wp-json\/wp\/v2\/media\/271914"}],"wp:attachment":[{"href":"https:\/\/aromasentia.com\/da\/wp-json\/wp\/v2\/media?parent=201009"}],"wp:term":[{"taxonomy":"product_brand","embeddable":true,"href":"https:\/\/aromasentia.com\/da\/wp-json\/wp\/v2\/product_brand?post=201009"},{"taxonomy":"product_cat","embeddable":true,"href":"https:\/\/aromasentia.com\/da\/wp-json\/wp\/v2\/product_cat?post=201009"},{"taxonomy":"product_tag","embeddable":true,"href":"https:\/\/aromasentia.com\/da\/wp-json\/wp\/v2\/product_tag?post=201009"}],"curies":[{"name":"wp","href":"https:\/\/api.w.org\/{rel}","templated":true}]}}