{"id":201006,"date":"2025-03-20T16:15:57","date_gmt":"2025-03-20T16:15:57","guid":{"rendered":"https:\/\/aromasentia.com\/product\/ac-fairy-dust-500g-clementine\/"},"modified":"2025-06-22T03:33:33","modified_gmt":"2025-06-22T03:33:33","slug":"ac-fairy-dust-500g-klementin","status":"publish","type":"product","link":"https:\/\/aromasentia.com\/da\/ac-fairy-dust-500g-klementin\/","title":{"rendered":"A&#038;C Fairy Dust 500g &#8211; Klementin"},"content":{"rendered":"<p>Slap af og nyd livet med <strong>Agnes og Cat Fairy Dust<\/strong>. Ligesom vores badebruser vil vores fe-st\u00f8vpulver tilf\u00f8je duft og brus til dit bad. Vores dufte er omhyggeligt udvalgt for at give dig den ultimative badeoplevelse og er lavet af <strong>britiske duftolier<\/strong> af h\u00f8j kvalitet. Friske citrus- og clementin-fe-st\u00f8v er lavet med <strong>rene \u00e6teriske olier<\/strong>.<\/p>\n<p>Disse smukke fe-st\u00f8v er lavet i sm\u00e5 partier i vores produktionslokale i Sheffield. Vores team tils\u00e6tter nogle farvede salte til pulveret for at farve dit bad let og tils\u00e6tter ogs\u00e5 lidt kakaosm\u00f8r i blandingen for blidt at bl\u00f8dg\u00f8re din hud. De vil efterlade din hud med en guddommelig og superbl\u00f8d duft! &nbsp;Vores fe-st\u00f8vpulver er vegansk.<\/p>\n<p><strong>Alt fe-st\u00f8v kommer i en Kilner-glaskrukke, der kan genbruges, n\u00e5r den er t\u00f8mt, og med en tr\u00e6ske til pr\u00e6sentation og brug som m\u00e5lev\u00e6rkt\u00f8j.<\/strong> Hver krukke indeholder 500 g fe-st\u00f8v pakket i en smuk kraftgave\u00e6ske. &nbsp;&nbsp;<\/p>\n<p><strong>BRUGSANVISNING:<\/strong> Tils\u00e6t 2-4 skefulde til et varmt bad for at opn\u00e5 den \u00f8nskede duftintensitet. Hver krukke burde r\u00e6kke til 4-5 bade.<\/p>\n<p><span style=\"color: rgb(141, 186, 216);\"><strong>Tilf\u00f8j til portef\u00f8lje nu og giv dine kunder en uforglemmelig badetid.<\/strong><\/span><\/p>\n","protected":false},"excerpt":{"rendered":"<p>Slap af og nyd livet med Agnes og Cat Fairy Dust. Ligesom vores badebruser vil vores fe-st\u00f8vpulver tilf\u00f8je duft og brus til dit bad. Vores dufte er omhyggeligt udvalgt for at give dig den ultimative badeoplevelse og er lavet af britiske duftolier af h\u00f8j kvalitet. Friske citrus- og clementin-fe-st\u00f8v er lavet med rene \u00e6teriske olier. [&hellip;]<\/p>\n","protected":false},"featured_media":271887,"comment_status":"closed","ping_status":"open","template":"","meta":{"_angie_page":false},"product_brand":[27084],"product_cat":[6994,7131],"product_tag":[],"class_list":{"0":"post-201006","1":"product","2":"type-product","3":"status-publish","4":"has-post-thumbnail","6":"product_brand-agnes-and-cat","7":"product_cat-bad-og-bruser","8":"product_cat-badesalt","9":"pa_collection-ac-fairy-dust-500g-da","10":"pa_made-in-storbritannien","11":"pa_size-500g","13":"first","14":"instock","15":"purchasable","16":"product-type-simple"},"supplier_id":null,"supplier_sku":"ACFD-07DS","barcode":null,"atum_controlled":true,"out_stock_date":null,"out_stock_threshold":null,"inheritable":false,"inbound_stock":null,"stock_on_hold":0,"sold_today":0,"sales_last_days":0,"reserved_stock":null,"customer_returns":null,"warehouse_damage":null,"lost_in_post":null,"other_logs":null,"out_stock_days":0,"lost_sales":0,"has_location":null,"update_date":"2026-04-27T06:49:16","atum_locations":[],"atum_stock_status":"instock","restock_status":false,"low_stock_amount":"","sales_update_date":"2026-01-30T01:25:58","calc_backorders":null,"_links":{"self":[{"href":"https:\/\/aromasentia.com\/da\/wp-json\/wp\/v2\/product\/201006","targetHints":{"allow":["GET"]}}],"collection":[{"href":"https:\/\/aromasentia.com\/da\/wp-json\/wp\/v2\/product"}],"about":[{"href":"https:\/\/aromasentia.com\/da\/wp-json\/wp\/v2\/types\/product"}],"replies":[{"embeddable":true,"href":"https:\/\/aromasentia.com\/da\/wp-json\/wp\/v2\/comments?post=201006"}],"version-history":[{"count":0,"href":"https:\/\/aromasentia.com\/da\/wp-json\/wp\/v2\/product\/201006\/revisions"}],"wp:featuredmedia":[{"embeddable":true,"href":"https:\/\/aromasentia.com\/da\/wp-json\/wp\/v2\/media\/271887"}],"wp:attachment":[{"href":"https:\/\/aromasentia.com\/da\/wp-json\/wp\/v2\/media?parent=201006"}],"wp:term":[{"taxonomy":"product_brand","embeddable":true,"href":"https:\/\/aromasentia.com\/da\/wp-json\/wp\/v2\/product_brand?post=201006"},{"taxonomy":"product_cat","embeddable":true,"href":"https:\/\/aromasentia.com\/da\/wp-json\/wp\/v2\/product_cat?post=201006"},{"taxonomy":"product_tag","embeddable":true,"href":"https:\/\/aromasentia.com\/da\/wp-json\/wp\/v2\/product_tag?post=201006"}],"curies":[{"name":"wp","href":"https:\/\/api.w.org\/{rel}","templated":true}]}}